{"id":843,"date":"2024-05-12T07:11:54","date_gmt":"2024-05-12T05:11:54","guid":{"rendered":"https:\/\/www.commandstrategy.com\/?page_id=843"},"modified":"2025-02-25T14:45:55","modified_gmt":"2025-02-25T13:45:55","slug":"data-driven","status":"publish","type":"page","link":"https:\/\/www.commandstrategy.com\/fr\/expertise\/it-data-consulting\/data-driven\/","title":{"rendered":"Data driven"},"content":{"rendered":"<div class=\"wpb-content-wrapper\">[vc_row bg_gradient_direction=\u00a0\u00bb0&Prime; thb_divider_position=\u00a0\u00bbbottom\u00a0\u00bb css=\u00a0\u00bb.vc_custom_1731078593331{background: #000000 url(https:\/\/www.commandstrategy.com\/wp-content\/uploads\/2024\/10\/AdobeStock_635810372-1-scaled.jpeg?id=1907) !important;background-position: center !important;background-repeat: no-repeat !important;background-size: cover !important;}\u00a0\u00bb el_class=\u00a0\u00bbsection\u00a0\u00bb bg_gradient1=\u00a0\u00bbrgba(0,0,0,0)\u00a0\u00bb bg_gradient2=\u00a0\u00bbrgba(0,0,0,0.31)\u00a0\u00bb][vc_column css=\u00a0\u00bb.vc_custom_1715414179936{padding-top: 6% !important;padding-bottom: 1% !important;}\u00a0\u00bb][vc_row_inner][vc_column_inner][vc_column_text el_class=\u00a0\u00bblight\u00a0\u00bb css=\u00a0\u00bb.vc_custom_1715061755687{padding-top: 60px !important;padding-bottom: 70px !important;background-color: #404c58 !important;}\u00a0\u00bb]\n<h1 class=\"veryfat\" style=\"text-align: center;\">IT &amp; Data Consulting<\/h1>\n[\/vc_column_text][\/vc_column_inner][\/vc_row_inner][\/vc_column][\/vc_row][vc_row thb_divider_position=\u00a0\u00bbbottom\u00a0\u00bb css=\u00a0\u00bb.vc_custom_1713854696108{margin-bottom: 0px !important;border-bottom-width: 0px !important;padding-bottom: 0px !important;}\u00a0\u00bb][vc_column css=\u00a0\u00bb.vc_custom_1715414188059{margin-bottom: 0px !important;border-bottom-width: 0px !important;padding-bottom: 0px !important;}\u00a0\u00bb][vc_row_inner content_placement=\u00a0\u00bbmiddle\u00a0\u00bb css=\u00a0\u00bb.vc_custom_1713854663614{margin-bottom: 0px !important;border-bottom-width: 0px !important;padding-bottom: 0px !important;}\u00a0\u00bb][vc_column_inner][vc_column_text]\n<h2 class=\"fat\" style=\"text-align: center;\"><span style=\"color: #b56139;\">DATA DRIVEN<\/span><\/h2>\n[\/vc_column_text][vc_column_text css=\u00a0\u00bb.vc_custom_1715491775061{margin-bottom: 20px !important;}\u00a0\u00bb el_class=\u00a0\u00bbmedium\u00a0\u00bb]\n<p style=\"text-align: justify;\">Command Strategy Advisory est un cabinet de conseil de premier plan sp\u00e9cialis\u00e9 dans la gestion de projets informatiques appliqu\u00e9s \u00e0 la finance. \u00c0 l\u2019\u00e9coute des probl\u00e9matiques de nos clients, nous adressons des missions autour de la data au sens large :<\/p>\n[\/vc_column_text][\/vc_column_inner][\/vc_row_inner][vc_row_inner content_placement=\u00a0\u00bbmiddle\u00a0\u00bb][vc_column_inner width=\u00a0\u00bb1\/4&Prime;][vc_column_text el_class=\u00a0\u00bbmedium\u00a0\u00bb]\n<p style=\"text-align: center;\"><span style=\"color: #b56139;\"><strong>DATA GOUVERNANCE<\/strong><\/span><\/p>\n[\/vc_column_text][\/vc_column_inner][vc_column_inner width=\u00a0\u00bb1\/4&Prime;][vc_column_text el_class=\u00a0\u00bbmedium\u00a0\u00bb]\n<p style=\"text-align: center;\"><span style=\"color: #b56139;\"><strong>DATA HUB<\/strong><\/span><\/p>\n[\/vc_column_text][\/vc_column_inner][vc_column_inner width=\u00a0\u00bb1\/4&Prime;][vc_column_text el_class=\u00a0\u00bbmedium\u00a0\u00bb]\n<p style=\"text-align: center;\"><span style=\"color: #b56139;\"><strong>DATA LAKE<\/strong><\/span><\/p>\n[\/vc_column_text][\/vc_column_inner][vc_column_inner width=\u00a0\u00bb1\/4&Prime;][vc_column_text el_class=\u00a0\u00bbmedium\u00a0\u00bb]\n<p style=\"text-align: center;\"><span style=\"color: #b56139;\"><strong>DATA MART<\/strong><\/span><\/p>\n[\/vc_column_text][\/vc_column_inner][\/vc_row_inner][vc_row_inner content_placement=\u00a0\u00bbmiddle\u00a0\u00bb][vc_column_inner width=\u00a0\u00bb1\/3&Prime;][vc_column_text el_class=\u00a0\u00bbmedium\u00a0\u00bb]\n<p style=\"text-align: center;\"><span style=\"color: #b56139;\"><strong>DATA MINING<\/strong><\/span><\/p>\n[\/vc_column_text][\/vc_column_inner][vc_column_inner width=\u00a0\u00bb1\/3&Prime;][vc_column_text el_class=\u00a0\u00bbmedium\u00a0\u00bb]\n<p style=\"text-align: center;\"><span style=\"color: #b56139;\"><strong>DATA FLOW<\/strong><\/span><\/p>\n[\/vc_column_text][\/vc_column_inner][vc_column_inner width=\u00a0\u00bb1\/3&Prime;][vc_column_text el_class=\u00a0\u00bbmedium\u00a0\u00bb]\n<p style=\"text-align: center;\"><span style=\"color: #b56139;\"><strong>BIG DATA<\/strong><\/span><\/p>\n[\/vc_column_text][\/vc_column_inner][\/vc_row_inner][\/vc_column][\/vc_row][vc_row thb_divider_position=\u00a0\u00bbbottom\u00a0\u00bb css=\u00a0\u00bb.vc_custom_1715494954147{margin-top: -50px !important;margin-bottom: 80px !important;border-bottom-width: 0px !important;padding-bottom: 0px !important;background-color: #ffffff !important;}\u00a0\u00bb][vc_column css=\u00a0\u00bb.vc_custom_1715414212397{margin-bottom: 0px !important;border-bottom-width: 0px !important;padding-bottom: 0px !important;}\u00a0\u00bb][vc_row_inner content_placement=\u00a0\u00bbmiddle\u00a0\u00bb css=\u00a0\u00bb.vc_custom_1713854663614{margin-bottom: 0px !important;border-bottom-width: 0px !important;padding-bottom: 0px !important;}\u00a0\u00bb][vc_column_inner][vc_column_text el_class=\u00a0\u00bbfat\u00a0\u00bb]\n<h2 style=\"text-align: center;\">Vos enjeux<\/h2>\n[\/vc_column_text][vc_column_text el_class=\u00a0\u00bbmedium\u00a0\u00bb]\n<div class=\"page\" title=\"Page 19\">\n<div class=\"section\">\n<div class=\"layoutArea\">\n<div class=\"column\">\n<p><strong>C\u2019est aupre\u0300s de nos clients, a\u0300 travers nos diffe\u0301rentes missions re\u0301alise\u0301es et en cours de re\u0301alisation, que nous nous sommes forge\u0301s une ide\u0301e tre\u0300s pre\u0301cise des enjeux autour de la the\u0301matique Data Driven :<\/strong><\/p>\n<\/div>\n<\/div>\n<\/div>\n<\/div>\n[\/vc_column_text][\/vc_column_inner][\/vc_row_inner][vc_row_inner content_placement=\u00a0\u00bbtop\u00a0\u00bb][vc_column_inner el_class=\u00a0\u00bbtiretbleu\u00a0\u00bb width=\u00a0\u00bb1\/3&Prime; css=\u00a0\u00bb.vc_custom_1722496540955{margin-bottom: 25px !important;background-color: #dddcd7 !important;}\u00a0\u00bb][vc_column_text el_class=\u00a0\u00bbtall\u00a0\u00bb css=\u00a0\u00bb.vc_custom_1715493537183{padding-top: 25px !important;}\u00a0\u00bb]\n<p style=\"text-align: left;\"><span style=\"color: #b56139;\"><strong>Fiabiliser les donne\u0301es, simplifier leur collecte <\/strong><\/span>en y associant les bons moyens de contro\u0302le de la source a\u0300 leur diffusion sont des facteurs cle\u0301s et de\u0301terminants pour assurer une qualite\u0301 optimale de l\u2019information<\/p>\n[\/vc_column_text][\/vc_column_inner][vc_column_inner el_class=\u00a0\u00bbtiretbleu\u00a0\u00bb width=\u00a0\u00bb1\/3&Prime; css=\u00a0\u00bb.vc_custom_1722496545218{margin-bottom: 25px !important;background-color: #dddcd7 !important;}\u00a0\u00bb][vc_column_text el_class=\u00a0\u00bbtall\u00a0\u00bb css=\u00a0\u00bb.vc_custom_1715493574337{padding-top: 25px !important;}\u00a0\u00bb]\n<p style=\"text-align: left;\"><span style=\"color: #b56139;\"><strong>Am\u00e9liorer la gestion des risques,<\/strong><\/span> pallier la perte de clients, d\u00e9tecter des fraudes, cr\u00e9er des rapports pr\u00e9cis (AML, BASEL, KYC, RGPD) et am\u00e9liorer la s\u00e9curit\u00e9 et la confidentialit\u00e9 des donn\u00e9es gr\u00e2ce \u00e0 la gestion d\u2019un r\u00e9f\u00e9rentiel centralis\u00e9.<\/p>\n[\/vc_column_text][\/vc_column_inner][vc_column_inner el_class=\u00a0\u00bbtiretbleu\u00a0\u00bb width=\u00a0\u00bb1\/3&Prime; css=\u00a0\u00bb.vc_custom_1722496550144{margin-bottom: 25px !important;background-color: #dddcd7 !important;}\u00a0\u00bb][vc_column_text el_class=\u00a0\u00bbtall\u00a0\u00bb css=\u00a0\u00bb.vc_custom_1715493642066{padding-top: 25px !important;}\u00a0\u00bb]\n<p style=\"text-align: left;\"><span style=\"color: #b56139;\"><strong>Mettre en place les solutions IT<\/strong><\/span> adapt\u00e9es \u00e0 votre syst\u00e8me d\u2019information et \u00e0 vos besoins.<\/p>\n[\/vc_column_text][\/vc_column_inner][\/vc_row_inner][vc_row_inner content_placement=\u00a0\u00bbtop\u00a0\u00bb][vc_column_inner el_class=\u00a0\u00bbtiretbleu\u00a0\u00bb width=\u00a0\u00bb1\/3&Prime; css=\u00a0\u00bb.vc_custom_1722496554226{margin-bottom: 25px !important;background-color: #dddcd7 !important;}\u00a0\u00bb][vc_column_text el_class=\u00a0\u00bbtall\u00a0\u00bb css=\u00a0\u00bb.vc_custom_1715493816096{padding-top: 25px !important;}\u00a0\u00bb]\n<p style=\"text-align: left;\"><span style=\"color: #b56139;\"><strong>Architecturer vos donn\u00e9es <\/strong><\/span>de telle sorte que la maintenance et les \u00e9volutions y soient facilit\u00e9es.<\/p>\n[\/vc_column_text][\/vc_column_inner][vc_column_inner el_class=\u00a0\u00bbtiretbleu\u00a0\u00bb width=\u00a0\u00bb1\/3&Prime; css=\u00a0\u00bb.vc_custom_1722496558217{margin-bottom: 25px !important;background-color: #dddcd7 !important;}\u00a0\u00bb][vc_column_text el_class=\u00a0\u00bbtall\u00a0\u00bb css=\u00a0\u00bb.vc_custom_1715493863714{padding-top: 25px !important;}\u00a0\u00bb]\n<p style=\"text-align: left;\"><span style=\"color: #b56139;\"><strong>Documenter les processus de fa\u00e7on synth\u00e9tique <\/strong><\/span> mais aussi d\u00e9taill\u00e9e afin de faciliter et s\u00e9curiser les turn-over d\u2019effectifs de nos clients.[\/vc_column_text][\/vc_column_inner][vc_column_inner el_class=\u00a0\u00bbtiretbleu\u00a0\u00bb width=\u00a0\u00bb1\/3&Prime; css=\u00a0\u00bb.vc_custom_1722496562635{margin-bottom: 25px !important;background-color: #dddcd7 !important;}\u00a0\u00bb][vc_column_text el_class=\u00a0\u00bbtall\u00a0\u00bb css=\u00a0\u00bb.vc_custom_1715493919313{padding-top: 25px !important;}\u00a0\u00bb]\n<p style=\"text-align: left;\"><span style=\"color: #b56139;\"><strong>Se tenir inform\u00e9 en permanence des innovations<\/strong><\/span> et benchmarker les solutions les plus adapt\u00e9es \u00e0 nos clients en lien avec l\u2019univers DATA.<\/p>\n[\/vc_column_text][\/vc_column_inner][\/vc_row_inner][\/vc_column][\/vc_row]\n<\/div>","protected":false},"excerpt":{"rendered":"<p>[vc_row bg_gradient_direction=\u00a0\u00bb0&Prime; thb_divider_position=\u00a0\u00bbbottom\u00a0\u00bb css=\u00a0\u00bb.vc_custom_1731078593331{background: #000000 url(https:\/\/www.commandstrategy.com\/wp-content\/uploads\/2024\/10\/AdobeStock_635810372-1-scaled.jpeg?id=1907) !important;background-position: center !important;background-repeat: no-repeat !important;background-size: cover !important;}\u00a0\u00bb el_class=\u00a0\u00bbsection\u00a0\u00bb bg_gradient1=\u00a0\u00bbrgba(0,0,0,0)\u00a0\u00bb bg_gradient2=\u00a0\u00bbrgba(0,0,0,0.31)\u00a0\u00bb][vc_column css=\u00a0\u00bb.vc_custom_1715414179936{padding-top: 6% !important;padding-bottom: 1% !important;}\u00a0\u00bb][vc_row_inner][vc_column_inner][vc_column_text el_class=\u00a0\u00bblight\u00a0\u00bb css=\u00a0\u00bb.vc_custom_1715061755687{padding-top: 60px !important;padding-bottom:&hellip;<\/p>\n","protected":false},"author":1,"featured_media":0,"parent":628,"menu_order":0,"comment_status":"closed","ping_status":"closed","template":"","meta":{"ub_ctt_via":"","footnotes":""},"class_list":["post-843","page","type-page","status-publish","hentry"],"featured_image_src":null,"yoast_head":"<!-- This site is optimized with the Yoast SEO plugin v25.2 - https:\/\/yoast.com\/wordpress\/plugins\/seo\/ -->\n<title>Data Driven - Command Strategy<\/title>\n<meta name=\"description\" content=\"Mettez vos donn\u00e9es au service de la strat\u00e9gie avec notre approche Data Driven pour une prise de d\u00e9cision plus efficace.\" \/>\n<meta name=\"robots\" content=\"index, follow, max-snippet:-1, max-image-preview:large, max-video-preview:-1\" \/>\n<link rel=\"canonical\" href=\"https:\/\/www.commandstrategy.com\/fr\/expertise\/it-data-consulting\/data-driven\/\" \/>\n<meta property=\"og:locale\" content=\"fr_FR\" \/>\n<meta property=\"og:type\" content=\"article\" \/>\n<meta property=\"og:title\" content=\"Data Driven - Command Strategy\" \/>\n<meta property=\"og:description\" content=\"Mettez vos donn\u00e9es au service de la strat\u00e9gie avec notre approche Data Driven pour une prise de d\u00e9cision plus efficace.\" \/>\n<meta property=\"og:url\" content=\"https:\/\/www.commandstrategy.com\/fr\/expertise\/it-data-consulting\/data-driven\/\" \/>\n<meta property=\"og:site_name\" content=\"Command Strategy\" \/>\n<meta property=\"article:modified_time\" content=\"2025-02-25T13:45:55+00:00\" \/>\n<meta name=\"twitter:card\" content=\"summary_large_image\" \/>\n<meta name=\"twitter:label1\" content=\"Dur\u00e9e de lecture estim\u00e9e\" \/>\n\t<meta name=\"twitter:data1\" content=\"3 minutes\" \/>\n<script type=\"application\/ld+json\" class=\"yoast-schema-graph\">{\"@context\":\"https:\/\/schema.org\",\"@graph\":[{\"@type\":\"WebPage\",\"@id\":\"https:\/\/www.commandstrategy.com\/fr\/expertise\/it-data-consulting\/data-driven\/\",\"url\":\"https:\/\/www.commandstrategy.com\/fr\/expertise\/it-data-consulting\/data-driven\/\",\"name\":\"Data Driven - Command Strategy\",\"isPartOf\":{\"@id\":\"https:\/\/www.commandstrategy.com\/fr\/#website\"},\"datePublished\":\"2024-05-12T05:11:54+00:00\",\"dateModified\":\"2025-02-25T13:45:55+00:00\",\"description\":\"Mettez vos donn\u00e9es au service de la strat\u00e9gie avec notre approche Data Driven pour une prise de d\u00e9cision plus efficace.\",\"breadcrumb\":{\"@id\":\"https:\/\/www.commandstrategy.com\/fr\/expertise\/it-data-consulting\/data-driven\/#breadcrumb\"},\"inLanguage\":\"fr-FR\",\"potentialAction\":[{\"@type\":\"ReadAction\",\"target\":[\"https:\/\/www.commandstrategy.com\/fr\/expertise\/it-data-consulting\/data-driven\/\"]}]},{\"@type\":\"BreadcrumbList\",\"@id\":\"https:\/\/www.commandstrategy.com\/fr\/expertise\/it-data-consulting\/data-driven\/#breadcrumb\",\"itemListElement\":[{\"@type\":\"ListItem\",\"position\":1,\"name\":\"Accueil\",\"item\":\"https:\/\/www.commandstrategy.com\/fr\/\"},{\"@type\":\"ListItem\",\"position\":2,\"name\":\"Notre expertise\",\"item\":\"https:\/\/www.commandstrategy.com\/fr\/expertise\/\"},{\"@type\":\"ListItem\",\"position\":3,\"name\":\"IT &#038; Data Consulting\",\"item\":\"https:\/\/www.commandstrategy.com\/fr\/expertise\/it-data-consulting\/\"},{\"@type\":\"ListItem\",\"position\":4,\"name\":\"Data driven\"}]},{\"@type\":\"WebSite\",\"@id\":\"https:\/\/www.commandstrategy.com\/fr\/#website\",\"url\":\"https:\/\/www.commandstrategy.com\/fr\/\",\"name\":\"Command Strategy\",\"description\":\"\",\"publisher\":{\"@id\":\"https:\/\/www.commandstrategy.com\/fr\/#organization\"},\"potentialAction\":[{\"@type\":\"SearchAction\",\"target\":{\"@type\":\"EntryPoint\",\"urlTemplate\":\"https:\/\/www.commandstrategy.com\/fr\/?s={search_term_string}\"},\"query-input\":{\"@type\":\"PropertyValueSpecification\",\"valueRequired\":true,\"valueName\":\"search_term_string\"}}],\"inLanguage\":\"fr-FR\"},{\"@type\":\"Organization\",\"@id\":\"https:\/\/www.commandstrategy.com\/fr\/#organization\",\"name\":\"Command Strategy\",\"url\":\"https:\/\/www.commandstrategy.com\/fr\/\",\"logo\":{\"@type\":\"ImageObject\",\"inLanguage\":\"fr-FR\",\"@id\":\"https:\/\/www.commandstrategy.com\/fr\/#\/schema\/logo\/image\/\",\"url\":\"https:\/\/www.commandstrategy.com\/wp-content\/uploads\/2023\/10\/LogoCommandStrategy_Orange-1.jpg\",\"contentUrl\":\"https:\/\/www.commandstrategy.com\/wp-content\/uploads\/2023\/10\/LogoCommandStrategy_Orange-1.jpg\",\"width\":964,\"height\":458,\"caption\":\"Command Strategy\"},\"image\":{\"@id\":\"https:\/\/www.commandstrategy.com\/fr\/#\/schema\/logo\/image\/\"}}]}<\/script>\n<!-- \/ Yoast SEO plugin. -->","yoast_head_json":{"title":"Data Driven - Command Strategy","description":"Mettez vos donn\u00e9es au service de la strat\u00e9gie avec notre approche Data Driven pour une prise de d\u00e9cision plus efficace.","robots":{"index":"index","follow":"follow","max-snippet":"max-snippet:-1","max-image-preview":"max-image-preview:large","max-video-preview":"max-video-preview:-1"},"canonical":"https:\/\/www.commandstrategy.com\/fr\/expertise\/it-data-consulting\/data-driven\/","og_locale":"fr_FR","og_type":"article","og_title":"Data Driven - Command Strategy","og_description":"Mettez vos donn\u00e9es au service de la strat\u00e9gie avec notre approche Data Driven pour une prise de d\u00e9cision plus efficace.","og_url":"https:\/\/www.commandstrategy.com\/fr\/expertise\/it-data-consulting\/data-driven\/","og_site_name":"Command Strategy","article_modified_time":"2025-02-25T13:45:55+00:00","twitter_card":"summary_large_image","twitter_misc":{"Dur\u00e9e de lecture estim\u00e9e":"3 minutes"},"schema":{"@context":"https:\/\/schema.org","@graph":[{"@type":"WebPage","@id":"https:\/\/www.commandstrategy.com\/fr\/expertise\/it-data-consulting\/data-driven\/","url":"https:\/\/www.commandstrategy.com\/fr\/expertise\/it-data-consulting\/data-driven\/","name":"Data Driven - Command Strategy","isPartOf":{"@id":"https:\/\/www.commandstrategy.com\/fr\/#website"},"datePublished":"2024-05-12T05:11:54+00:00","dateModified":"2025-02-25T13:45:55+00:00","description":"Mettez vos donn\u00e9es au service de la strat\u00e9gie avec notre approche Data Driven pour une prise de d\u00e9cision plus efficace.","breadcrumb":{"@id":"https:\/\/www.commandstrategy.com\/fr\/expertise\/it-data-consulting\/data-driven\/#breadcrumb"},"inLanguage":"fr-FR","potentialAction":[{"@type":"ReadAction","target":["https:\/\/www.commandstrategy.com\/fr\/expertise\/it-data-consulting\/data-driven\/"]}]},{"@type":"BreadcrumbList","@id":"https:\/\/www.commandstrategy.com\/fr\/expertise\/it-data-consulting\/data-driven\/#breadcrumb","itemListElement":[{"@type":"ListItem","position":1,"name":"Accueil","item":"https:\/\/www.commandstrategy.com\/fr\/"},{"@type":"ListItem","position":2,"name":"Notre expertise","item":"https:\/\/www.commandstrategy.com\/fr\/expertise\/"},{"@type":"ListItem","position":3,"name":"IT &#038; Data Consulting","item":"https:\/\/www.commandstrategy.com\/fr\/expertise\/it-data-consulting\/"},{"@type":"ListItem","position":4,"name":"Data driven"}]},{"@type":"WebSite","@id":"https:\/\/www.commandstrategy.com\/fr\/#website","url":"https:\/\/www.commandstrategy.com\/fr\/","name":"Command Strategy","description":"","publisher":{"@id":"https:\/\/www.commandstrategy.com\/fr\/#organization"},"potentialAction":[{"@type":"SearchAction","target":{"@type":"EntryPoint","urlTemplate":"https:\/\/www.commandstrategy.com\/fr\/?s={search_term_string}"},"query-input":{"@type":"PropertyValueSpecification","valueRequired":true,"valueName":"search_term_string"}}],"inLanguage":"fr-FR"},{"@type":"Organization","@id":"https:\/\/www.commandstrategy.com\/fr\/#organization","name":"Command Strategy","url":"https:\/\/www.commandstrategy.com\/fr\/","logo":{"@type":"ImageObject","inLanguage":"fr-FR","@id":"https:\/\/www.commandstrategy.com\/fr\/#\/schema\/logo\/image\/","url":"https:\/\/www.commandstrategy.com\/wp-content\/uploads\/2023\/10\/LogoCommandStrategy_Orange-1.jpg","contentUrl":"https:\/\/www.commandstrategy.com\/wp-content\/uploads\/2023\/10\/LogoCommandStrategy_Orange-1.jpg","width":964,"height":458,"caption":"Command Strategy"},"image":{"@id":"https:\/\/www.commandstrategy.com\/fr\/#\/schema\/logo\/image\/"}}]}},"rttpg_featured_image_url":null,"rttpg_author":{"display_name":"Plateforme de strategie digitale","author_link":"https:\/\/www.commandstrategy.com\/fr\/author\/plateforme-de-strategie-digitale\/"},"rttpg_comment":0,"rttpg_category":false,"rttpg_excerpt":"[vc_row bg_gradient_direction=\u00a0\u00bb0&Prime; thb_divider_position=\u00a0\u00bbbottom\u00a0\u00bb css=\u00a0\u00bb.vc_custom_1731078593331{background: #000000 url(https:\/\/www.commandstrategy.com\/wp-content\/uploads\/2024\/10\/AdobeStock_635810372-1-scaled.jpeg?id=1907) !important;background-position: center !important;background-repeat: no-repeat !important;background-size: cover !important;}\u00a0\u00bb el_class=\u00a0\u00bbsection\u00a0\u00bb bg_gradient1=\u00a0\u00bbrgba(0,0,0,0)\u00a0\u00bb bg_gradient2=\u00a0\u00bbrgba(0,0,0,0.31)\u00a0\u00bb][vc_column css=\u00a0\u00bb.vc_custom_1715414179936{padding-top: 6% !important;padding-bottom: 1% !important;}\u00a0\u00bb][vc_row_inner][vc_column_inner][vc_column_text el_class=\u00a0\u00bblight\u00a0\u00bb css=\u00a0\u00bb.vc_custom_1715061755687{padding-top: 60px !important;padding-bottom:&hellip;","_links":{"self":[{"href":"https:\/\/www.commandstrategy.com\/fr\/wp-json\/wp\/v2\/pages\/843","targetHints":{"allow":["GET"]}}],"collection":[{"href":"https:\/\/www.commandstrategy.com\/fr\/wp-json\/wp\/v2\/pages"}],"about":[{"href":"https:\/\/www.commandstrategy.com\/fr\/wp-json\/wp\/v2\/types\/page"}],"author":[{"embeddable":true,"href":"https:\/\/www.commandstrategy.com\/fr\/wp-json\/wp\/v2\/users\/1"}],"replies":[{"embeddable":true,"href":"https:\/\/www.commandstrategy.com\/fr\/wp-json\/wp\/v2\/comments?post=843"}],"version-history":[{"count":32,"href":"https:\/\/www.commandstrategy.com\/fr\/wp-json\/wp\/v2\/pages\/843\/revisions"}],"predecessor-version":[{"id":2340,"href":"https:\/\/www.commandstrategy.com\/fr\/wp-json\/wp\/v2\/pages\/843\/revisions\/2340"}],"up":[{"embeddable":true,"href":"https:\/\/www.commandstrategy.com\/fr\/wp-json\/wp\/v2\/pages\/628"}],"wp:attachment":[{"href":"https:\/\/www.commandstrategy.com\/fr\/wp-json\/wp\/v2\/media?parent=843"}],"curies":[{"name":"wp","href":"https:\/\/api.w.org\/{rel}","templated":true}]}}