{"id":2807,"date":"2024-12-12T17:31:03","date_gmt":"2024-12-12T16:31:03","guid":{"rendered":"https:\/\/www.commandstrategy.com\/?page_id=2807"},"modified":"2025-02-25T15:36:08","modified_gmt":"2025-02-25T14:36:08","slug":"risque-de-liquidite","status":"publish","type":"page","link":"https:\/\/www.commandstrategy.com\/fr\/expertise\/risk-management\/risque-de-liquidite\/","title":{"rendered":"Risque de Liquidit\u00e9"},"content":{"rendered":"<div class=\"wpb-content-wrapper\">[vc_row bg_gradient_direction=\u00a0\u00bb0&Prime; thb_divider_position=\u00a0\u00bbbottom\u00a0\u00bb css=\u00a0\u00bb.vc_custom_1734082563906{background: #000000 url(https:\/\/www.commandstrategy.com\/wp-content\/uploads\/2024\/10\/a.jpg?id=1989) !important;background-position: center !important;background-repeat: no-repeat !important;background-size: cover !important;}\u00a0\u00bb el_class=\u00a0\u00bbsection\u00a0\u00bb bg_gradient1=\u00a0\u00bbrgba(0,0,0,0)\u00a0\u00bb bg_gradient2=\u00a0\u00bbrgba(0,0,0,0.31)\u00a0\u00bb][vc_column css=\u00a0\u00bb.vc_custom_1715255878000{padding-top: 6% !important;padding-bottom: 1% !important;}\u00a0\u00bb][vc_row_inner][vc_column_inner][vc_column_text el_class=\u00a0\u00bblight\u00a0\u00bb css=\u00a0\u00bb.vc_custom_1725463226846{padding-top: 30px !important;padding-bottom: 40px !important;background-color: #375d97 !important;}\u00a0\u00bb]\n<h1 class=\"veryfat\" style=\"text-align: center;\">Risk Management<\/h1>\n[\/vc_column_text][\/vc_column_inner][\/vc_row_inner][\/vc_column][\/vc_row][vc_row thb_divider_position=\u00a0\u00bbbottom\u00a0\u00bb css=\u00a0\u00bb.vc_custom_1713854696108{margin-bottom: 0px !important;border-bottom-width: 0px !important;padding-bottom: 0px !important;}\u00a0\u00bb][vc_column css=\u00a0\u00bb.vc_custom_1715255885094{margin-bottom: 0px !important;border-bottom-width: 0px !important;padding-bottom: 0px !important;}\u00a0\u00bb][vc_row_inner content_placement=\u00a0\u00bbmiddle\u00a0\u00bb css=\u00a0\u00bb.vc_custom_1713854663614{margin-bottom: 0px !important;border-bottom-width: 0px !important;padding-bottom: 0px !important;}\u00a0\u00bb][vc_column_inner][vc_column_text el_class=\u00a0\u00bbfat robo\u00a0\u00bb css=\u00a0\u00bb.vc_custom_1734020902353{margin-bottom: 0px !important;}\u00a0\u00bb]\n<h2 style=\"text-align: center;\"><span style=\"color: #375d97;\">Risque de Liquidit\u00e9<\/span><\/h2>\n[\/vc_column_text][\/vc_column_inner][\/vc_row_inner][\/vc_column][\/vc_row][vc_row thb_row_padding=\u00a0\u00bbtrue\u00a0\u00bb thb_divider_position=\u00a0\u00bbbottom\u00a0\u00bb css=\u00a0\u00bb.vc_custom_1717049276775{margin-top: 40px !important;background-color: #ffffff !important;}\u00a0\u00bb el_class=\u00a0\u00bbnopaddingwrapper\u00a0\u00bb][vc_column css=\u00a0\u00bb.vc_custom_1734086160137{padding-top: 5% !important;padding-bottom: 5% !important;background: #ffffff url(https:\/\/www.commandstrategy.com\/wp-content\/uploads\/2024\/10\/iStock-1188541327-scaled.jpg?id=1937) !important;background-position: center !important;background-repeat: no-repeat !important;background-size: cover !important;}\u00a0\u00bb el_class=\u00a0\u00bbnopaddingwrapper\u00a0\u00bb][vc_row_inner el_class=\u00a0\u00bbnopaddingwrapper speblocblanc\u00a0\u00bb css=\u00a0\u00bb.vc_custom_1717057283516{margin-right: 10% !important;margin-left: 10% !important;}\u00a0\u00bb][vc_column_inner el_class=\u00a0\u00bbnopaddingwrapper\u00a0\u00bb width=\u00a0\u00bb1\/3&Prime;][\/vc_column_inner][vc_column_inner el_class=\u00a0\u00bbnopaddingwrapper\u00a0\u00bb width=\u00a0\u00bb2\/3&Prime; css=\u00a0\u00bb.vc_custom_1714149417083{margin-right: 0px !important;border-right-width: 0px !important;padding-right: 0px !important;background-color: #ffffff !important;}\u00a0\u00bb][vc_column_text el_class=\u00a0\u00bbmedium nopaddingwrapper\u00a0\u00bb css=\u00a0\u00bb.vc_custom_1738244170868{margin-right: 0px !important;border-right-width: 0px !important;padding-top: 8% !important;padding-right: 8% !important;padding-bottom: 4% !important;padding-left: 8% !important;}\u00a0\u00bb]\n<p style=\"text-align: justify;\">Command Strategy aide ses clients \u00e0 g\u00e9rer le risque de liquidit\u00e9 pour garantir leur capacit\u00e9 \u00e0 faire face \u00e0 leurs obligations financi\u00e8res \u00e0 court et moyen terme.<\/p>\n[\/vc_column_text][\/vc_column_inner][\/vc_row_inner][\/vc_column][\/vc_row][vc_row thb_divider_position=\u00a0\u00bbbottom\u00a0\u00bb css=\u00a0\u00bb.vc_custom_1713951434629{margin-bottom: 70px !important;}\u00a0\u00bb][vc_column][vc_row_inner content_placement=\u00a0\u00bbmiddle\u00a0\u00bb css=\u00a0\u00bb.vc_custom_1717154871932{margin-top: 40px !important;margin-bottom: 0px !important;border-bottom-width: 0px !important;padding-bottom: 0px !important;}\u00a0\u00bb][vc_column_inner][vc_column_text css=\u00a0\u00bb.vc_custom_1734001193654{margin-bottom: 0px !important;}\u00a0\u00bb]\n<h2 class=\"fat\" style=\"text-align: center;\">Notre Accompagnement<\/h2>\n[\/vc_column_text][\/vc_column_inner][\/vc_row_inner][vc_tta_accordion shape=\u00a0\u00bbsquare\u00a0\u00bb c_position=\u00a0\u00bbright\u00a0\u00bb active_section=\u00a0\u00bbnan\u00a0\u00bb collapsible_all=\u00a0\u00bbtrue\u00a0\u00bb el_class=\u00a0\u00bbaccobleu2&Prime;][vc_tta_section title=\u00a0\u00bbProjets R\u00e9glementaires et de Conformit\u00e9\u00a0\u00bb tab_id=\u00a0\u00bb1717749410840-dcf51e37-3b98&Prime;][vc_column_text el_class=\u00a0\u00bbcta\u00a0\u00bb css=\u00a0\u00bb.vc_custom_1738244218805{padding-bottom: 30px !important;}\u00a0\u00bb]\n<ul>\n<li style=\"text-align: justify;\">Respect des exigences B\u00e2le III et ratios de liquidit\u00e9 (LCR, NSFR) : S\u2019assurer que l\u2019institution respecte les ratios r\u00e9glementaires de liquidit\u00e9 impos\u00e9s par B\u00e2le III, notamment le Liquidity Coverage Ratio (LCR) et le Net Stable Funding Ratio (NSFR).<\/li>\n<li style=\"text-align: justify;\">Mise en conformit\u00e9 avec les exigences des superviseurs : Veiller \u00e0 l\u2019application des recommandations des r\u00e9gulateurs sur la gestion du risque de liquidit\u00e9 et des sc\u00e9narios de crise.<\/li>\n<li style=\"text-align: justify;\">Reporting r\u00e9glementaire et transparence : Mettre en place des processus robustes de reporting pour assurer une communication efficace avec les r\u00e9gulateurs et anticiper les \u00e9volutions des exigences en mati\u00e8re de liquidit\u00e9.<\/li>\n<\/ul>\n[\/vc_column_text][\/vc_tta_section][vc_tta_section title=\u00a0\u00bbPilotage des risques et production des indicateurs\u00a0\u00bb tab_id=\u00a0\u00bb1721744914434-9bfeb159-d1ed\u00a0\u00bb][vc_column_text]\n<ul>\n<li style=\"text-align: justify;\">Suivi des positions de liquidit\u00e9 et des besoins de financement : D\u00e9velopper des outils permettant d\u2019\u00e9valuer en temps r\u00e9el les flux de tr\u00e9sorerie, les actifs liquides et les besoins en financement \u00e0 court et long terme.<\/li>\n<li style=\"text-align: justify;\">D\u00e9finition et suivi des indicateurs cl\u00e9s de liquidit\u00e9 : Mettre en place des m\u00e9triques telles que le Liquidity Coverage Ratio (LCR), le Net Stable Funding Ratio (NSFR) et le Cash Flow at Risk (CFaR) pour anticiper d\u2019\u00e9ventuelles tensions de liquidit\u00e9.<\/li>\n<li style=\"text-align: justify;\">Syst\u00e8mes d\u2019alerte et gestion des crises de liquidit\u00e9 : \u00c9laborer des dispositifs de surveillance et des seuils d\u2019alerte pour d\u00e9tecter et pr\u00e9venir toute d\u00e9t\u00e9rioration de la situation de liquidit\u00e9.<\/li>\n<\/ul>\n[\/vc_column_text][\/vc_tta_section][vc_tta_section title=\u00a0\u00bbMod\u00e9lisation et analyse quantitative\u00a0\u00bb tab_id=\u00a0\u00bb1734014450265-ad6affef-2bbf\u00a0\u00bb][vc_column_text]\n<ul>\n<li style=\"text-align: justify;\">Sc\u00e9narios de stress tests de liquidit\u00e9 : \u00c9laborer et tester des sc\u00e9narios de crise de liquidit\u00e9 (choc de march\u00e9, retrait massif de d\u00e9p\u00f4ts, fermeture des march\u00e9s de financement) pour \u00e9valuer la r\u00e9silience de l\u2019institution.<\/li>\n<li style=\"text-align: justify;\">Pr\u00e9visions et simulations des flux de tr\u00e9sorerie : Utiliser des mod\u00e8les avanc\u00e9s pour projeter les besoins en liquidit\u00e9 et anticiper les d\u00e9ficits potentiels.<\/li>\n<li style=\"text-align: justify;\">Optimisation des buffers de liquidit\u00e9 : D\u00e9terminer les niveaux optimaux de r\u00e9serves de liquidit\u00e9 en tenant compte des contraintes r\u00e9glementaires et des co\u00fbts d\u2019opportunit\u00e9 li\u00e9s \u00e0 la d\u00e9tention d\u2019actifs liquides.<\/li>\n<\/ul>\n[\/vc_column_text][\/vc_tta_section][vc_tta_section title=\u00a0\u00bbTransformation des Syst\u00e8mes d\u2019Information et Optimisation des Processus\u00a0\u00bb tab_id=\u00a0\u00bb1734015253317-e93a0108-1c4e\u00a0\u00bb][vc_column_text]\n<ul>\n<li style=\"text-align: justify;\">Modernisation des outils de gestion de la liquidit\u00e9 : D\u00e9ployer des solutions technologiques avanc\u00e9es pour automatiser le suivi et la gestion des flux de liquidit\u00e9, avec une vision consolid\u00e9e en temps r\u00e9el.<\/li>\n<li style=\"text-align: justify;\">Optimisation des processus de gestion des liquidit\u00e9s : Revoir et rationaliser les proc\u00e9dures internes pour am\u00e9liorer l\u2019efficacit\u00e9 du pilotage de la liquidit\u00e9 et r\u00e9duire les inefficacit\u00e9s.<\/li>\n<\/ul>\n[\/vc_column_text][\/vc_tta_section][vc_tta_section title=\u00a0\u00bbAccompagnement Op\u00e9rationnel et mont\u00e9e en comp\u00e9tence\u00a0\u00bb tab_id=\u00a0\u00bb1738245265458-3388ad11-3807&Prime;][vc_column_text]\n<ul>\n<li style=\"text-align: justify;\">Formation des \u00e9quipes sur la gestion du risque de liquidit\u00e9 : Organiser des sessions de formation pour sensibiliser les collaborateurs aux enjeux du risque de liquidit\u00e9 et aux meilleures pratiques du secteur.<\/li>\n<li style=\"text-align: justify;\">Renforcement des capacit\u00e9s de gestion en temps de crise : Accompagner les \u00e9quipes dans la mise en place de strat\u00e9gies et de plans de contingence pour faire face aux crises de liquidit\u00e9.<\/li>\n<li style=\"text-align: justify;\">Mise en place d\u2019une gouvernance robuste de la liquidit\u00e9 : Aider les institutions \u00e0 structurer un cadre de gouvernance efficace pour la prise de d\u00e9cision et le suivi des risques de liquidit\u00e9.<\/li>\n<\/ul>\n[\/vc_column_text][\/vc_tta_section][\/vc_tta_accordion][\/vc_column][\/vc_row]\n<\/div>","protected":false},"excerpt":{"rendered":"<p>[vc_row bg_gradient_direction=\u00a0\u00bb0&Prime; thb_divider_position=\u00a0\u00bbbottom\u00a0\u00bb css=\u00a0\u00bb.vc_custom_1734082563906{background: #000000 url(https:\/\/www.commandstrategy.com\/wp-content\/uploads\/2024\/10\/a.jpg?id=1989) !important;background-position: center !important;background-repeat: no-repeat !important;background-size: cover !important;}\u00a0\u00bb el_class=\u00a0\u00bbsection\u00a0\u00bb bg_gradient1=\u00a0\u00bbrgba(0,0,0,0)\u00a0\u00bb bg_gradient2=\u00a0\u00bbrgba(0,0,0,0.31)\u00a0\u00bb][vc_column css=\u00a0\u00bb.vc_custom_1715255878000{padding-top: 6% !important;padding-bottom: 1% !important;}\u00a0\u00bb][vc_row_inner][vc_column_inner][vc_column_text el_class=\u00a0\u00bblight\u00a0\u00bb css=\u00a0\u00bb.vc_custom_1725463226846{padding-top: 30px !important;padding-bottom:&hellip;<\/p>\n","protected":false},"author":2,"featured_media":0,"parent":757,"menu_order":0,"comment_status":"closed","ping_status":"closed","template":"","meta":{"ub_ctt_via":"","footnotes":""},"class_list":["post-2807","page","type-page","status-publish","hentry"],"featured_image_src":null,"yoast_head":"<!-- This site is optimized with the Yoast SEO plugin v25.2 - https:\/\/yoast.com\/wordpress\/plugins\/seo\/ -->\n<title>Risque de Liquidit\u00e9 - Command Strategy<\/title>\n<meta name=\"description\" content=\"G\u00e9rez le risque de liquidit\u00e9 efficacement avec l&#039;expertise de Command Strategy pour assurer la stabilit\u00e9 financi\u00e8re de votre entreprise.\" \/>\n<meta name=\"robots\" content=\"index, follow, max-snippet:-1, max-image-preview:large, max-video-preview:-1\" \/>\n<link rel=\"canonical\" href=\"https:\/\/www.commandstrategy.com\/fr\/expertise\/risk-management\/risque-de-liquidite\/\" \/>\n<meta property=\"og:locale\" content=\"fr_FR\" \/>\n<meta property=\"og:type\" content=\"article\" \/>\n<meta property=\"og:title\" content=\"Risque de Liquidit\u00e9 - Command Strategy\" \/>\n<meta property=\"og:description\" content=\"G\u00e9rez le risque de liquidit\u00e9 efficacement avec l&#039;expertise de Command Strategy pour assurer la stabilit\u00e9 financi\u00e8re de votre entreprise.\" \/>\n<meta property=\"og:url\" content=\"https:\/\/www.commandstrategy.com\/fr\/expertise\/risk-management\/risque-de-liquidite\/\" \/>\n<meta property=\"og:site_name\" content=\"Command Strategy\" \/>\n<meta property=\"article:modified_time\" content=\"2025-02-25T14:36:08+00:00\" \/>\n<meta name=\"twitter:card\" content=\"summary_large_image\" \/>\n<meta name=\"twitter:label1\" content=\"Dur\u00e9e de lecture estim\u00e9e\" \/>\n\t<meta name=\"twitter:data1\" content=\"4 minutes\" \/>\n<script type=\"application\/ld+json\" class=\"yoast-schema-graph\">{\"@context\":\"https:\/\/schema.org\",\"@graph\":[{\"@type\":\"WebPage\",\"@id\":\"https:\/\/www.commandstrategy.com\/fr\/expertise\/risk-management\/risque-de-liquidite\/\",\"url\":\"https:\/\/www.commandstrategy.com\/fr\/expertise\/risk-management\/risque-de-liquidite\/\",\"name\":\"Risque de Liquidit\u00e9 - Command Strategy\",\"isPartOf\":{\"@id\":\"https:\/\/www.commandstrategy.com\/fr\/#website\"},\"datePublished\":\"2024-12-12T16:31:03+00:00\",\"dateModified\":\"2025-02-25T14:36:08+00:00\",\"description\":\"G\u00e9rez le risque de liquidit\u00e9 efficacement avec l'expertise de Command Strategy pour assurer la stabilit\u00e9 financi\u00e8re de votre entreprise.\",\"breadcrumb\":{\"@id\":\"https:\/\/www.commandstrategy.com\/fr\/expertise\/risk-management\/risque-de-liquidite\/#breadcrumb\"},\"inLanguage\":\"fr-FR\",\"potentialAction\":[{\"@type\":\"ReadAction\",\"target\":[\"https:\/\/www.commandstrategy.com\/fr\/expertise\/risk-management\/risque-de-liquidite\/\"]}]},{\"@type\":\"BreadcrumbList\",\"@id\":\"https:\/\/www.commandstrategy.com\/fr\/expertise\/risk-management\/risque-de-liquidite\/#breadcrumb\",\"itemListElement\":[{\"@type\":\"ListItem\",\"position\":1,\"name\":\"Accueil\",\"item\":\"https:\/\/www.commandstrategy.com\/fr\/\"},{\"@type\":\"ListItem\",\"position\":2,\"name\":\"Notre expertise\",\"item\":\"https:\/\/www.commandstrategy.com\/fr\/expertise\/\"},{\"@type\":\"ListItem\",\"position\":3,\"name\":\"Risk Management\",\"item\":\"https:\/\/www.commandstrategy.com\/fr\/expertise\/risk-management\/\"},{\"@type\":\"ListItem\",\"position\":4,\"name\":\"Risque de Liquidit\u00e9\"}]},{\"@type\":\"WebSite\",\"@id\":\"https:\/\/www.commandstrategy.com\/fr\/#website\",\"url\":\"https:\/\/www.commandstrategy.com\/fr\/\",\"name\":\"Command Strategy\",\"description\":\"\",\"publisher\":{\"@id\":\"https:\/\/www.commandstrategy.com\/fr\/#organization\"},\"potentialAction\":[{\"@type\":\"SearchAction\",\"target\":{\"@type\":\"EntryPoint\",\"urlTemplate\":\"https:\/\/www.commandstrategy.com\/fr\/?s={search_term_string}\"},\"query-input\":{\"@type\":\"PropertyValueSpecification\",\"valueRequired\":true,\"valueName\":\"search_term_string\"}}],\"inLanguage\":\"fr-FR\"},{\"@type\":\"Organization\",\"@id\":\"https:\/\/www.commandstrategy.com\/fr\/#organization\",\"name\":\"Command Strategy\",\"url\":\"https:\/\/www.commandstrategy.com\/fr\/\",\"logo\":{\"@type\":\"ImageObject\",\"inLanguage\":\"fr-FR\",\"@id\":\"https:\/\/www.commandstrategy.com\/fr\/#\/schema\/logo\/image\/\",\"url\":\"https:\/\/www.commandstrategy.com\/wp-content\/uploads\/2023\/10\/LogoCommandStrategy_Orange-1.jpg\",\"contentUrl\":\"https:\/\/www.commandstrategy.com\/wp-content\/uploads\/2023\/10\/LogoCommandStrategy_Orange-1.jpg\",\"width\":964,\"height\":458,\"caption\":\"Command Strategy\"},\"image\":{\"@id\":\"https:\/\/www.commandstrategy.com\/fr\/#\/schema\/logo\/image\/\"}}]}<\/script>\n<!-- \/ Yoast SEO plugin. -->","yoast_head_json":{"title":"Risque de Liquidit\u00e9 - Command Strategy","description":"G\u00e9rez le risque de liquidit\u00e9 efficacement avec l'expertise de Command Strategy pour assurer la stabilit\u00e9 financi\u00e8re de votre entreprise.","robots":{"index":"index","follow":"follow","max-snippet":"max-snippet:-1","max-image-preview":"max-image-preview:large","max-video-preview":"max-video-preview:-1"},"canonical":"https:\/\/www.commandstrategy.com\/fr\/expertise\/risk-management\/risque-de-liquidite\/","og_locale":"fr_FR","og_type":"article","og_title":"Risque de Liquidit\u00e9 - Command Strategy","og_description":"G\u00e9rez le risque de liquidit\u00e9 efficacement avec l'expertise de Command Strategy pour assurer la stabilit\u00e9 financi\u00e8re de votre entreprise.","og_url":"https:\/\/www.commandstrategy.com\/fr\/expertise\/risk-management\/risque-de-liquidite\/","og_site_name":"Command Strategy","article_modified_time":"2025-02-25T14:36:08+00:00","twitter_card":"summary_large_image","twitter_misc":{"Dur\u00e9e de lecture estim\u00e9e":"4 minutes"},"schema":{"@context":"https:\/\/schema.org","@graph":[{"@type":"WebPage","@id":"https:\/\/www.commandstrategy.com\/fr\/expertise\/risk-management\/risque-de-liquidite\/","url":"https:\/\/www.commandstrategy.com\/fr\/expertise\/risk-management\/risque-de-liquidite\/","name":"Risque de Liquidit\u00e9 - Command Strategy","isPartOf":{"@id":"https:\/\/www.commandstrategy.com\/fr\/#website"},"datePublished":"2024-12-12T16:31:03+00:00","dateModified":"2025-02-25T14:36:08+00:00","description":"G\u00e9rez le risque de liquidit\u00e9 efficacement avec l'expertise de Command Strategy pour assurer la stabilit\u00e9 financi\u00e8re de votre entreprise.","breadcrumb":{"@id":"https:\/\/www.commandstrategy.com\/fr\/expertise\/risk-management\/risque-de-liquidite\/#breadcrumb"},"inLanguage":"fr-FR","potentialAction":[{"@type":"ReadAction","target":["https:\/\/www.commandstrategy.com\/fr\/expertise\/risk-management\/risque-de-liquidite\/"]}]},{"@type":"BreadcrumbList","@id":"https:\/\/www.commandstrategy.com\/fr\/expertise\/risk-management\/risque-de-liquidite\/#breadcrumb","itemListElement":[{"@type":"ListItem","position":1,"name":"Accueil","item":"https:\/\/www.commandstrategy.com\/fr\/"},{"@type":"ListItem","position":2,"name":"Notre expertise","item":"https:\/\/www.commandstrategy.com\/fr\/expertise\/"},{"@type":"ListItem","position":3,"name":"Risk Management","item":"https:\/\/www.commandstrategy.com\/fr\/expertise\/risk-management\/"},{"@type":"ListItem","position":4,"name":"Risque de Liquidit\u00e9"}]},{"@type":"WebSite","@id":"https:\/\/www.commandstrategy.com\/fr\/#website","url":"https:\/\/www.commandstrategy.com\/fr\/","name":"Command Strategy","description":"","publisher":{"@id":"https:\/\/www.commandstrategy.com\/fr\/#organization"},"potentialAction":[{"@type":"SearchAction","target":{"@type":"EntryPoint","urlTemplate":"https:\/\/www.commandstrategy.com\/fr\/?s={search_term_string}"},"query-input":{"@type":"PropertyValueSpecification","valueRequired":true,"valueName":"search_term_string"}}],"inLanguage":"fr-FR"},{"@type":"Organization","@id":"https:\/\/www.commandstrategy.com\/fr\/#organization","name":"Command Strategy","url":"https:\/\/www.commandstrategy.com\/fr\/","logo":{"@type":"ImageObject","inLanguage":"fr-FR","@id":"https:\/\/www.commandstrategy.com\/fr\/#\/schema\/logo\/image\/","url":"https:\/\/www.commandstrategy.com\/wp-content\/uploads\/2023\/10\/LogoCommandStrategy_Orange-1.jpg","contentUrl":"https:\/\/www.commandstrategy.com\/wp-content\/uploads\/2023\/10\/LogoCommandStrategy_Orange-1.jpg","width":964,"height":458,"caption":"Command Strategy"},"image":{"@id":"https:\/\/www.commandstrategy.com\/fr\/#\/schema\/logo\/image\/"}}]}},"rttpg_featured_image_url":null,"rttpg_author":{"display_name":"Tidia YETTOU","author_link":"https:\/\/www.commandstrategy.com\/fr\/author\/cmds\/"},"rttpg_comment":0,"rttpg_category":false,"rttpg_excerpt":"[vc_row bg_gradient_direction=\u00a0\u00bb0&Prime; thb_divider_position=\u00a0\u00bbbottom\u00a0\u00bb css=\u00a0\u00bb.vc_custom_1734082563906{background: #000000 url(https:\/\/www.commandstrategy.com\/wp-content\/uploads\/2024\/10\/a.jpg?id=1989) !important;background-position: center !important;background-repeat: no-repeat !important;background-size: cover !important;}\u00a0\u00bb el_class=\u00a0\u00bbsection\u00a0\u00bb bg_gradient1=\u00a0\u00bbrgba(0,0,0,0)\u00a0\u00bb bg_gradient2=\u00a0\u00bbrgba(0,0,0,0.31)\u00a0\u00bb][vc_column css=\u00a0\u00bb.vc_custom_1715255878000{padding-top: 6% !important;padding-bottom: 1% !important;}\u00a0\u00bb][vc_row_inner][vc_column_inner][vc_column_text el_class=\u00a0\u00bblight\u00a0\u00bb css=\u00a0\u00bb.vc_custom_1725463226846{padding-top: 30px !important;padding-bottom:&hellip;","_links":{"self":[{"href":"https:\/\/www.commandstrategy.com\/fr\/wp-json\/wp\/v2\/pages\/2807","targetHints":{"allow":["GET"]}}],"collection":[{"href":"https:\/\/www.commandstrategy.com\/fr\/wp-json\/wp\/v2\/pages"}],"about":[{"href":"https:\/\/www.commandstrategy.com\/fr\/wp-json\/wp\/v2\/types\/page"}],"author":[{"embeddable":true,"href":"https:\/\/www.commandstrategy.com\/fr\/wp-json\/wp\/v2\/users\/2"}],"replies":[{"embeddable":true,"href":"https:\/\/www.commandstrategy.com\/fr\/wp-json\/wp\/v2\/comments?post=2807"}],"version-history":[{"count":6,"href":"https:\/\/www.commandstrategy.com\/fr\/wp-json\/wp\/v2\/pages\/2807\/revisions"}],"predecessor-version":[{"id":3866,"href":"https:\/\/www.commandstrategy.com\/fr\/wp-json\/wp\/v2\/pages\/2807\/revisions\/3866"}],"up":[{"embeddable":true,"href":"https:\/\/www.commandstrategy.com\/fr\/wp-json\/wp\/v2\/pages\/757"}],"wp:attachment":[{"href":"https:\/\/www.commandstrategy.com\/fr\/wp-json\/wp\/v2\/media?parent=2807"}],"curies":[{"name":"wp","href":"https:\/\/api.w.org\/{rel}","templated":true}]}}