{"id":2495,"date":"2024-11-13T17:02:13","date_gmt":"2024-11-13T16:02:13","guid":{"rendered":"https:\/\/www.commandstrategy.com\/?page_id=2495"},"modified":"2025-02-25T16:49:02","modified_gmt":"2025-02-25T15:49:02","slug":"programme-de-formation-calculs-assurantiels-en-fgaap-et-en-ifrs-9","status":"publish","type":"page","link":"https:\/\/www.commandstrategy.com\/fr\/programme-de-formation-calculs-assurantiels-en-fgaap-et-en-ifrs-9\/","title":{"rendered":"Programme de formation &#8211; Calculs Assurantiels en FGAAP et en IFRS 9"},"content":{"rendered":"<div class=\"wpb-content-wrapper\">[vc_row bg_gradient_direction=\u00a0\u00bb0&Prime; thb_divider_position=\u00a0\u00bbbottom\u00a0\u00bb css=\u00a0\u00bb.vc_custom_1730728496583{background: #000000 url(https:\/\/www.commandstrategy.com\/wp-content\/uploads\/2024\/11\/4.png?id=2067) !important;background-position: center !important;background-repeat: no-repeat !important;background-size: cover !important;}\u00a0\u00bb el_class=\u00a0\u00bbsection\u00a0\u00bb bg_gradient1=\u00a0\u00bbrgba(0,0,0,0)\u00a0\u00bb bg_gradient2=\u00a0\u00bbrgba(0,0,0,0.31)\u00a0\u00bb][vc_column css=\u00a0\u00bb.vc_custom_1715255253184{padding-top: 6% !important;padding-bottom: 1% !important;}\u00a0\u00bb][vc_row_inner][vc_column_inner][vc_column_text el_class=\u00a0\u00bblight\u00a0\u00bb]\n<h1 class=\"veryfat\" style=\"text-align: center;\">Programme de Formation<\/h1>\n[\/vc_column_text][\/vc_column_inner][\/vc_row_inner][\/vc_column][\/vc_row][vc_row thb_full_width=\u00a0\u00bbtrue\u00a0\u00bb thb_row_padding=\u00a0\u00bbtrue\u00a0\u00bb thb_column_padding=\u00a0\u00bbtrue\u00a0\u00bb thb_divider_position=\u00a0\u00bbbottom\u00a0\u00bb css=\u00a0\u00bb.vc_custom_1714158411037{margin-right: 0px !important;border-right-width: 0px !important;padding-right: 0px !important;background-position: center !important;background-repeat: no-repeat !important;background-size: cover !important;}\u00a0\u00bb el_class=\u00a0\u00bbnopaddingwrapper\u00a0\u00bb][vc_column css=\u00a0\u00bb.vc_custom_1714158467926{padding-top: 4% !important;padding-bottom: 2% !important;}\u00a0\u00bb el_class=\u00a0\u00bbnopaddingwrapper\u00a0\u00bb][vc_column_text]\n<h1 class=\"thb-fadetype-entry\" style=\"text-align: center;\">Gestion et Comptabilit\u00e9 des actifs pour un assureur en multinormes &#8211; CALCULS ASSURANTIELS EN FGAAP ET IFRS 9<\/h1>\n[\/vc_column_text][\/vc_column][\/vc_row][vc_row thb_divider_position=\u00a0\u00bbbottom\u00a0\u00bb css=\u00a0\u00bb.vc_custom_1731424254838{background-color: #f3f6f8 !important;}\u00a0\u00bb][vc_column][vc_row_inner][vc_column_inner width=\u00a0\u00bb2\/3&Prime;][vc_text_separator title=\u00a0\u00bbApproche P\u00e9dagogique\u00a0\u00bb title_align=\u00a0\u00bbseparator_align_left\u00a0\u00bb color=\u00a0\u00bbsandy_brown\u00a0\u00bb][vc_column_text]\n<ul>\n<li style=\"text-align: justify;\">Adaptation du discours selon les comp\u00e9tences des collaborateurs form\u00e9s ;<\/li>\n<li style=\"text-align: justify;\">Cas pratique illustratifs pour les sujets calculatoires, via supports Excel ;<\/li>\n<li style=\"text-align: justify;\">Exercices applicatifs pour chaque th\u00e9matique, avec correction ;<\/li>\n<li style=\"text-align: justify;\">QCM de validation des acquis, r\u00e9alis\u00e9s en fin de chapitre, via application web ;<\/li>\n<li style=\"text-align: justify;\">Suivi post-formation, pour r\u00e9pondre aux \u00e9ventuelles questions en aval.<\/li>\n<\/ul>\n[\/vc_column_text][vc_text_separator title=\u00a0\u00bbObjectifs\u00a0\u00bb title_align=\u00a0\u00bbseparator_align_left\u00a0\u00bb color=\u00a0\u00bbsandy_brown\u00a0\u00bb][vc_column_text]\n<ul>\n<li style=\"text-align: justify;\">Ma\u00eetriser les diff\u00e9rents calculs assurantiels \u00e0 travers la production financi\u00e8re multinormes.<\/li>\n<li style=\"text-align: justify;\">Assimiler les diff\u00e9rentes rubriques de la production financi\u00e8re et leurs interactions<\/li>\n<li style=\"text-align: justify;\">Se sensibiliser \u00e0 l\u2019importance et l\u2019enjeu de la fiabilisation des calculs assurantiels.<\/li>\n<\/ul>\n[\/vc_column_text][vc_text_separator title=\u00a0\u00bbContenu\u00a0\u00bb title_align=\u00a0\u00bbseparator_align_left\u00a0\u00bb color=\u00a0\u00bbsandy_brown\u00a0\u00bb][vc_column_text]8 heures de formations, scind\u00e9es en plusieurs parties :<\/p>\n<ul>\n<li>Introduction : Contraintes et r\u00e8glementations, Certification du r\u00e9sultat financier<\/li>\n<li>Production financi\u00e8re vs inventaire : Portefeuille, titres et tiers<\/li>\n<li>Calculs Assurantiels : Revenus, Amortissement, PMVR &amp; ResCapi, R\u00e9\u00e9valuation, Provisions (PDD\/ECL)<\/li>\n<li>Productions financi\u00e8res et exemples<\/li>\n<li>Calculs Assurantiels et Reportings : reportings r\u00e8glementaires<\/li>\n<\/ul>\n[\/vc_column_text][vc_text_separator title=\u00a0\u00bbLivrables\u00a0\u00bb title_align=\u00a0\u00bbseparator_align_left\u00a0\u00bb color=\u00a0\u00bbsandy_brown\u00a0\u00bb][vc_column_text]\n<ul>\n<li style=\"text-align: justify;\">Support de formation (format PDF) et exemples applicatifs (format Excel)<\/li>\n<li style=\"text-align: justify;\">Questions\/R\u00e9ponses sur le contenu de la formation<\/li>\n<li style=\"text-align: justify;\">Synth\u00e8se des questionnaires d&rsquo;\u00e9valuation compl\u00e9t\u00e9s par les collaborateurs form\u00e9s<\/li>\n<\/ul>\n[\/vc_column_text][\/vc_column_inner][vc_column_inner width=\u00a0\u00bb1\/3&Prime;]\t<div id=\"thb-iconbox-69f5f5a022738\" class=\"thb-iconbox top type2    animation-off h200\" href=\"\" target=\"_self\" data-animation_speed=\"1.5\">\n\t\t\t\t\t\t<figure>\n\t\t\t<svg xmlns=\"http:\/\/www.w3.org\/2000\/svg\" viewBox=\"0 0 64 64\" enable-background=\"new 0 0 64 64\"><g fill=\"none\" stroke=\"#000\" stroke-width=\"2\" stroke-miterlimit=\"10\"><path d=\"m53.92 10.08c12.11 12.11 12.11 31.732 0 43.838-12.11 12.11-31.734 12.11-43.84 0-12.11-12.11-12.11-31.732 0-43.838 12.11-12.11 31.733-12.11 43.84 0z\"\/><path d=\"m32 12v20l9 9\"\/><path d=\"m4 32h4\"\/><path d=\"m56 32h4\"\/><path d=\"m32 60v-4\"\/><path d=\"m32 8v-4\"\/><\/g><\/svg>\t\t<\/figure>\n\t\t\t\t<div class=\"iconbox-content\">\n\t\t\t\t\t\t\t<h5>Format<\/h5>\t\t\t<div class=\"thb-iconbox-text\">\n\t\t\t\t<p>- 08 heures<\/p>\n<p>- En pr\u00e9sentiel ou distanciel<\/p>\n\t\t\t<\/div>\n\t\t<\/div>\n\t\t\t\t\t\t<style>\n\t\t\t\t\t\t\t\t\t#thb-iconbox-69f5f5a022738.thb-iconbox figure svg path,\n\t\t\t#thb-iconbox-69f5f5a022738.thb-iconbox figure svg circle,\n\t\t\t#thb-iconbox-69f5f5a022738.thb-iconbox figure svg rect,\n\t\t\t#thb-iconbox-69f5f5a022738.thb-iconbox figure svg ellipse {\n\t\t\t\tstroke: #f17b20;\n\t\t\t}\n\t\t\t\t\t\t\t\t\t\t\t\t\t#thb-iconbox-69f5f5a022738.thb-iconbox.type2:hover {\n\t\t\t\t\tbackground-color: #629fb9;\n\t\t\t\t\tborder-color: #629fb9;\n\t\t\t\t}\n\t\t\t\t#thb-iconbox-69f5f5a022738.thb-iconbox.type3:after {\n\t\t\t\t\tbox-shadow: inset 0 -75px 60px -35px #629fb9;\n\t\t\t\t}\n\t\t\t\t\t\t\t\t\t\t\t\t\/* Hover *\/\n\t\t\t\t\t\t\t\t\t\t\t\t  #thb-iconbox-69f5f5a022738.thb-iconbox .iconbox-content p {\n\t\t\t\t  font-size: 16px;\n\t\t\t  }\n\t\t\t\t\t<\/style>\n\t\t\t<\/div>\n\t\t<div id=\"thb-iconbox-69f5f5a022911\" class=\"thb-iconbox top type2 has-img   animation-off h200\" href=\"\" target=\"_self\" data-animation_speed=\"1.5\">\n\t\t\t\t\t\t<figure>\n\t\t\t\t\t\t\t<div class=\"iconbox-image\">\n\t\t\t\t\t<img loading=\"lazy\" decoding=\"async\" width=\"128\" height=\"128\" src=\"data:image\/gif;base64,R0lGODlhAQABAAAAACH5BAEKAAEALAAAAAABAAEAAAICTAEAOw==\" class=\"thb_image lazyload attachment-full thb-lazyload lazyload\" alt=\"\" title=\"groupe (2)\" sizes=\"auto, (max-width: 128px) 100vw, 128px\" data-src=\"https:\/\/www.commandstrategy.com\/wp-content\/uploads\/2024\/11\/groupe-2.png\" data-sizes=\"auto\" data-srcset=\"https:\/\/www.commandstrategy.com\/wp-content\/uploads\/2024\/11\/groupe-2.png 128w, https:\/\/www.commandstrategy.com\/wp-content\/uploads\/2024\/11\/groupe-2-20x20.png 20w\" \/>\t\t\t\t\t\t\t\t\t<\/div>\n\t\t\t\t\t\t<\/figure>\n\t\t\t\t<div class=\"iconbox-content\">\n\t\t\t\t\t\t\t<h5>Public<\/h5>\t\t\t<div class=\"thb-iconbox-text\">\n\t\t\t\t<p>- Formation accessible uniquement aux professionnels<\/p>\n\t\t\t<\/div>\n\t\t<\/div>\n\t\t\t\t\t\t<style>\n\t\t\t\t\t\t\t\t\t#thb-iconbox-69f5f5a022911.thb-iconbox figure svg path,\n\t\t\t#thb-iconbox-69f5f5a022911.thb-iconbox figure svg circle,\n\t\t\t#thb-iconbox-69f5f5a022911.thb-iconbox figure svg rect,\n\t\t\t#thb-iconbox-69f5f5a022911.thb-iconbox figure svg ellipse {\n\t\t\t\tstroke: #f17b20;\n\t\t\t}\n\t\t\t\t\t\t\t\t\t\t\t\t\t#thb-iconbox-69f5f5a022911.thb-iconbox.type2:hover {\n\t\t\t\t\tbackground-color: #629fb9;\n\t\t\t\t\tborder-color: #629fb9;\n\t\t\t\t}\n\t\t\t\t#thb-iconbox-69f5f5a022911.thb-iconbox.type3:after {\n\t\t\t\t\tbox-shadow: inset 0 -75px 60px -35px #629fb9;\n\t\t\t\t}\n\t\t\t\t\t\t\t\t\t\t\t\t\/* Hover *\/\n\t\t\t\t\t\t\t\t\t\t\t\t  #thb-iconbox-69f5f5a022911.thb-iconbox .iconbox-content p {\n\t\t\t\t  font-size: 16px;\n\t\t\t  }\n\t\t\t\t\t<\/style>\n\t\t\t<\/div>\n\t\t<div id=\"thb-iconbox-69f5f5a022fc9\" class=\"thb-iconbox top type2    animation-off h200\" href=\"\" target=\"_self\" data-animation_speed=\"1.5\">\n\t\t\t\t\t\t<figure>\n\t\t\t<svg xmlns=\"http:\/\/www.w3.org\/2000\/svg\" viewBox=\"0 0 64 64\" enable-background=\"new 0 0 64 64\"><g fill=\"none\" stroke=\"#000\" stroke-width=\"2\" stroke-miterlimit=\"10\"><path d=\"m23 8h-13v55h44v-55h-13\"\/><path d=\"m36 5v-4h-8v4h-4l-2 8h20l-2-8z\"\/><path d=\"m14 13h36v46h-36z\"\/><\/g><\/svg>\t\t<\/figure>\n\t\t\t\t<div class=\"iconbox-content\">\n\t\t\t\t\t\t\t<h5>Pr\u00e9requis<\/h5>\t\t\t<div class=\"thb-iconbox-text\">\n\t\t\t\t<p>- Pas de pr\u00e9requis attendus<\/p>\n\t\t\t<\/div>\n\t\t<\/div>\n\t\t\t\t\t\t<style>\n\t\t\t\t\t\t\t\t\t#thb-iconbox-69f5f5a022fc9.thb-iconbox figure svg path,\n\t\t\t#thb-iconbox-69f5f5a022fc9.thb-iconbox figure svg circle,\n\t\t\t#thb-iconbox-69f5f5a022fc9.thb-iconbox figure svg rect,\n\t\t\t#thb-iconbox-69f5f5a022fc9.thb-iconbox figure svg ellipse {\n\t\t\t\tstroke: #f17b20;\n\t\t\t}\n\t\t\t\t\t\t\t\t\t\t\t\t\t#thb-iconbox-69f5f5a022fc9.thb-iconbox.type2:hover {\n\t\t\t\t\tbackground-color: #629fb9;\n\t\t\t\t\tborder-color: #629fb9;\n\t\t\t\t}\n\t\t\t\t#thb-iconbox-69f5f5a022fc9.thb-iconbox.type3:after {\n\t\t\t\t\tbox-shadow: inset 0 -75px 60px -35px #629fb9;\n\t\t\t\t}\n\t\t\t\t\t\t\t\t\t\t\t\t\/* Hover *\/\n\t\t\t\t\t\t\t\t\t\t\t\t  #thb-iconbox-69f5f5a022fc9.thb-iconbox .iconbox-content p {\n\t\t\t\t  font-size: 16px;\n\t\t\t  }\n\t\t\t\t\t<\/style>\n\t\t\t<\/div>\n\t[\/vc_column_inner][\/vc_row_inner][\/vc_column][\/vc_row][vc_row thb_column_padding=\u00a0\u00bbtrue\u00a0\u00bb content_placement=\u00a0\u00bbmiddle\u00a0\u00bb thb_divider_position=\u00a0\u00bbbottom\u00a0\u00bb][vc_column][vc_column_text animation=\u00a0\u00bbanimation fade-in\u00a0\u00bb]\n<h2 style=\"text-align: center;\"><a href=\"https:\/\/www.commandstrategy.com\/contact\/\" target=\"_blank\" rel=\"noopener\">Demander un devis \u2192<\/a><\/h2>\n[\/vc_column_text][\/vc_column][\/vc_row]\n<\/div>","protected":false},"excerpt":{"rendered":"<p>[vc_row bg_gradient_direction=\u00a0\u00bb0&Prime; thb_divider_position=\u00a0\u00bbbottom\u00a0\u00bb css=\u00a0\u00bb.vc_custom_1730728496583{background: #000000 url(https:\/\/www.commandstrategy.com\/wp-content\/uploads\/2024\/11\/4.png?id=2067) !important;background-position: center !important;background-repeat: no-repeat !important;background-size: cover !important;}\u00a0\u00bb el_class=\u00a0\u00bbsection\u00a0\u00bb bg_gradient1=\u00a0\u00bbrgba(0,0,0,0)\u00a0\u00bb bg_gradient2=\u00a0\u00bbrgba(0,0,0,0.31)\u00a0\u00bb][vc_column css=\u00a0\u00bb.vc_custom_1715255253184{padding-top: 6% !important;padding-bottom: 1% !important;}\u00a0\u00bb][vc_row_inner][vc_column_inner][vc_column_text el_class=\u00a0\u00bblight\u00a0\u00bb] Programme de Formation&hellip;<\/p>\n","protected":false},"author":2,"featured_media":0,"parent":0,"menu_order":0,"comment_status":"closed","ping_status":"closed","template":"","meta":{"ub_ctt_via":"","footnotes":""},"class_list":["post-2495","page","type-page","status-publish","hentry"],"featured_image_src":null,"yoast_head":"<!-- This site is optimized with the Yoast SEO plugin v25.2 - https:\/\/yoast.com\/wordpress\/plugins\/seo\/ -->\n<title>Programme de formation - Calculs Assurantiels en FGAAP et en IFRS 9 - Command Strategy<\/title>\n<meta name=\"description\" content=\"Ma\u00eetrisez les calculs assurantiels en FGAAP et IFRS 9 avec notre programme de formation d\u00e9di\u00e9, con\u00e7u pour renforcer vos comp\u00e9tences techniques.\" \/>\n<meta name=\"robots\" content=\"index, follow, max-snippet:-1, max-image-preview:large, max-video-preview:-1\" \/>\n<link rel=\"canonical\" href=\"https:\/\/www.commandstrategy.com\/fr\/programme-de-formation-calculs-assurantiels-en-fgaap-et-en-ifrs-9\/\" \/>\n<meta property=\"og:locale\" content=\"fr_FR\" \/>\n<meta property=\"og:type\" content=\"article\" \/>\n<meta property=\"og:title\" content=\"Programme de formation - Calculs Assurantiels en FGAAP et en IFRS 9 - Command Strategy\" \/>\n<meta property=\"og:description\" content=\"Ma\u00eetrisez les calculs assurantiels en FGAAP et IFRS 9 avec notre programme de formation d\u00e9di\u00e9, con\u00e7u pour renforcer vos comp\u00e9tences techniques.\" \/>\n<meta property=\"og:url\" content=\"https:\/\/www.commandstrategy.com\/fr\/programme-de-formation-calculs-assurantiels-en-fgaap-et-en-ifrs-9\/\" \/>\n<meta property=\"og:site_name\" content=\"Command Strategy\" \/>\n<meta property=\"article:modified_time\" content=\"2025-02-25T15:49:02+00:00\" \/>\n<meta name=\"twitter:card\" content=\"summary_large_image\" \/>\n<meta name=\"twitter:label1\" content=\"Dur\u00e9e de lecture estim\u00e9e\" \/>\n\t<meta name=\"twitter:data1\" content=\"2 minutes\" \/>\n<script type=\"application\/ld+json\" class=\"yoast-schema-graph\">{\"@context\":\"https:\/\/schema.org\",\"@graph\":[{\"@type\":\"WebPage\",\"@id\":\"https:\/\/www.commandstrategy.com\/fr\/programme-de-formation-calculs-assurantiels-en-fgaap-et-en-ifrs-9\/\",\"url\":\"https:\/\/www.commandstrategy.com\/fr\/programme-de-formation-calculs-assurantiels-en-fgaap-et-en-ifrs-9\/\",\"name\":\"Programme de formation - Calculs Assurantiels en FGAAP et en IFRS 9 - Command Strategy\",\"isPartOf\":{\"@id\":\"https:\/\/www.commandstrategy.com\/fr\/#website\"},\"datePublished\":\"2024-11-13T16:02:13+00:00\",\"dateModified\":\"2025-02-25T15:49:02+00:00\",\"description\":\"Ma\u00eetrisez les calculs assurantiels en FGAAP et IFRS 9 avec notre programme de formation d\u00e9di\u00e9, con\u00e7u pour renforcer vos comp\u00e9tences techniques.\",\"breadcrumb\":{\"@id\":\"https:\/\/www.commandstrategy.com\/fr\/programme-de-formation-calculs-assurantiels-en-fgaap-et-en-ifrs-9\/#breadcrumb\"},\"inLanguage\":\"fr-FR\",\"potentialAction\":[{\"@type\":\"ReadAction\",\"target\":[\"https:\/\/www.commandstrategy.com\/fr\/programme-de-formation-calculs-assurantiels-en-fgaap-et-en-ifrs-9\/\"]}]},{\"@type\":\"BreadcrumbList\",\"@id\":\"https:\/\/www.commandstrategy.com\/fr\/programme-de-formation-calculs-assurantiels-en-fgaap-et-en-ifrs-9\/#breadcrumb\",\"itemListElement\":[{\"@type\":\"ListItem\",\"position\":1,\"name\":\"Accueil\",\"item\":\"https:\/\/www.commandstrategy.com\/fr\/\"},{\"@type\":\"ListItem\",\"position\":2,\"name\":\"Programme de formation &#8211; Calculs Assurantiels en FGAAP et en IFRS 9\"}]},{\"@type\":\"WebSite\",\"@id\":\"https:\/\/www.commandstrategy.com\/fr\/#website\",\"url\":\"https:\/\/www.commandstrategy.com\/fr\/\",\"name\":\"Command Strategy\",\"description\":\"\",\"publisher\":{\"@id\":\"https:\/\/www.commandstrategy.com\/fr\/#organization\"},\"potentialAction\":[{\"@type\":\"SearchAction\",\"target\":{\"@type\":\"EntryPoint\",\"urlTemplate\":\"https:\/\/www.commandstrategy.com\/fr\/?s={search_term_string}\"},\"query-input\":{\"@type\":\"PropertyValueSpecification\",\"valueRequired\":true,\"valueName\":\"search_term_string\"}}],\"inLanguage\":\"fr-FR\"},{\"@type\":\"Organization\",\"@id\":\"https:\/\/www.commandstrategy.com\/fr\/#organization\",\"name\":\"Command Strategy\",\"url\":\"https:\/\/www.commandstrategy.com\/fr\/\",\"logo\":{\"@type\":\"ImageObject\",\"inLanguage\":\"fr-FR\",\"@id\":\"https:\/\/www.commandstrategy.com\/fr\/#\/schema\/logo\/image\/\",\"url\":\"https:\/\/www.commandstrategy.com\/wp-content\/uploads\/2023\/10\/LogoCommandStrategy_Orange-1.jpg\",\"contentUrl\":\"https:\/\/www.commandstrategy.com\/wp-content\/uploads\/2023\/10\/LogoCommandStrategy_Orange-1.jpg\",\"width\":964,\"height\":458,\"caption\":\"Command Strategy\"},\"image\":{\"@id\":\"https:\/\/www.commandstrategy.com\/fr\/#\/schema\/logo\/image\/\"}}]}<\/script>\n<!-- \/ Yoast SEO plugin. -->","yoast_head_json":{"title":"Programme de formation - Calculs Assurantiels en FGAAP et en IFRS 9 - Command Strategy","description":"Ma\u00eetrisez les calculs assurantiels en FGAAP et IFRS 9 avec notre programme de formation d\u00e9di\u00e9, con\u00e7u pour renforcer vos comp\u00e9tences techniques.","robots":{"index":"index","follow":"follow","max-snippet":"max-snippet:-1","max-image-preview":"max-image-preview:large","max-video-preview":"max-video-preview:-1"},"canonical":"https:\/\/www.commandstrategy.com\/fr\/programme-de-formation-calculs-assurantiels-en-fgaap-et-en-ifrs-9\/","og_locale":"fr_FR","og_type":"article","og_title":"Programme de formation - Calculs Assurantiels en FGAAP et en IFRS 9 - Command Strategy","og_description":"Ma\u00eetrisez les calculs assurantiels en FGAAP et IFRS 9 avec notre programme de formation d\u00e9di\u00e9, con\u00e7u pour renforcer vos comp\u00e9tences techniques.","og_url":"https:\/\/www.commandstrategy.com\/fr\/programme-de-formation-calculs-assurantiels-en-fgaap-et-en-ifrs-9\/","og_site_name":"Command Strategy","article_modified_time":"2025-02-25T15:49:02+00:00","twitter_card":"summary_large_image","twitter_misc":{"Dur\u00e9e de lecture estim\u00e9e":"2 minutes"},"schema":{"@context":"https:\/\/schema.org","@graph":[{"@type":"WebPage","@id":"https:\/\/www.commandstrategy.com\/fr\/programme-de-formation-calculs-assurantiels-en-fgaap-et-en-ifrs-9\/","url":"https:\/\/www.commandstrategy.com\/fr\/programme-de-formation-calculs-assurantiels-en-fgaap-et-en-ifrs-9\/","name":"Programme de formation - Calculs Assurantiels en FGAAP et en IFRS 9 - Command Strategy","isPartOf":{"@id":"https:\/\/www.commandstrategy.com\/fr\/#website"},"datePublished":"2024-11-13T16:02:13+00:00","dateModified":"2025-02-25T15:49:02+00:00","description":"Ma\u00eetrisez les calculs assurantiels en FGAAP et IFRS 9 avec notre programme de formation d\u00e9di\u00e9, con\u00e7u pour renforcer vos comp\u00e9tences techniques.","breadcrumb":{"@id":"https:\/\/www.commandstrategy.com\/fr\/programme-de-formation-calculs-assurantiels-en-fgaap-et-en-ifrs-9\/#breadcrumb"},"inLanguage":"fr-FR","potentialAction":[{"@type":"ReadAction","target":["https:\/\/www.commandstrategy.com\/fr\/programme-de-formation-calculs-assurantiels-en-fgaap-et-en-ifrs-9\/"]}]},{"@type":"BreadcrumbList","@id":"https:\/\/www.commandstrategy.com\/fr\/programme-de-formation-calculs-assurantiels-en-fgaap-et-en-ifrs-9\/#breadcrumb","itemListElement":[{"@type":"ListItem","position":1,"name":"Accueil","item":"https:\/\/www.commandstrategy.com\/fr\/"},{"@type":"ListItem","position":2,"name":"Programme de formation &#8211; Calculs Assurantiels en FGAAP et en IFRS 9"}]},{"@type":"WebSite","@id":"https:\/\/www.commandstrategy.com\/fr\/#website","url":"https:\/\/www.commandstrategy.com\/fr\/","name":"Command Strategy","description":"","publisher":{"@id":"https:\/\/www.commandstrategy.com\/fr\/#organization"},"potentialAction":[{"@type":"SearchAction","target":{"@type":"EntryPoint","urlTemplate":"https:\/\/www.commandstrategy.com\/fr\/?s={search_term_string}"},"query-input":{"@type":"PropertyValueSpecification","valueRequired":true,"valueName":"search_term_string"}}],"inLanguage":"fr-FR"},{"@type":"Organization","@id":"https:\/\/www.commandstrategy.com\/fr\/#organization","name":"Command Strategy","url":"https:\/\/www.commandstrategy.com\/fr\/","logo":{"@type":"ImageObject","inLanguage":"fr-FR","@id":"https:\/\/www.commandstrategy.com\/fr\/#\/schema\/logo\/image\/","url":"https:\/\/www.commandstrategy.com\/wp-content\/uploads\/2023\/10\/LogoCommandStrategy_Orange-1.jpg","contentUrl":"https:\/\/www.commandstrategy.com\/wp-content\/uploads\/2023\/10\/LogoCommandStrategy_Orange-1.jpg","width":964,"height":458,"caption":"Command Strategy"},"image":{"@id":"https:\/\/www.commandstrategy.com\/fr\/#\/schema\/logo\/image\/"}}]}},"rttpg_featured_image_url":null,"rttpg_author":{"display_name":"Tidia YETTOU","author_link":"https:\/\/www.commandstrategy.com\/fr\/author\/cmds\/"},"rttpg_comment":0,"rttpg_category":false,"rttpg_excerpt":"[vc_row bg_gradient_direction=\u00a0\u00bb0&Prime; thb_divider_position=\u00a0\u00bbbottom\u00a0\u00bb css=\u00a0\u00bb.vc_custom_1730728496583{background: #000000 url(https:\/\/www.commandstrategy.com\/wp-content\/uploads\/2024\/11\/4.png?id=2067) !important;background-position: center !important;background-repeat: no-repeat !important;background-size: cover !important;}\u00a0\u00bb el_class=\u00a0\u00bbsection\u00a0\u00bb bg_gradient1=\u00a0\u00bbrgba(0,0,0,0)\u00a0\u00bb bg_gradient2=\u00a0\u00bbrgba(0,0,0,0.31)\u00a0\u00bb][vc_column css=\u00a0\u00bb.vc_custom_1715255253184{padding-top: 6% !important;padding-bottom: 1% !important;}\u00a0\u00bb][vc_row_inner][vc_column_inner][vc_column_text el_class=\u00a0\u00bblight\u00a0\u00bb] Programme de Formation&hellip;","_links":{"self":[{"href":"https:\/\/www.commandstrategy.com\/fr\/wp-json\/wp\/v2\/pages\/2495","targetHints":{"allow":["GET"]}}],"collection":[{"href":"https:\/\/www.commandstrategy.com\/fr\/wp-json\/wp\/v2\/pages"}],"about":[{"href":"https:\/\/www.commandstrategy.com\/fr\/wp-json\/wp\/v2\/types\/page"}],"author":[{"embeddable":true,"href":"https:\/\/www.commandstrategy.com\/fr\/wp-json\/wp\/v2\/users\/2"}],"replies":[{"embeddable":true,"href":"https:\/\/www.commandstrategy.com\/fr\/wp-json\/wp\/v2\/comments?post=2495"}],"version-history":[{"count":5,"href":"https:\/\/www.commandstrategy.com\/fr\/wp-json\/wp\/v2\/pages\/2495\/revisions"}],"predecessor-version":[{"id":3870,"href":"https:\/\/www.commandstrategy.com\/fr\/wp-json\/wp\/v2\/pages\/2495\/revisions\/3870"}],"wp:attachment":[{"href":"https:\/\/www.commandstrategy.com\/fr\/wp-json\/wp\/v2\/media?parent=2495"}],"curies":[{"name":"wp","href":"https:\/\/api.w.org\/{rel}","templated":true}]}}