{"id":1508,"date":"2024-09-18T13:28:08","date_gmt":"2024-09-18T11:28:08","guid":{"rendered":"https:\/\/www.commandstrategy.com\/?page_id=1508"},"modified":"2025-02-25T14:36:07","modified_gmt":"2025-02-25T13:36:07","slug":"gestion-actif-passif-alm","status":"publish","type":"page","link":"https:\/\/www.commandstrategy.com\/fr\/expertise\/actuarial-modeling-services\/gestion-actif-passif-alm\/","title":{"rendered":"Gestion Actif-Passif (ALM)"},"content":{"rendered":"<div class=\"wpb-content-wrapper\">[vc_row bg_gradient_direction=\u00a0\u00bb0&Prime; thb_divider_position=\u00a0\u00bbbottom\u00a0\u00bb css=\u00a0\u00bb.vc_custom_1730730390732{background: #000000 url(https:\/\/www.commandstrategy.com\/wp-content\/uploads\/2024\/10\/AdobeStock_676223690-scaled.jpeg?id=1904) !important;background-position: center !important;background-repeat: no-repeat !important;background-size: cover !important;}\u00a0\u00bb el_class=\u00a0\u00bbsection\u00a0\u00bb bg_gradient1=\u00a0\u00bbrgba(0,0,0,0)\u00a0\u00bb bg_gradient2=\u00a0\u00bbrgba(0,0,0,0.31)\u00a0\u00bb][vc_column css=\u00a0\u00bb.vc_custom_1715255878000{padding-top: 6% !important;padding-bottom: 1% !important;}\u00a0\u00bb][vc_row_inner][vc_column_inner][vc_column_text el_class=\u00a0\u00bblight\u00a0\u00bb css=\u00a0\u00bb.vc_custom_1726658844227{padding-top: 30px !important;padding-bottom: 40px !important;background-color: #629fb9 !important;}\u00a0\u00bb]\n<h1 class=\"veryfat\" style=\"text-align: center;\">Actuarial &amp; Modeling Services<\/h1>\n[\/vc_column_text][\/vc_column_inner][\/vc_row_inner][\/vc_column][\/vc_row][vc_row thb_divider_position=\u00a0\u00bbbottom\u00a0\u00bb css=\u00a0\u00bb.vc_custom_1713854696108{margin-bottom: 0px !important;border-bottom-width: 0px !important;padding-bottom: 0px !important;}\u00a0\u00bb][vc_column css=\u00a0\u00bb.vc_custom_1715255885094{margin-bottom: 0px !important;border-bottom-width: 0px !important;padding-bottom: 0px !important;}\u00a0\u00bb][vc_row_inner content_placement=\u00a0\u00bbmiddle\u00a0\u00bb css=\u00a0\u00bb.vc_custom_1713854663614{margin-bottom: 0px !important;border-bottom-width: 0px !important;padding-bottom: 0px !important;}\u00a0\u00bb][vc_column_inner][vc_column_text el_class=\u00a0\u00bbfat robo\u00a0\u00bb css=\u00a0\u00bb.vc_custom_1726760131616{margin-bottom: 0px !important;}\u00a0\u00bb]\n<h2 style=\"text-align: center;\"><span style=\"color: #629fb9;\">Gestion Actif-Passif (ALM)<\/span><\/h2>\n[\/vc_column_text][\/vc_column_inner][\/vc_row_inner][\/vc_column][\/vc_row][vc_row thb_row_padding=\u00a0\u00bbtrue\u00a0\u00bb thb_divider_position=\u00a0\u00bbbottom\u00a0\u00bb css=\u00a0\u00bb.vc_custom_1717049276775{margin-top: 40px !important;background-color: #ffffff !important;}\u00a0\u00bb el_class=\u00a0\u00bbnopaddingwrapper\u00a0\u00bb][vc_column css=\u00a0\u00bb.vc_custom_1740490555749{padding-top: 5% !important;padding-bottom: 5% !important;background: #ffffff url(https:\/\/www.commandstrategy.com\/wp-content\/uploads\/2024\/10\/iStock-1315303071-scaled.jpg?id=1941) !important;background-position: center !important;background-repeat: no-repeat !important;background-size: cover !important;}\u00a0\u00bb el_class=\u00a0\u00bbnopaddingwrapper\u00a0\u00bb][vc_row_inner el_class=\u00a0\u00bbnopaddingwrapper speblocblanc\u00a0\u00bb css=\u00a0\u00bb.vc_custom_1717057283516{margin-right: 10% !important;margin-left: 10% !important;}\u00a0\u00bb][vc_column_inner el_class=\u00a0\u00bbnopaddingwrapper\u00a0\u00bb width=\u00a0\u00bb1\/3&Prime;][\/vc_column_inner][vc_column_inner el_class=\u00a0\u00bbnopaddingwrapper\u00a0\u00bb width=\u00a0\u00bb2\/3&Prime; css=\u00a0\u00bb.vc_custom_1714149417083{margin-right: 0px !important;border-right-width: 0px !important;padding-right: 0px !important;background-color: #ffffff !important;}\u00a0\u00bb][vc_column_text el_class=\u00a0\u00bbmedium nopaddingwrapper\u00a0\u00bb css=\u00a0\u00bb.vc_custom_1726760101764{margin-right: 0px !important;border-right-width: 0px !important;padding-top: 8% !important;padding-right: 8% !important;padding-bottom: 4% !important;padding-left: 8% !important;}\u00a0\u00bb]\n<p style=\"text-align: justify;\">L\u2019\u00e9quipe <strong>Actuarial &amp; Modeling Services<\/strong> (AMS), compos\u00e9e d\u2019Actuaires, de Statisticiens et d\u2019Ing\u00e9nieurs sp\u00e9cialis\u00e9s en finance et mod\u00e9lisation, intervient aupr\u00e8s d\u2019entreprises fournissant des <strong>services d\u2019assurance<\/strong> (Compagnies d\u2019assurance, Mutuelles, Instituts des Pr\u00e9voyance, R\u00e9assureurs, \u2026) et des autres acteurs du monde de l\u2019investissement (Banques, Assets Managers, Soci\u00e9t\u00e9s d\u2019Investissements, \u2026) pour les accompagner dans leurs <strong>projets<\/strong> ainsi que dans leurs travaux de production en <strong>mod\u00e9lisation financi\u00e8re, ALM <\/strong>et <strong>actuariat.<\/strong><\/p>\n[\/vc_column_text][\/vc_column_inner][\/vc_row_inner][\/vc_column][\/vc_row][vc_row thb_divider_position=\u00a0\u00bbbottom\u00a0\u00bb css=\u00a0\u00bb.vc_custom_1713951434629{margin-bottom: 70px !important;}\u00a0\u00bb][vc_column][vc_row_inner content_placement=\u00a0\u00bbmiddle\u00a0\u00bb css=\u00a0\u00bb.vc_custom_1713854663614{margin-bottom: 0px !important;border-bottom-width: 0px !important;padding-bottom: 0px !important;}\u00a0\u00bb][vc_column_inner][vc_column_text]\n<h2 class=\"fat\" style=\"text-align: center;\">Enjeux<\/h2>\n[\/vc_column_text][vc_column_text css=\u00a0\u00bb.vc_custom_1732194691473{margin-bottom: 20px !important;}\u00a0\u00bb el_class=\u00a0\u00bbmedium\u00a0\u00bb]\n<p style=\"text-align: justify;\">Pierre angulaire de la <strong>prise de d\u00e9cisions tactiques et strat\u00e9giques<\/strong>, la <strong>mod\u00e9lisation prospective<\/strong> des flux et<strong> l\u2019analyse quantitative<\/strong> des indicateurs ALM se sont impos\u00e9s comme des outils de pilotage incontournables et diff\u00e9renciants pour les Investisseurs Institutionnels.<\/p>\n[\/vc_column_text][vc_empty_space][\/vc_column_inner][\/vc_row_inner][\/vc_column][\/vc_row][vc_row thb_divider_position=\u00a0\u00bbbottom\u00a0\u00bb css=\u00a0\u00bb.vc_custom_1725633919638{background-color: #f3f6f8 !important;}\u00a0\u00bb][vc_column][vc_column_text]\n<h2 class=\"fat\" style=\"text-align: center;\">Notre Accompagnement<\/h2>\n[\/vc_column_text][vc_column_text]\n<h3 style=\"text-align: justify;\">Pour les acteurs du monde de l\u2019assurance, de la banque et de l&rsquo;investissement, nous proposons de superviser et contribuer aux projets et travaux production, \u00e0 l&rsquo;automatisation et l&rsquo;analyse d\u2019indicateurs ALM et de gestion des risques :<\/h3>\n[\/vc_column_text][vc_row_inner disable_element=\u00a0\u00bbyes\u00a0\u00bb][vc_column_inner width=\u00a0\u00bb1\/3&Prime; thb_border_radius=\u00a0\u00bb6px\u00a0\u00bb]\t<div id=\"thb-iconbox-69f5a161d151b\" class=\"thb-iconbox top type2    animation-true h200\" href=\"\" target=\"_self\" data-animation_speed=\"1.5\">\n\t\t\t\t\t\t<div class=\"iconbox-content\">\n\t\t\t\t\t\t\t<h5>ALM Assurantiel<\/h5>\t\t\t<div class=\"thb-iconbox-text\">\n\t\t\t\t<p>- Impasses de duration et liquidit\u00e9s<\/p>\n<p>- Indicateurs de performance et de risques, financiers et extra financiers<\/p>\n<p>- Allocation sous-contraintes (r\u00e9glementaires, tactiques, strat\u00e9giques)<\/p>\n\t\t\t<\/div>\n\t\t<\/div>\n\t\t\t\t\t\t<style>\n\t\t\t\t\t\t\t\t\t\t\t\t\t\t\t\t#thb-iconbox-69f5a161d151b.thb-iconbox.type2:hover {\n\t\t\t\t\tbackground-color: #629fb9;\n\t\t\t\t\tborder-color: #629fb9;\n\t\t\t\t}\n\t\t\t\t#thb-iconbox-69f5a161d151b.thb-iconbox.type3:after {\n\t\t\t\t\tbox-shadow: inset 0 -75px 60px -35px #629fb9;\n\t\t\t\t}\n\t\t\t\t\t\t\t\t\t\t\t\t\/* Hover *\/\n\t\t\t\t\t\t\t\t\t\t\t<\/style>\n\t\t\t<\/div>\n\t[\/vc_column_inner][vc_column_inner width=\u00a0\u00bb1\/3&Prime;]\t<div id=\"thb-iconbox-69f5a161d16d7\" class=\"thb-iconbox top type2    animation-true h200\" href=\"\" target=\"_self\" data-animation_speed=\"1.5\">\n\t\t\t\t\t\t<div class=\"iconbox-content\">\n\t\t\t\t\t\t\t<h5>ALM Bancaire<\/h5>\t\t\t<div class=\"thb-iconbox-text\">\n\t\t\t\t<p>- Mod\u00e9lisation du risque de taux, de liquidit\u00e9s, de change<\/p>\n<p>- Indicateurs et ratios r\u00e9glementaires b\u00e2lois<\/p>\n\t\t\t<\/div>\n\t\t<\/div>\n\t\t\t\t\t\t<style>\n\t\t\t\t\t\t\t\t\t\t\t\t\t\t\t\t#thb-iconbox-69f5a161d16d7.thb-iconbox.type2:hover {\n\t\t\t\t\tbackground-color: #629fb9;\n\t\t\t\t\tborder-color: #629fb9;\n\t\t\t\t}\n\t\t\t\t#thb-iconbox-69f5a161d16d7.thb-iconbox.type3:after {\n\t\t\t\t\tbox-shadow: inset 0 -75px 60px -35px #629fb9;\n\t\t\t\t}\n\t\t\t\t\t\t\t\t\t\t\t\t\/* Hover *\/\n\t\t\t\t\t\t\t\t\t\t\t<\/style>\n\t\t\t<\/div>\n\t[\/vc_column_inner][vc_column_inner width=\u00a0\u00bb1\/3&Prime;]\t<div id=\"thb-iconbox-69f5a161d178a\" class=\"thb-iconbox top type2    animation-true h200\" href=\"\" target=\"_self\" data-animation_speed=\"1.5\">\n\t\t\t\t\t\t<div class=\"iconbox-content\">\n\t\t\t\t\t\t\t<h5>ALM Tr\u00e9sorerie<\/h5>\t\t\t<div class=\"thb-iconbox-text\">\n\t\t\t\t<p>- Impasses de taux et liquidit\u00e9s<\/p>\n<p>- Gestion des refinancements quotidiens et long-termes,<\/p>\n<p>- Forecast des flux<\/p>\n\t\t\t<\/div>\n\t\t<\/div>\n\t\t\t\t\t\t<style>\n\t\t\t\t\t\t\t\t\t\t\t\t\t\t\t\t#thb-iconbox-69f5a161d178a.thb-iconbox.type2:hover {\n\t\t\t\t\tbackground-color: #629fb9;\n\t\t\t\t\tborder-color: #629fb9;\n\t\t\t\t}\n\t\t\t\t#thb-iconbox-69f5a161d178a.thb-iconbox.type3:after {\n\t\t\t\t\tbox-shadow: inset 0 -75px 60px -35px #629fb9;\n\t\t\t\t}\n\t\t\t\t\t\t\t\t\t\t\t\t\/* Hover *\/\n\t\t\t\t\t\t\t\t\t\t\t<\/style>\n\t\t\t<\/div>\n\t[\/vc_column_inner][\/vc_row_inner][vc_tta_accordion shape=\u00a0\u00bbsquare\u00a0\u00bb c_position=\u00a0\u00bbright\u00a0\u00bb active_section=\u00a0\u00bbnan\u00a0\u00bb collapsible_all=\u00a0\u00bbtrue\u00a0\u00bb el_class=\u00a0\u00bbaccobleu3&Prime;][vc_tta_section title=\u00a0\u00bbALM Assurantiel\u00a0\u00bb tab_id=\u00a0\u00bb1732290927538-dfeece90-48e9&Prime;][vc_column_text]\n<ul>\n<li>Impasses de duration et liquidit\u00e9s<\/li>\n<li>Indicateurs de performance et de risques, financiers et extra financiers<\/li>\n<li>Allocation sous-contraintes (r\u00e9glementaires, tactiques, strat\u00e9giques)<\/li>\n<\/ul>\n[\/vc_column_text][\/vc_tta_section][vc_tta_section title=\u00a0\u00bbALM Bancaire\u00a0\u00bb tab_id=\u00a0\u00bb1732290927548-86481ff6-739d\u00a0\u00bb][vc_column_text]\n<ul>\n<li>Mod\u00e9lisation du risque de taux, de liquidit\u00e9s, de change<\/li>\n<li>Indicateurs et ratios r\u00e9glementaires b\u00e2lois<\/li>\n<\/ul>\n[\/vc_column_text][\/vc_tta_section][vc_tta_section title=\u00a0\u00bbALM Tr\u00e9sorerie\u00a0\u00bb tab_id=\u00a0\u00bb1732290992953-9974f17c-f38c\u00a0\u00bb][vc_column_text]\n<ul>\n<li>Impasses de taux et liquidit\u00e9s<\/li>\n<li>Gestion des refinancements quotidiens et long-termes,<\/li>\n<li>Forecast des flux<\/li>\n<\/ul>\n[\/vc_column_text][\/vc_tta_section][\/vc_tta_accordion][\/vc_column][\/vc_row][vc_row thb_full_width=\u00a0\u00bbtrue\u00a0\u00bb content_placement=\u00a0\u00bbmiddle\u00a0\u00bb thb_divider_position=\u00a0\u00bbbottom\u00a0\u00bb css=\u00a0\u00bb.vc_custom_1725528536899{padding-top: 10vh !important;padding-bottom: 5vh !important;background-color: #ffffff !important;}\u00a0\u00bb el_id=\u00a0\u00bbfeatures\u00a0\u00bb][vc_column][vc_row_inner thb_max_width=\u00a0\u00bbmax_width\u00a0\u00bb el_class=\u00a0\u00bbalign-center\u00a0\u00bb][vc_column_inner offset=\u00a0\u00bbvc_col-lg-8 vc_col-md-10&Prime;][vc_column_text animation=\u00a0\u00bbanimation bottom-to-top\u00a0\u00bb el_class=\u00a0\u00bbtext-center\u00a0\u00bb css=\u00a0\u00bb.vc_custom_1725528384596{padding-right: 13% !important;padding-left: 13% !important;}\u00a0\u00bb]\n<h2 style=\"text-align: center;\"><strong>R\u00e9f\u00e9rences &amp; R\u00e9alisations<\/strong><\/h2>\n[\/vc_column_text][\/vc_column_inner][\/vc_row_inner][vc_row_inner thb_max_width=\u00a0\u00bbmax_width\u00a0\u00bb css=\u00a0\u00bb.vc_custom_1732524485592{padding-top: 5vh !important;padding-bottom: 10vh !important;}\u00a0\u00bb][vc_column_inner width=\u00a0\u00bb1\/2&Prime; css=\u00a0\u00bb.vc_custom_1500535268515{padding-left: 10% !important;}\u00a0\u00bb]\t<div id=\"thb-image-69f5a161d1873\" class=\"caption-style1 animation bottom-to-top alignleft   thb_image_link wp-caption\">\n\t\t\t<div class=\"thb-image-inner size_100\">\n\t\t\t<img decoding=\"async\" class=\"thb_image   thb-ignore-lazyload \" src=\"https:\/\/www.commandstrategy.com\/wp-content\/uploads\/2024\/11\/Design-sans-titre-23-1200x700.png\" width=\"1200\" height=\"700\" alt=\"R\u00e9f\u00e9rences et r\u00e9alisations\" title=\"R\u00e9f\u00e9rences et r\u00e9alisations\" loading=\"lazy\" \/>\n\t\t<\/div>\n\t\t\t\t\t<\/div>\n\t[\/vc_column_inner][vc_column_inner width=\u00a0\u00bb1\/2&Prime; css=\u00a0\u00bb.vc_custom_1732524362184{padding-top: 5vh !important;}\u00a0\u00bb][vc_column_text]\n<ul>\n<li class=\"x_MsoListParagraph\">ALM Assurantiel : D\u00e9ploiement et contr\u00f4le des \u00e9volutions d\u2019un mod\u00e8le de projection ALM &amp; Solvabilit\u00e9 2 (e.g. <i>mod\u00e8le point passif, loi de mortalit\u00e9, algo de taux servi, \u2026<\/i>)<\/li>\n<li class=\"x_MsoListParagraph\">ALM Bancaire : Mise en place d\u2019un tableau de bord automatis\u00e9 de suivi des risques actif-passif (impasses de taux &amp; liquidit\u00e9s)<\/li>\n<li class=\"x_MsoListParagraph\">ALM Tr\u00e9sorerie : Projection de l\u2019activit\u00e9, calcul d\u2019indicateurs pour le suivi des risques et pilotage des impasses de liquidit\u00e9s via refinancement quotidien<\/li>\n<\/ul>\n[\/vc_column_text][\/vc_column_inner][\/vc_row_inner][\/vc_column][\/vc_row]\n<\/div>","protected":false},"excerpt":{"rendered":"<p>[vc_row bg_gradient_direction=\u00a0\u00bb0&Prime; thb_divider_position=\u00a0\u00bbbottom\u00a0\u00bb css=\u00a0\u00bb.vc_custom_1730730390732{background: #000000 url(https:\/\/www.commandstrategy.com\/wp-content\/uploads\/2024\/10\/AdobeStock_676223690-scaled.jpeg?id=1904) !important;background-position: center !important;background-repeat: no-repeat !important;background-size: cover !important;}\u00a0\u00bb el_class=\u00a0\u00bbsection\u00a0\u00bb bg_gradient1=\u00a0\u00bbrgba(0,0,0,0)\u00a0\u00bb bg_gradient2=\u00a0\u00bbrgba(0,0,0,0.31)\u00a0\u00bb][vc_column css=\u00a0\u00bb.vc_custom_1715255878000{padding-top: 6% !important;padding-bottom: 1% !important;}\u00a0\u00bb][vc_row_inner][vc_column_inner][vc_column_text el_class=\u00a0\u00bblight\u00a0\u00bb css=\u00a0\u00bb.vc_custom_1726658844227{padding-top: 30px !important;padding-bottom:&hellip;<\/p>\n","protected":false},"author":2,"featured_media":0,"parent":740,"menu_order":0,"comment_status":"closed","ping_status":"closed","template":"","meta":{"ub_ctt_via":"","footnotes":""},"class_list":["post-1508","page","type-page","status-publish","hentry"],"featured_image_src":null,"yoast_head":"<!-- This site is optimized with the Yoast SEO plugin v25.2 - https:\/\/yoast.com\/wordpress\/plugins\/seo\/ -->\n<title>Gestion Actif-Passif (ALM) - Command Strategy<\/title>\n<meta name=\"description\" content=\"Ma\u00eetrisez la gestion actif-passif (ALM) avec l&#039;expertise de Command Strategy pour une gestion optimale des risques et des performances.\" \/>\n<meta name=\"robots\" content=\"index, follow, max-snippet:-1, max-image-preview:large, max-video-preview:-1\" \/>\n<link rel=\"canonical\" href=\"https:\/\/www.commandstrategy.com\/fr\/expertise\/actuarial-modeling-services\/gestion-actif-passif-alm\/\" \/>\n<meta property=\"og:locale\" content=\"fr_FR\" \/>\n<meta property=\"og:type\" content=\"article\" \/>\n<meta property=\"og:title\" content=\"Gestion Actif-Passif (ALM) - Command Strategy\" \/>\n<meta property=\"og:description\" content=\"Ma\u00eetrisez la gestion actif-passif (ALM) avec l&#039;expertise de Command Strategy pour une gestion optimale des risques et des performances.\" \/>\n<meta property=\"og:url\" content=\"https:\/\/www.commandstrategy.com\/fr\/expertise\/actuarial-modeling-services\/gestion-actif-passif-alm\/\" \/>\n<meta property=\"og:site_name\" content=\"Command Strategy\" \/>\n<meta property=\"article:modified_time\" content=\"2025-02-25T13:36:07+00:00\" \/>\n<meta name=\"twitter:card\" content=\"summary_large_image\" \/>\n<meta name=\"twitter:label1\" content=\"Dur\u00e9e de lecture estim\u00e9e\" \/>\n\t<meta name=\"twitter:data1\" content=\"3 minutes\" \/>\n<script type=\"application\/ld+json\" class=\"yoast-schema-graph\">{\"@context\":\"https:\/\/schema.org\",\"@graph\":[{\"@type\":\"WebPage\",\"@id\":\"https:\/\/www.commandstrategy.com\/fr\/expertise\/actuarial-modeling-services\/gestion-actif-passif-alm\/\",\"url\":\"https:\/\/www.commandstrategy.com\/fr\/expertise\/actuarial-modeling-services\/gestion-actif-passif-alm\/\",\"name\":\"Gestion Actif-Passif (ALM) - Command Strategy\",\"isPartOf\":{\"@id\":\"https:\/\/www.commandstrategy.com\/fr\/#website\"},\"datePublished\":\"2024-09-18T11:28:08+00:00\",\"dateModified\":\"2025-02-25T13:36:07+00:00\",\"description\":\"Ma\u00eetrisez la gestion actif-passif (ALM) avec l'expertise de Command Strategy pour une gestion optimale des risques et des performances.\",\"breadcrumb\":{\"@id\":\"https:\/\/www.commandstrategy.com\/fr\/expertise\/actuarial-modeling-services\/gestion-actif-passif-alm\/#breadcrumb\"},\"inLanguage\":\"fr-FR\",\"potentialAction\":[{\"@type\":\"ReadAction\",\"target\":[\"https:\/\/www.commandstrategy.com\/fr\/expertise\/actuarial-modeling-services\/gestion-actif-passif-alm\/\"]}]},{\"@type\":\"BreadcrumbList\",\"@id\":\"https:\/\/www.commandstrategy.com\/fr\/expertise\/actuarial-modeling-services\/gestion-actif-passif-alm\/#breadcrumb\",\"itemListElement\":[{\"@type\":\"ListItem\",\"position\":1,\"name\":\"Accueil\",\"item\":\"https:\/\/www.commandstrategy.com\/fr\/\"},{\"@type\":\"ListItem\",\"position\":2,\"name\":\"Notre expertise\",\"item\":\"https:\/\/www.commandstrategy.com\/fr\/expertise\/\"},{\"@type\":\"ListItem\",\"position\":3,\"name\":\"Actuarial &#038; Modeling Services\",\"item\":\"https:\/\/www.commandstrategy.com\/fr\/expertise\/actuarial-modeling-services\/\"},{\"@type\":\"ListItem\",\"position\":4,\"name\":\"Gestion Actif-Passif (ALM)\"}]},{\"@type\":\"WebSite\",\"@id\":\"https:\/\/www.commandstrategy.com\/fr\/#website\",\"url\":\"https:\/\/www.commandstrategy.com\/fr\/\",\"name\":\"Command Strategy\",\"description\":\"\",\"publisher\":{\"@id\":\"https:\/\/www.commandstrategy.com\/fr\/#organization\"},\"potentialAction\":[{\"@type\":\"SearchAction\",\"target\":{\"@type\":\"EntryPoint\",\"urlTemplate\":\"https:\/\/www.commandstrategy.com\/fr\/?s={search_term_string}\"},\"query-input\":{\"@type\":\"PropertyValueSpecification\",\"valueRequired\":true,\"valueName\":\"search_term_string\"}}],\"inLanguage\":\"fr-FR\"},{\"@type\":\"Organization\",\"@id\":\"https:\/\/www.commandstrategy.com\/fr\/#organization\",\"name\":\"Command Strategy\",\"url\":\"https:\/\/www.commandstrategy.com\/fr\/\",\"logo\":{\"@type\":\"ImageObject\",\"inLanguage\":\"fr-FR\",\"@id\":\"https:\/\/www.commandstrategy.com\/fr\/#\/schema\/logo\/image\/\",\"url\":\"https:\/\/www.commandstrategy.com\/wp-content\/uploads\/2023\/10\/LogoCommandStrategy_Orange-1.jpg\",\"contentUrl\":\"https:\/\/www.commandstrategy.com\/wp-content\/uploads\/2023\/10\/LogoCommandStrategy_Orange-1.jpg\",\"width\":964,\"height\":458,\"caption\":\"Command Strategy\"},\"image\":{\"@id\":\"https:\/\/www.commandstrategy.com\/fr\/#\/schema\/logo\/image\/\"}}]}<\/script>\n<!-- \/ Yoast SEO plugin. -->","yoast_head_json":{"title":"Gestion Actif-Passif (ALM) - Command Strategy","description":"Ma\u00eetrisez la gestion actif-passif (ALM) avec l'expertise de Command Strategy pour une gestion optimale des risques et des performances.","robots":{"index":"index","follow":"follow","max-snippet":"max-snippet:-1","max-image-preview":"max-image-preview:large","max-video-preview":"max-video-preview:-1"},"canonical":"https:\/\/www.commandstrategy.com\/fr\/expertise\/actuarial-modeling-services\/gestion-actif-passif-alm\/","og_locale":"fr_FR","og_type":"article","og_title":"Gestion Actif-Passif (ALM) - Command Strategy","og_description":"Ma\u00eetrisez la gestion actif-passif (ALM) avec l'expertise de Command Strategy pour une gestion optimale des risques et des performances.","og_url":"https:\/\/www.commandstrategy.com\/fr\/expertise\/actuarial-modeling-services\/gestion-actif-passif-alm\/","og_site_name":"Command Strategy","article_modified_time":"2025-02-25T13:36:07+00:00","twitter_card":"summary_large_image","twitter_misc":{"Dur\u00e9e de lecture estim\u00e9e":"3 minutes"},"schema":{"@context":"https:\/\/schema.org","@graph":[{"@type":"WebPage","@id":"https:\/\/www.commandstrategy.com\/fr\/expertise\/actuarial-modeling-services\/gestion-actif-passif-alm\/","url":"https:\/\/www.commandstrategy.com\/fr\/expertise\/actuarial-modeling-services\/gestion-actif-passif-alm\/","name":"Gestion Actif-Passif (ALM) - Command Strategy","isPartOf":{"@id":"https:\/\/www.commandstrategy.com\/fr\/#website"},"datePublished":"2024-09-18T11:28:08+00:00","dateModified":"2025-02-25T13:36:07+00:00","description":"Ma\u00eetrisez la gestion actif-passif (ALM) avec l'expertise de Command Strategy pour une gestion optimale des risques et des performances.","breadcrumb":{"@id":"https:\/\/www.commandstrategy.com\/fr\/expertise\/actuarial-modeling-services\/gestion-actif-passif-alm\/#breadcrumb"},"inLanguage":"fr-FR","potentialAction":[{"@type":"ReadAction","target":["https:\/\/www.commandstrategy.com\/fr\/expertise\/actuarial-modeling-services\/gestion-actif-passif-alm\/"]}]},{"@type":"BreadcrumbList","@id":"https:\/\/www.commandstrategy.com\/fr\/expertise\/actuarial-modeling-services\/gestion-actif-passif-alm\/#breadcrumb","itemListElement":[{"@type":"ListItem","position":1,"name":"Accueil","item":"https:\/\/www.commandstrategy.com\/fr\/"},{"@type":"ListItem","position":2,"name":"Notre expertise","item":"https:\/\/www.commandstrategy.com\/fr\/expertise\/"},{"@type":"ListItem","position":3,"name":"Actuarial &#038; Modeling Services","item":"https:\/\/www.commandstrategy.com\/fr\/expertise\/actuarial-modeling-services\/"},{"@type":"ListItem","position":4,"name":"Gestion Actif-Passif (ALM)"}]},{"@type":"WebSite","@id":"https:\/\/www.commandstrategy.com\/fr\/#website","url":"https:\/\/www.commandstrategy.com\/fr\/","name":"Command Strategy","description":"","publisher":{"@id":"https:\/\/www.commandstrategy.com\/fr\/#organization"},"potentialAction":[{"@type":"SearchAction","target":{"@type":"EntryPoint","urlTemplate":"https:\/\/www.commandstrategy.com\/fr\/?s={search_term_string}"},"query-input":{"@type":"PropertyValueSpecification","valueRequired":true,"valueName":"search_term_string"}}],"inLanguage":"fr-FR"},{"@type":"Organization","@id":"https:\/\/www.commandstrategy.com\/fr\/#organization","name":"Command Strategy","url":"https:\/\/www.commandstrategy.com\/fr\/","logo":{"@type":"ImageObject","inLanguage":"fr-FR","@id":"https:\/\/www.commandstrategy.com\/fr\/#\/schema\/logo\/image\/","url":"https:\/\/www.commandstrategy.com\/wp-content\/uploads\/2023\/10\/LogoCommandStrategy_Orange-1.jpg","contentUrl":"https:\/\/www.commandstrategy.com\/wp-content\/uploads\/2023\/10\/LogoCommandStrategy_Orange-1.jpg","width":964,"height":458,"caption":"Command Strategy"},"image":{"@id":"https:\/\/www.commandstrategy.com\/fr\/#\/schema\/logo\/image\/"}}]}},"rttpg_featured_image_url":null,"rttpg_author":{"display_name":"Tidia YETTOU","author_link":"https:\/\/www.commandstrategy.com\/fr\/author\/cmds\/"},"rttpg_comment":0,"rttpg_category":false,"rttpg_excerpt":"[vc_row bg_gradient_direction=\u00a0\u00bb0&Prime; thb_divider_position=\u00a0\u00bbbottom\u00a0\u00bb css=\u00a0\u00bb.vc_custom_1730730390732{background: #000000 url(https:\/\/www.commandstrategy.com\/wp-content\/uploads\/2024\/10\/AdobeStock_676223690-scaled.jpeg?id=1904) !important;background-position: center !important;background-repeat: no-repeat !important;background-size: cover !important;}\u00a0\u00bb el_class=\u00a0\u00bbsection\u00a0\u00bb bg_gradient1=\u00a0\u00bbrgba(0,0,0,0)\u00a0\u00bb bg_gradient2=\u00a0\u00bbrgba(0,0,0,0.31)\u00a0\u00bb][vc_column css=\u00a0\u00bb.vc_custom_1715255878000{padding-top: 6% !important;padding-bottom: 1% !important;}\u00a0\u00bb][vc_row_inner][vc_column_inner][vc_column_text el_class=\u00a0\u00bblight\u00a0\u00bb css=\u00a0\u00bb.vc_custom_1726658844227{padding-top: 30px !important;padding-bottom:&hellip;","_links":{"self":[{"href":"https:\/\/www.commandstrategy.com\/fr\/wp-json\/wp\/v2\/pages\/1508","targetHints":{"allow":["GET"]}}],"collection":[{"href":"https:\/\/www.commandstrategy.com\/fr\/wp-json\/wp\/v2\/pages"}],"about":[{"href":"https:\/\/www.commandstrategy.com\/fr\/wp-json\/wp\/v2\/types\/page"}],"author":[{"embeddable":true,"href":"https:\/\/www.commandstrategy.com\/fr\/wp-json\/wp\/v2\/users\/2"}],"replies":[{"embeddable":true,"href":"https:\/\/www.commandstrategy.com\/fr\/wp-json\/wp\/v2\/comments?post=1508"}],"version-history":[{"count":32,"href":"https:\/\/www.commandstrategy.com\/fr\/wp-json\/wp\/v2\/pages\/1508\/revisions"}],"predecessor-version":[{"id":3858,"href":"https:\/\/www.commandstrategy.com\/fr\/wp-json\/wp\/v2\/pages\/1508\/revisions\/3858"}],"up":[{"embeddable":true,"href":"https:\/\/www.commandstrategy.com\/fr\/wp-json\/wp\/v2\/pages\/740"}],"wp:attachment":[{"href":"https:\/\/www.commandstrategy.com\/fr\/wp-json\/wp\/v2\/media?parent=1508"}],"curies":[{"name":"wp","href":"https:\/\/api.w.org\/{rel}","templated":true}]}}