{"id":1467,"date":"2024-12-12T11:56:40","date_gmt":"2024-12-12T10:56:40","guid":{"rendered":"https:\/\/www.commandstrategy.com\/?page_id=1467"},"modified":"2025-02-25T15:37:27","modified_gmt":"2025-02-25T14:37:27","slug":"risque-de-marche","status":"publish","type":"page","link":"https:\/\/www.commandstrategy.com\/fr\/expertise\/risk-management\/risque-de-marche\/","title":{"rendered":"Risque de March\u00e9"},"content":{"rendered":"<div class=\"wpb-content-wrapper\">[vc_row bg_gradient_direction=\u00a0\u00bb0&Prime; thb_divider_position=\u00a0\u00bbbottom\u00a0\u00bb css=\u00a0\u00bb.vc_custom_1734082249989{background: #000000 url(https:\/\/www.commandstrategy.com\/wp-content\/uploads\/2024\/10\/a.jpg?id=1989) !important;background-position: center !important;background-repeat: no-repeat !important;background-size: cover !important;}\u00a0\u00bb el_class=\u00a0\u00bbsection\u00a0\u00bb bg_gradient1=\u00a0\u00bbrgba(0,0,0,0)\u00a0\u00bb bg_gradient2=\u00a0\u00bbrgba(0,0,0,0.31)\u00a0\u00bb][vc_column css=\u00a0\u00bb.vc_custom_1715255878000{padding-top: 6% !important;padding-bottom: 1% !important;}\u00a0\u00bb][vc_row_inner][vc_column_inner][vc_column_text el_class=\u00a0\u00bblight\u00a0\u00bb css=\u00a0\u00bb.vc_custom_1725462908046{padding-top: 30px !important;padding-bottom: 40px !important;background-color: #375d97 !important;}\u00a0\u00bb]\n<h1 class=\"veryfat\" style=\"text-align: center;\">Risk Management<\/h1>\n[\/vc_column_text][\/vc_column_inner][\/vc_row_inner][\/vc_column][\/vc_row][vc_row thb_divider_position=\u00a0\u00bbbottom\u00a0\u00bb css=\u00a0\u00bb.vc_custom_1713854696108{margin-bottom: 0px !important;border-bottom-width: 0px !important;padding-bottom: 0px !important;}\u00a0\u00bb][vc_column css=\u00a0\u00bb.vc_custom_1715255885094{margin-bottom: 0px !important;border-bottom-width: 0px !important;padding-bottom: 0px !important;}\u00a0\u00bb][vc_row_inner content_placement=\u00a0\u00bbmiddle\u00a0\u00bb css=\u00a0\u00bb.vc_custom_1713854663614{margin-bottom: 0px !important;border-bottom-width: 0px !important;padding-bottom: 0px !important;}\u00a0\u00bb][vc_column_inner][vc_column_text el_class=\u00a0\u00bbfat robo\u00a0\u00bb css=\u00a0\u00bb.vc_custom_1725462918836{margin-bottom: 0px !important;}\u00a0\u00bb]\n<h2 style=\"text-align: center;\"><span style=\"color: #375d97;\">Risque de March\u00e9<\/span><\/h2>\n[\/vc_column_text][\/vc_column_inner][\/vc_row_inner][\/vc_column][\/vc_row][vc_row thb_row_padding=\u00a0\u00bbtrue\u00a0\u00bb thb_divider_position=\u00a0\u00bbbottom\u00a0\u00bb css=\u00a0\u00bb.vc_custom_1717049276775{margin-top: 40px !important;background-color: #ffffff !important;}\u00a0\u00bb el_class=\u00a0\u00bbnopaddingwrapper\u00a0\u00bb][vc_column css=\u00a0\u00bb.vc_custom_1734082182114{padding-top: 5% !important;padding-bottom: 5% !important;background: #ffffff url(https:\/\/www.commandstrategy.com\/wp-content\/uploads\/2024\/10\/iStock-1188541327-scaled.jpg?id=1937) !important;background-position: center !important;background-repeat: no-repeat !important;background-size: cover !important;}\u00a0\u00bb el_class=\u00a0\u00bbnopaddingwrapper\u00a0\u00bb][vc_row_inner el_class=\u00a0\u00bbnopaddingwrapper speblocblanc\u00a0\u00bb css=\u00a0\u00bb.vc_custom_1717057283516{margin-right: 10% !important;margin-left: 10% !important;}\u00a0\u00bb][vc_column_inner el_class=\u00a0\u00bbnopaddingwrapper\u00a0\u00bb width=\u00a0\u00bb1\/3&Prime;][\/vc_column_inner][vc_column_inner el_class=\u00a0\u00bbnopaddingwrapper\u00a0\u00bb width=\u00a0\u00bb2\/3&Prime; css=\u00a0\u00bb.vc_custom_1714149417083{margin-right: 0px !important;border-right-width: 0px !important;padding-right: 0px !important;background-color: #ffffff !important;}\u00a0\u00bb][vc_column_text el_class=\u00a0\u00bbmedium nopaddingwrapper\u00a0\u00bb css=\u00a0\u00bb.vc_custom_1738242946324{margin-right: 0px !important;border-right-width: 0px !important;padding-top: 8% !important;padding-right: 8% !important;padding-bottom: 4% !important;padding-left: 8% !important;}\u00a0\u00bb]\n<p style=\"text-align: justify;\">Dans un environnement financier volatil et incertain, la gestion des risques de march\u00e9 est un enjeu strat\u00e9gique pour les institutions financi\u00e8res et les entreprises expos\u00e9es aux fluctuations des taux, des devises, des mati\u00e8res premi\u00e8res et des actifs financiers. Command Strategy vous accompagne dans la mise en place de strat\u00e9gies robustes pour mesurer, surveiller et att\u00e9nuer vos expositions aux risques de march\u00e9.<\/p>\n[\/vc_column_text][\/vc_column_inner][\/vc_row_inner][\/vc_column][\/vc_row][vc_row thb_divider_position=\u00a0\u00bbbottom\u00a0\u00bb css=\u00a0\u00bb.vc_custom_1713951434629{margin-bottom: 70px !important;}\u00a0\u00bb][vc_column][vc_row_inner content_placement=\u00a0\u00bbmiddle\u00a0\u00bb css=\u00a0\u00bb.vc_custom_1717154871932{margin-top: 40px !important;margin-bottom: 0px !important;border-bottom-width: 0px !important;padding-bottom: 0px !important;}\u00a0\u00bb][vc_column_inner][vc_column_text css=\u00a0\u00bb.vc_custom_1734000467561{margin-bottom: 0px !important;}\u00a0\u00bb]\n<h2 class=\"fat\" style=\"text-align: center;\">Notre Accompagnement<\/h2>\n[\/vc_column_text][\/vc_column_inner][\/vc_row_inner][vc_tta_accordion shape=\u00a0\u00bbsquare\u00a0\u00bb c_position=\u00a0\u00bbright\u00a0\u00bb active_section=\u00a0\u00bbnan\u00a0\u00bb collapsible_all=\u00a0\u00bbtrue\u00a0\u00bb el_class=\u00a0\u00bbaccobleu2&Prime;][vc_tta_section title=\u00a0\u00bbProjets R\u00e9glementaires et de Conformit\u00e9\u00a0\u00bb tab_id=\u00a0\u00bb1717749410840-dcf51e37-3b98&Prime;][vc_column_text el_class=\u00a0\u00bbcta\u00a0\u00bb css=\u00a0\u00bb.vc_custom_1738243022090{padding-bottom: 30px !important;}\u00a0\u00bb]\n<ul>\n<li style=\"text-align: justify;\">Veille r\u00e9glementaire : Suivre les \u00e9volutions des r\u00e9gulations financi\u00e8res (B\u00e2le III, MiFID II, etc.) et identifier leur impact sur les strat\u00e9gies de gestion des risques de march\u00e9.<\/li>\n<li style=\"text-align: justify;\">Alignement avec les exigences de solvabilit\u00e9 : Veiller \u00e0 ce que les institutions financi\u00e8res respectent les exigences en mati\u00e8re de capital et de liquidit\u00e9 pour couvrir les risques de march\u00e9.<\/li>\n<li style=\"text-align: justify;\">Reporting et audits de conformit\u00e9 : Mettre en place des m\u00e9canismes de reporting rigoureux pour assurer la transparence des positions de march\u00e9 et garantir la conformit\u00e9 aux r\u00e9gulations.<\/li>\n<\/ul>\n[\/vc_column_text][\/vc_tta_section][vc_tta_section title=\u00a0\u00bbPilotage des Risques et Production des Indicateurs\u00a0\u00bb tab_id=\u00a0\u00bb1738242980579-8b6a76f9-7260&Prime;][vc_column_text el_class=\u00a0\u00bbcta\u00a0\u00bb css=\u00a0\u00bb.vc_custom_1738243064127{padding-bottom: 30px !important;}\u00a0\u00bb]\n<ul>\n<li style=\"text-align: justify;\">Suivi des positions et des expositions : D\u00e9velopper des outils permettant de suivre en temps r\u00e9el les expositions aux risques de march\u00e9 (taux d\u2019int\u00e9r\u00eat, devises, actions, mati\u00e8res premi\u00e8res).<\/li>\n<li style=\"text-align: justify;\">Indicateurs cl\u00e9s de performance (KPI) et de risque : Concevoir des indicateurs sp\u00e9cifiques pour \u00e9valuer la sensibilit\u00e9 des portefeuilles de march\u00e9, comme la VaR (Value at Risk), l\u2019ES (Expected Shortfall) ou le stress testing.<\/li>\n<li style=\"text-align: justify;\">Alertes et seuils de risque : Mettre en place des alertes automatiques pour signaler les d\u00e9passements de seuils de risque et \u00e9viter les pertes importantes.<\/li>\n<\/ul>\n[\/vc_column_text][\/vc_tta_section][vc_tta_section title=\u00a0\u00bbMod\u00e9lisation et Analyse Quantitative\u00a0\u00bb tab_id=\u00a0\u00bb1721744914434-9bfeb159-d1ed\u00a0\u00bb][vc_column_text]\n<ul>\n<li style=\"text-align: justify;\">Mod\u00e9lisation des sc\u00e9narios de march\u00e9 : D\u00e9velopper des mod\u00e8les permettant de simuler des sc\u00e9narios de march\u00e9 d\u00e9favorables (chocs de volatilit\u00e9, variations brusques de taux, crises \u00e9conomiques) et \u00e9valuer leur impact sur les portefeuilles.<\/li>\n<li style=\"text-align: justify;\">Analyse de la volatilit\u00e9 et des corr\u00e9lations : Utiliser des m\u00e9thodes quantitatives pour estimer la volatilit\u00e9 des actifs et analyser les corr\u00e9lations entre diff\u00e9rents instruments financiers afin d\u2019identifier les risques de concentration.<\/li>\n<li style=\"text-align: justify;\">Calcul de la Value at Risk (VaR), de l\u2019Expected Shortfall (ES), de la Duration, des Grecques, \u2026 : Appliquer des techniques statistiques ou stochastiques pour mesurer la sensibilit\u00e9 du portefeuille, tout en prenant en compte les risques extr\u00eames.<\/li>\n<\/ul>\n[\/vc_column_text][\/vc_tta_section][vc_tta_section title=\u00a0\u00bbTransformation des Syst\u00e8mes d\u2019Information et Optimisation des Processus \u00a0\u00bb tab_id=\u00a0\u00bb1734000504104-58de4fb6-93df\u00a0\u00bb][vc_column_text]\n<ul>\n<li style=\"text-align: justify;\">Param\u00e9trage et \u00e9volution des syst\u00e8mes d\u2019information : Adapter et transformer les syst\u00e8mes d\u2019information pour int\u00e9grer de nouvelles solutions avanc\u00e9es de gestion des risques de march\u00e9.<\/li>\n<li style=\"text-align: justify;\">Automatisation des processus de gestion des risques : Impl\u00e9menter des outils d\u2019automatisation pour le calcul des risques, la gestion des expositions, et la mise \u00e0 jour des donn\u00e9es de march\u00e9.<\/li>\n<li style=\"text-align: justify;\">Optimisation des workflows de validation : Am\u00e9liorer les processus internes en s\u2019assurant que chaque \u00e9tape respecte les normes de contr\u00f4le.<\/li>\n<\/ul>\n[\/vc_column_text][\/vc_tta_section][vc_tta_section title=\u00a0\u00bbAccompagnement Op\u00e9rationnel et mont\u00e9e en comp\u00e9tence\u00a0\u00bb tab_id=\u00a0\u00bb1734000581520-5cd42c74-d32e\u00a0\u00bb][vc_column_text]\n<ul>\n<li style=\"text-align: justify;\">Formation \u00e0 la gestion des risques de march\u00e9 : Dispenser des formations sp\u00e9cialis\u00e9es aux \u00e9quipes sur la gestion du risque de march\u00e9, les outils de mesure (VaR, stress testing, etc.) et les meilleures pratiques du secteur.<\/li>\n<li style=\"text-align: justify;\">Renforcement des comp\u00e9tences techniques : Fournir des ateliers pratiques et des sessions de mont\u00e9e en comp\u00e9tence sur l\u2019utilisation des syst\u00e8mes d\u2019information, des mod\u00e8les quantitatifs et des techniques de gestion des risques sp\u00e9cifiques au march\u00e9.<\/li>\n<\/ul>\n[\/vc_column_text][\/vc_tta_section][\/vc_tta_accordion][\/vc_column][\/vc_row]\n<\/div>","protected":false},"excerpt":{"rendered":"<p>[vc_row bg_gradient_direction=\u00a0\u00bb0&Prime; thb_divider_position=\u00a0\u00bbbottom\u00a0\u00bb css=\u00a0\u00bb.vc_custom_1734082249989{background: #000000 url(https:\/\/www.commandstrategy.com\/wp-content\/uploads\/2024\/10\/a.jpg?id=1989) !important;background-position: center !important;background-repeat: no-repeat !important;background-size: cover !important;}\u00a0\u00bb el_class=\u00a0\u00bbsection\u00a0\u00bb bg_gradient1=\u00a0\u00bbrgba(0,0,0,0)\u00a0\u00bb bg_gradient2=\u00a0\u00bbrgba(0,0,0,0.31)\u00a0\u00bb][vc_column css=\u00a0\u00bb.vc_custom_1715255878000{padding-top: 6% !important;padding-bottom: 1% !important;}\u00a0\u00bb][vc_row_inner][vc_column_inner][vc_column_text el_class=\u00a0\u00bblight\u00a0\u00bb css=\u00a0\u00bb.vc_custom_1725462908046{padding-top: 30px !important;padding-bottom:&hellip;<\/p>\n","protected":false},"author":2,"featured_media":0,"parent":757,"menu_order":0,"comment_status":"closed","ping_status":"closed","template":"","meta":{"ub_ctt_via":"","footnotes":""},"class_list":["post-1467","page","type-page","status-publish","hentry"],"featured_image_src":null,"yoast_head":"<!-- This site is optimized with the Yoast SEO plugin v25.2 - https:\/\/yoast.com\/wordpress\/plugins\/seo\/ -->\n<title>Risque de March\u00e9 - Command Strategy<\/title>\n<meta name=\"description\" content=\"Identifiez et g\u00e9rez le risque de march\u00e9 avec l&#039;expertise de Command Strategy pour prot\u00e9ger vos investissements et optimiser vos d\u00e9cisions.\" \/>\n<meta name=\"robots\" content=\"index, follow, max-snippet:-1, max-image-preview:large, max-video-preview:-1\" \/>\n<link rel=\"canonical\" href=\"https:\/\/www.commandstrategy.com\/fr\/expertise\/risk-management\/risque-de-marche\/\" \/>\n<meta property=\"og:locale\" content=\"fr_FR\" \/>\n<meta property=\"og:type\" content=\"article\" \/>\n<meta property=\"og:title\" content=\"Risque de March\u00e9 - Command Strategy\" \/>\n<meta property=\"og:description\" content=\"Identifiez et g\u00e9rez le risque de march\u00e9 avec l&#039;expertise de Command Strategy pour prot\u00e9ger vos investissements et optimiser vos d\u00e9cisions.\" \/>\n<meta property=\"og:url\" content=\"https:\/\/www.commandstrategy.com\/fr\/expertise\/risk-management\/risque-de-marche\/\" \/>\n<meta property=\"og:site_name\" content=\"Command Strategy\" \/>\n<meta property=\"article:modified_time\" content=\"2025-02-25T14:37:27+00:00\" \/>\n<meta name=\"twitter:card\" content=\"summary_large_image\" \/>\n<meta name=\"twitter:label1\" content=\"Dur\u00e9e de lecture estim\u00e9e\" \/>\n\t<meta name=\"twitter:data1\" content=\"4 minutes\" \/>\n<script type=\"application\/ld+json\" class=\"yoast-schema-graph\">{\"@context\":\"https:\/\/schema.org\",\"@graph\":[{\"@type\":\"WebPage\",\"@id\":\"https:\/\/www.commandstrategy.com\/fr\/expertise\/risk-management\/risque-de-marche\/\",\"url\":\"https:\/\/www.commandstrategy.com\/fr\/expertise\/risk-management\/risque-de-marche\/\",\"name\":\"Risque de March\u00e9 - Command Strategy\",\"isPartOf\":{\"@id\":\"https:\/\/www.commandstrategy.com\/fr\/#website\"},\"datePublished\":\"2024-12-12T10:56:40+00:00\",\"dateModified\":\"2025-02-25T14:37:27+00:00\",\"description\":\"Identifiez et g\u00e9rez le risque de march\u00e9 avec l'expertise de Command Strategy pour prot\u00e9ger vos investissements et optimiser vos d\u00e9cisions.\",\"breadcrumb\":{\"@id\":\"https:\/\/www.commandstrategy.com\/fr\/expertise\/risk-management\/risque-de-marche\/#breadcrumb\"},\"inLanguage\":\"fr-FR\",\"potentialAction\":[{\"@type\":\"ReadAction\",\"target\":[\"https:\/\/www.commandstrategy.com\/fr\/expertise\/risk-management\/risque-de-marche\/\"]}]},{\"@type\":\"BreadcrumbList\",\"@id\":\"https:\/\/www.commandstrategy.com\/fr\/expertise\/risk-management\/risque-de-marche\/#breadcrumb\",\"itemListElement\":[{\"@type\":\"ListItem\",\"position\":1,\"name\":\"Accueil\",\"item\":\"https:\/\/www.commandstrategy.com\/fr\/\"},{\"@type\":\"ListItem\",\"position\":2,\"name\":\"Notre expertise\",\"item\":\"https:\/\/www.commandstrategy.com\/fr\/expertise\/\"},{\"@type\":\"ListItem\",\"position\":3,\"name\":\"Risk Management\",\"item\":\"https:\/\/www.commandstrategy.com\/fr\/expertise\/risk-management\/\"},{\"@type\":\"ListItem\",\"position\":4,\"name\":\"Risque de March\u00e9\"}]},{\"@type\":\"WebSite\",\"@id\":\"https:\/\/www.commandstrategy.com\/fr\/#website\",\"url\":\"https:\/\/www.commandstrategy.com\/fr\/\",\"name\":\"Command Strategy\",\"description\":\"\",\"publisher\":{\"@id\":\"https:\/\/www.commandstrategy.com\/fr\/#organization\"},\"potentialAction\":[{\"@type\":\"SearchAction\",\"target\":{\"@type\":\"EntryPoint\",\"urlTemplate\":\"https:\/\/www.commandstrategy.com\/fr\/?s={search_term_string}\"},\"query-input\":{\"@type\":\"PropertyValueSpecification\",\"valueRequired\":true,\"valueName\":\"search_term_string\"}}],\"inLanguage\":\"fr-FR\"},{\"@type\":\"Organization\",\"@id\":\"https:\/\/www.commandstrategy.com\/fr\/#organization\",\"name\":\"Command Strategy\",\"url\":\"https:\/\/www.commandstrategy.com\/fr\/\",\"logo\":{\"@type\":\"ImageObject\",\"inLanguage\":\"fr-FR\",\"@id\":\"https:\/\/www.commandstrategy.com\/fr\/#\/schema\/logo\/image\/\",\"url\":\"https:\/\/www.commandstrategy.com\/wp-content\/uploads\/2023\/10\/LogoCommandStrategy_Orange-1.jpg\",\"contentUrl\":\"https:\/\/www.commandstrategy.com\/wp-content\/uploads\/2023\/10\/LogoCommandStrategy_Orange-1.jpg\",\"width\":964,\"height\":458,\"caption\":\"Command Strategy\"},\"image\":{\"@id\":\"https:\/\/www.commandstrategy.com\/fr\/#\/schema\/logo\/image\/\"}}]}<\/script>\n<!-- \/ Yoast SEO plugin. -->","yoast_head_json":{"title":"Risque de March\u00e9 - Command Strategy","description":"Identifiez et g\u00e9rez le risque de march\u00e9 avec l'expertise de Command Strategy pour prot\u00e9ger vos investissements et optimiser vos d\u00e9cisions.","robots":{"index":"index","follow":"follow","max-snippet":"max-snippet:-1","max-image-preview":"max-image-preview:large","max-video-preview":"max-video-preview:-1"},"canonical":"https:\/\/www.commandstrategy.com\/fr\/expertise\/risk-management\/risque-de-marche\/","og_locale":"fr_FR","og_type":"article","og_title":"Risque de March\u00e9 - Command Strategy","og_description":"Identifiez et g\u00e9rez le risque de march\u00e9 avec l'expertise de Command Strategy pour prot\u00e9ger vos investissements et optimiser vos d\u00e9cisions.","og_url":"https:\/\/www.commandstrategy.com\/fr\/expertise\/risk-management\/risque-de-marche\/","og_site_name":"Command Strategy","article_modified_time":"2025-02-25T14:37:27+00:00","twitter_card":"summary_large_image","twitter_misc":{"Dur\u00e9e de lecture estim\u00e9e":"4 minutes"},"schema":{"@context":"https:\/\/schema.org","@graph":[{"@type":"WebPage","@id":"https:\/\/www.commandstrategy.com\/fr\/expertise\/risk-management\/risque-de-marche\/","url":"https:\/\/www.commandstrategy.com\/fr\/expertise\/risk-management\/risque-de-marche\/","name":"Risque de March\u00e9 - Command Strategy","isPartOf":{"@id":"https:\/\/www.commandstrategy.com\/fr\/#website"},"datePublished":"2024-12-12T10:56:40+00:00","dateModified":"2025-02-25T14:37:27+00:00","description":"Identifiez et g\u00e9rez le risque de march\u00e9 avec l'expertise de Command Strategy pour prot\u00e9ger vos investissements et optimiser vos d\u00e9cisions.","breadcrumb":{"@id":"https:\/\/www.commandstrategy.com\/fr\/expertise\/risk-management\/risque-de-marche\/#breadcrumb"},"inLanguage":"fr-FR","potentialAction":[{"@type":"ReadAction","target":["https:\/\/www.commandstrategy.com\/fr\/expertise\/risk-management\/risque-de-marche\/"]}]},{"@type":"BreadcrumbList","@id":"https:\/\/www.commandstrategy.com\/fr\/expertise\/risk-management\/risque-de-marche\/#breadcrumb","itemListElement":[{"@type":"ListItem","position":1,"name":"Accueil","item":"https:\/\/www.commandstrategy.com\/fr\/"},{"@type":"ListItem","position":2,"name":"Notre expertise","item":"https:\/\/www.commandstrategy.com\/fr\/expertise\/"},{"@type":"ListItem","position":3,"name":"Risk Management","item":"https:\/\/www.commandstrategy.com\/fr\/expertise\/risk-management\/"},{"@type":"ListItem","position":4,"name":"Risque de March\u00e9"}]},{"@type":"WebSite","@id":"https:\/\/www.commandstrategy.com\/fr\/#website","url":"https:\/\/www.commandstrategy.com\/fr\/","name":"Command Strategy","description":"","publisher":{"@id":"https:\/\/www.commandstrategy.com\/fr\/#organization"},"potentialAction":[{"@type":"SearchAction","target":{"@type":"EntryPoint","urlTemplate":"https:\/\/www.commandstrategy.com\/fr\/?s={search_term_string}"},"query-input":{"@type":"PropertyValueSpecification","valueRequired":true,"valueName":"search_term_string"}}],"inLanguage":"fr-FR"},{"@type":"Organization","@id":"https:\/\/www.commandstrategy.com\/fr\/#organization","name":"Command Strategy","url":"https:\/\/www.commandstrategy.com\/fr\/","logo":{"@type":"ImageObject","inLanguage":"fr-FR","@id":"https:\/\/www.commandstrategy.com\/fr\/#\/schema\/logo\/image\/","url":"https:\/\/www.commandstrategy.com\/wp-content\/uploads\/2023\/10\/LogoCommandStrategy_Orange-1.jpg","contentUrl":"https:\/\/www.commandstrategy.com\/wp-content\/uploads\/2023\/10\/LogoCommandStrategy_Orange-1.jpg","width":964,"height":458,"caption":"Command Strategy"},"image":{"@id":"https:\/\/www.commandstrategy.com\/fr\/#\/schema\/logo\/image\/"}}]}},"rttpg_featured_image_url":null,"rttpg_author":{"display_name":"Tidia YETTOU","author_link":"https:\/\/www.commandstrategy.com\/fr\/author\/cmds\/"},"rttpg_comment":0,"rttpg_category":false,"rttpg_excerpt":"[vc_row bg_gradient_direction=\u00a0\u00bb0&Prime; thb_divider_position=\u00a0\u00bbbottom\u00a0\u00bb css=\u00a0\u00bb.vc_custom_1734082249989{background: #000000 url(https:\/\/www.commandstrategy.com\/wp-content\/uploads\/2024\/10\/a.jpg?id=1989) !important;background-position: center !important;background-repeat: no-repeat !important;background-size: cover !important;}\u00a0\u00bb el_class=\u00a0\u00bbsection\u00a0\u00bb bg_gradient1=\u00a0\u00bbrgba(0,0,0,0)\u00a0\u00bb bg_gradient2=\u00a0\u00bbrgba(0,0,0,0.31)\u00a0\u00bb][vc_column css=\u00a0\u00bb.vc_custom_1715255878000{padding-top: 6% !important;padding-bottom: 1% !important;}\u00a0\u00bb][vc_row_inner][vc_column_inner][vc_column_text el_class=\u00a0\u00bblight\u00a0\u00bb css=\u00a0\u00bb.vc_custom_1725462908046{padding-top: 30px !important;padding-bottom:&hellip;","_links":{"self":[{"href":"https:\/\/www.commandstrategy.com\/fr\/wp-json\/wp\/v2\/pages\/1467","targetHints":{"allow":["GET"]}}],"collection":[{"href":"https:\/\/www.commandstrategy.com\/fr\/wp-json\/wp\/v2\/pages"}],"about":[{"href":"https:\/\/www.commandstrategy.com\/fr\/wp-json\/wp\/v2\/types\/page"}],"author":[{"embeddable":true,"href":"https:\/\/www.commandstrategy.com\/fr\/wp-json\/wp\/v2\/users\/2"}],"replies":[{"embeddable":true,"href":"https:\/\/www.commandstrategy.com\/fr\/wp-json\/wp\/v2\/comments?post=1467"}],"version-history":[{"count":10,"href":"https:\/\/www.commandstrategy.com\/fr\/wp-json\/wp\/v2\/pages\/1467\/revisions"}],"predecessor-version":[{"id":3867,"href":"https:\/\/www.commandstrategy.com\/fr\/wp-json\/wp\/v2\/pages\/1467\/revisions\/3867"}],"up":[{"embeddable":true,"href":"https:\/\/www.commandstrategy.com\/fr\/wp-json\/wp\/v2\/pages\/757"}],"wp:attachment":[{"href":"https:\/\/www.commandstrategy.com\/fr\/wp-json\/wp\/v2\/media?parent=1467"}],"curies":[{"name":"wp","href":"https:\/\/api.w.org\/{rel}","templated":true}]}}