{"id":1119,"date":"2024-07-04T15:50:51","date_gmt":"2024-07-04T13:50:51","guid":{"rendered":"https:\/\/www.commandstrategy.com\/?page_id=1119"},"modified":"2025-02-25T14:40:38","modified_gmt":"2025-02-25T13:40:38","slug":"business-intelligence","status":"publish","type":"page","link":"https:\/\/www.commandstrategy.com\/fr\/expertise\/it-data-consulting\/business-intelligence\/","title":{"rendered":"BUSINESS INTELLIGENCE"},"content":{"rendered":"<div class=\"wpb-content-wrapper\">[vc_row bg_gradient_direction=\u00a0\u00bb0&Prime; thb_divider_position=\u00a0\u00bbbottom\u00a0\u00bb css=\u00a0\u00bb.vc_custom_1731078547961{background: #000000 url(https:\/\/www.commandstrategy.com\/wp-content\/uploads\/2024\/10\/AdobeStock_635810372-1-scaled.jpeg?id=1907) !important;background-position: center !important;background-repeat: no-repeat !important;background-size: cover !important;}\u00a0\u00bb el_class=\u00a0\u00bbsection\u00a0\u00bb bg_gradient1=\u00a0\u00bbrgba(0,0,0,0)\u00a0\u00bb bg_gradient2=\u00a0\u00bbrgba(0,0,0,0.31)\u00a0\u00bb][vc_column css=\u00a0\u00bb.vc_custom_1715414179936{padding-top: 6% !important;padding-bottom: 1% !important;}\u00a0\u00bb][vc_row_inner][vc_column_inner][vc_column_text el_class=\u00a0\u00bblight\u00a0\u00bb css=\u00a0\u00bb.vc_custom_1715061755687{padding-top: 60px !important;padding-bottom: 70px !important;background-color: #404c58 !important;}\u00a0\u00bb]\n<h1 class=\"veryfat\" style=\"text-align: center;\">IT &amp; Data Consulting<\/h1>\n[\/vc_column_text][\/vc_column_inner][\/vc_row_inner][\/vc_column][\/vc_row][vc_row thb_divider_position=\u00a0\u00bbbottom\u00a0\u00bb css=\u00a0\u00bb.vc_custom_1713854696108{margin-bottom: 0px !important;border-bottom-width: 0px !important;padding-bottom: 0px !important;}\u00a0\u00bb][vc_column css=\u00a0\u00bb.vc_custom_1715414188059{margin-bottom: 0px !important;border-bottom-width: 0px !important;padding-bottom: 0px !important;}\u00a0\u00bb][vc_row_inner content_placement=\u00a0\u00bbmiddle\u00a0\u00bb css=\u00a0\u00bb.vc_custom_1713854663614{margin-bottom: 0px !important;border-bottom-width: 0px !important;padding-bottom: 0px !important;}\u00a0\u00bb][vc_column_inner][vc_column_text]\n<h2 class=\"fat\" style=\"text-align: center;\"><span style=\"color: #b56139;\">Business Intelligence<\/span><\/h2>\n[\/vc_column_text][\/vc_column_inner][\/vc_row_inner][\/vc_column][\/vc_row][vc_row thb_row_padding=\u00a0\u00bbtrue\u00a0\u00bb thb_divider_position=\u00a0\u00bbbottom\u00a0\u00bb css=\u00a0\u00bb.vc_custom_1720001381186{margin-top: -50px !important;margin-bottom: 80px !important;border-bottom-width: 0px !important;padding-bottom: 0px !important;background-color: #ffffff !important;}\u00a0\u00bb][vc_column css=\u00a0\u00bb.vc_custom_1720001032014{margin-bottom: 0px !important;border-bottom-width: 0px !important;padding-top: 5% !important;padding-bottom: 5% !important;background: #ffffff url(https:\/\/www.commandstrategy.com\/wp-content\/uploads\/2024\/04\/fond-2-scaled.jpg?id=585) !important;background-position: center !important;background-repeat: no-repeat !important;background-size: cover !important;}\u00a0\u00bb][vc_row_inner content_placement=\u00a0\u00bbmiddle\u00a0\u00bb css=\u00a0\u00bb.vc_custom_1713854663614{margin-bottom: 0px !important;border-bottom-width: 0px !important;padding-bottom: 0px !important;}\u00a0\u00bb][vc_column_inner width=\u00a0\u00bb1\/3&Prime;][\/vc_column_inner][vc_column_inner width=\u00a0\u00bb2\/3&Prime;][vc_column_text css=\u00a0\u00bb.vc_custom_1732267715507{padding-top: 8% !important;padding-right: 8% !important;padding-bottom: 8% !important;padding-left: 8% !important;background-color: #ffffff !important;}\u00a0\u00bb el_class=\u00a0\u00bbmedium nopaddingwrapper\u00a0\u00bb]\n<p style=\"text-align: justify;\">Les donn\u00e9es abondent de toutes parts, constituant aujourd\u2019hui l\u2019un des leviers majeurs de la bonne gestion d\u2019une entreprise. Cependant, il est essentiel de disposer d\u2019outils performants et de Syst\u00e8mes d&rsquo;Informations robustes pour les exploiter de fa\u00e7on optimale.<\/p>\n<p style=\"text-align: justify;\">Pour piloter son business et fiabiliser sa prise de d\u00e9cision, une entreprise a besoin d\u2019une strat\u00e9gie d\u00e9cisionnelle reposant sur des processus et des outils de Business Intelligence performants (BI).<\/p>\n<p style=\"text-align: justify;\">Command Strategy s\u2019appuie sur son expertise en conseil dans le domaine de la Business Intelligence et dans l\u2019int\u00e9gration d\u2019outils de BI pour \u00e9laborer des solutions sur mesure en tenant compte des besoins sp\u00e9cifiques et des contraintes de ses clients.<\/p>\n[\/vc_column_text][\/vc_column_inner][\/vc_row_inner][\/vc_column][\/vc_row][vc_row content_placement=\u00a0\u00bbmiddle\u00a0\u00bb thb_divider_position=\u00a0\u00bbbottom\u00a0\u00bb][vc_column][vc_row_inner][vc_column_inner][vc_column_text]\n<h2 style=\"text-align: center;\">Vos enjeux<\/h2>\n[\/vc_column_text][vc_column_text]\n<p style=\"text-align: justify;\">Dans le cadre de leur \u00ab\u00a0strat\u00e9gie data\u00a0\u00bb, les entreprises d\u00e9ploient des solutions de Business Intelligence qui facilitent l\u2019acc\u00e8s des \u00e9quipes m\u00e9tiers aux donn\u00e9es internes de l\u2019entreprise mais \u00e9galement aux donn\u00e9es externes.\u00a0 La mise en \u0153uvre de ces plateformes Data Transverse est guid\u00e9e par une multitude de principes et d\u2019approches architecturales.<\/p>\n<p style=\"text-align: justify;\">C\u2019est aupr\u00e8s de nos clients, \u00e0 travers nos diff\u00e9rentes missions r\u00e9alis\u00e9es et en cours de r\u00e9alisation, que nous nous sommes forg\u00e9s une id\u00e9e tr\u00e8s pr\u00e9cise des enjeux autour de la th\u00e9matique Business Intelligence :<\/p>\n[\/vc_column_text][\/vc_column_inner][\/vc_row_inner][vc_row_inner][vc_column_inner el_class=\u00a0\u00bbtiretbleu\u00a0\u00bb width=\u00a0\u00bb1\/2&Prime; css=\u00a0\u00bb.vc_custom_1722496444738{margin-bottom: 25px !important;background-color: #dddcd7 !important;}\u00a0\u00bb][vc_column_text css=\u00a0\u00bb.vc_custom_1720100797006{padding-top: 25px !important;}\u00a0\u00bb]\n<p style=\"text-align: justify;\"><span style=\"color: #b56139;\"><b>Tirer de la valeur des applications m\u00e9tiers en \u00e9liminant les solos de donn\u00e9es gr\u00e2ce \u00e0 une meilleure connexion des flux de donn\u00e9es. <\/b><\/span><\/p>\n[\/vc_column_text][\/vc_column_inner][vc_column_inner el_class=\u00a0\u00bbtiretbleu\u00a0\u00bb width=\u00a0\u00bb1\/2&Prime; css=\u00a0\u00bb.vc_custom_1722496453084{margin-bottom: 25px !important;background-color: #dddcd7 !important;}\u00a0\u00bb][vc_column_text css=\u00a0\u00bb.vc_custom_1722496458012{padding-top: 25px !important;}\u00a0\u00bb]\n<p style=\"text-align: justify;\"><span style=\"color: #b56139;\"><b>D\u00e9livrer aux m\u00e9tiers une vie consolid\u00e9e de leur donn\u00e9es afin d&rsquo;acc\u00e9l\u00e9rer la prise de d\u00e9cision et fiabiliser le pilotage de l&rsquo;activit\u00e9\u00a0<\/b><\/span><\/p>\n[\/vc_column_text][\/vc_column_inner][\/vc_row_inner][vc_row_inner][vc_column_inner el_class=\u00a0\u00bbtiretbleu\u00a0\u00bb width=\u00a0\u00bb1\/2&Prime; css=\u00a0\u00bb.vc_custom_1722496462375{margin-bottom: 25px !important;background-color: #dddcd7 !important;}\u00a0\u00bb][vc_column_text css=\u00a0\u00bb.vc_custom_1722496466544{padding-top: 25px !important;}\u00a0\u00bb]\n<p style=\"text-align: justify;\"><span style=\"color: #b56139;\"><b>Moderniser \/ flexibiliser le syst\u00e8me d&rsquo;information, faciliter l&rsquo;innovation et la mise en place d&rsquo;outils BI avec un time to Market r\u00e9duit\u00a0<\/b><\/span><\/p>\n[\/vc_column_text][\/vc_column_inner][vc_column_inner el_class=\u00a0\u00bbtiretbleu\u00a0\u00bb width=\u00a0\u00bb1\/2&Prime; css=\u00a0\u00bb.vc_custom_1722496472004{margin-bottom: 25px !important;background-color: #dddcd7 !important;}\u00a0\u00bb][vc_column_text css=\u00a0\u00bb.vc_custom_1722496477165{padding-top: 25px !important;}\u00a0\u00bb]<span style=\"color: #b56139;\"><b>Mettre en place une roadmap de cas d&rsquo;usage en Business Intelligence<\/b><\/span>[\/vc_column_text][\/vc_column_inner][\/vc_row_inner][\/vc_column][\/vc_row][vc_row content_placement=\u00a0\u00bbmiddle\u00a0\u00bb thb_divider_position=\u00a0\u00bbbottom\u00a0\u00bb][vc_column][vc_row_inner][vc_column_inner][vc_column_text]\n<h2 style=\"text-align: center;\">Scope et P\u00e9rim\u00e8tre d&rsquo;intervention<\/h2>\n[\/vc_column_text][vc_column_text]Notre \u00e9quipe d&rsquo;experts, riche de plusieurs exp\u00e9riences r\u00e9ussies chez nos clients, est capable de prendre en charge des missions sur l&rsquo;ensemble de la cha\u00eene de valeur.[\/vc_column_text][\/vc_column_inner][\/vc_row_inner][vc_tta_accordion shape=\u00a0\u00bbsquare\u00a0\u00bb c_position=\u00a0\u00bbright\u00a0\u00bb active_section=\u00a0\u00bbnan\u00a0\u00bb collapsible_all=\u00a0\u00bbtrue\u00a0\u00bb el_class=\u00a0\u00bbaccogris\u00a0\u00bb][vc_tta_section title=\u00a0\u00bbM\u00e9tier\u00a0\u00bb tab_id=\u00a0\u00bb1720098021618-57e36b36-ef57&Prime;][vc_column_text]\n<ul>\n<li style=\"text-align: justify;\">D\u00e9finition des KPI<\/li>\n<li style=\"text-align: justify;\">Gestion des droits<\/li>\n<li style=\"text-align: justify;\">Gouvernance de la donn\u00e9e<\/li>\n<li style=\"text-align: justify;\">Analyse des tendances<\/li>\n<li style=\"text-align: justify;\">Tests de coh\u00e9rence<\/li>\n<\/ul>\n[\/vc_column_text][\/vc_tta_section][vc_tta_section title=\u00a0\u00bbIT\u00a0\u00bb tab_id=\u00a0\u00bb1720098021626-029ad5e2-bac8&Prime;][vc_column_text]\n<ul>\n<li>Gestion de la connectivit\u00e9<\/li>\n<li>Gestion des workflows<\/li>\n<li>Cr\u00e9ation et Monitoring de base de donn\u00e9es<\/li>\n<li>Cr\u00e9ation de reporting \/ dashboard<\/li>\n<li>Partage d&rsquo;information<\/li>\n<\/ul>\n[\/vc_column_text][\/vc_tta_section][vc_tta_section title=\u00a0\u00bbProjet\u00a0\u00bb tab_id=\u00a0\u00bb1720098192145-5d9cf3b7-6a8c\u00a0\u00bb][vc_column_text]\n<ul>\n<li>Cadrage du processus \u00e0 analyser<\/li>\n<li>D\u00e9finition des objectifs<\/li>\n<li>Gestion de projet<\/li>\n<li>M\u00e9thodologie KDD<\/li>\n<li>Choix strat\u00e9giques de solutions<\/li>\n<\/ul>\n[\/vc_column_text][\/vc_tta_section][\/vc_tta_accordion][\/vc_column][\/vc_row]\n<\/div>","protected":false},"excerpt":{"rendered":"<p>[vc_row bg_gradient_direction=\u00a0\u00bb0&Prime; thb_divider_position=\u00a0\u00bbbottom\u00a0\u00bb css=\u00a0\u00bb.vc_custom_1731078547961{background: #000000 url(https:\/\/www.commandstrategy.com\/wp-content\/uploads\/2024\/10\/AdobeStock_635810372-1-scaled.jpeg?id=1907) !important;background-position: center !important;background-repeat: no-repeat !important;background-size: cover !important;}\u00a0\u00bb el_class=\u00a0\u00bbsection\u00a0\u00bb bg_gradient1=\u00a0\u00bbrgba(0,0,0,0)\u00a0\u00bb bg_gradient2=\u00a0\u00bbrgba(0,0,0,0.31)\u00a0\u00bb][vc_column css=\u00a0\u00bb.vc_custom_1715414179936{padding-top: 6% !important;padding-bottom: 1% !important;}\u00a0\u00bb][vc_row_inner][vc_column_inner][vc_column_text el_class=\u00a0\u00bblight\u00a0\u00bb css=\u00a0\u00bb.vc_custom_1715061755687{padding-top: 60px !important;padding-bottom:&hellip;<\/p>\n","protected":false},"author":2,"featured_media":0,"parent":628,"menu_order":0,"comment_status":"closed","ping_status":"closed","template":"","meta":{"ub_ctt_via":"","footnotes":""},"class_list":["post-1119","page","type-page","status-publish","hentry"],"featured_image_src":null,"yoast_head":"<!-- This site is optimized with the Yoast SEO plugin v25.2 - https:\/\/yoast.com\/wordpress\/plugins\/seo\/ -->\n<title>Business Intelligence - Command Strategy<\/title>\n<meta name=\"description\" content=\"D\u00e9couvrez nos solutions en Business Intelligence pour am\u00e9liorer la gestion de vos donn\u00e9es et soutenir vos prises de d\u00e9cision.\" \/>\n<meta name=\"robots\" content=\"index, follow, max-snippet:-1, max-image-preview:large, max-video-preview:-1\" \/>\n<link rel=\"canonical\" href=\"https:\/\/www.commandstrategy.com\/fr\/expertise\/it-data-consulting\/business-intelligence\/\" \/>\n<meta property=\"og:locale\" content=\"fr_FR\" \/>\n<meta property=\"og:type\" content=\"article\" \/>\n<meta property=\"og:title\" content=\"Business Intelligence - Command Strategy\" \/>\n<meta property=\"og:description\" content=\"D\u00e9couvrez nos solutions en Business Intelligence pour am\u00e9liorer la gestion de vos donn\u00e9es et soutenir vos prises de d\u00e9cision.\" \/>\n<meta property=\"og:url\" content=\"https:\/\/www.commandstrategy.com\/fr\/expertise\/it-data-consulting\/business-intelligence\/\" \/>\n<meta property=\"og:site_name\" content=\"Command Strategy\" \/>\n<meta property=\"article:modified_time\" content=\"2025-02-25T13:40:38+00:00\" \/>\n<meta name=\"twitter:card\" content=\"summary_large_image\" \/>\n<meta name=\"twitter:label1\" content=\"Dur\u00e9e de lecture estim\u00e9e\" \/>\n\t<meta name=\"twitter:data1\" content=\"3 minutes\" \/>\n<script type=\"application\/ld+json\" class=\"yoast-schema-graph\">{\"@context\":\"https:\/\/schema.org\",\"@graph\":[{\"@type\":\"WebPage\",\"@id\":\"https:\/\/www.commandstrategy.com\/fr\/expertise\/it-data-consulting\/business-intelligence\/\",\"url\":\"https:\/\/www.commandstrategy.com\/fr\/expertise\/it-data-consulting\/business-intelligence\/\",\"name\":\"Business Intelligence - Command Strategy\",\"isPartOf\":{\"@id\":\"https:\/\/www.commandstrategy.com\/fr\/#website\"},\"datePublished\":\"2024-07-04T13:50:51+00:00\",\"dateModified\":\"2025-02-25T13:40:38+00:00\",\"description\":\"D\u00e9couvrez nos solutions en Business Intelligence pour am\u00e9liorer la gestion de vos donn\u00e9es et soutenir vos prises de d\u00e9cision.\",\"breadcrumb\":{\"@id\":\"https:\/\/www.commandstrategy.com\/fr\/expertise\/it-data-consulting\/business-intelligence\/#breadcrumb\"},\"inLanguage\":\"fr-FR\",\"potentialAction\":[{\"@type\":\"ReadAction\",\"target\":[\"https:\/\/www.commandstrategy.com\/fr\/expertise\/it-data-consulting\/business-intelligence\/\"]}]},{\"@type\":\"BreadcrumbList\",\"@id\":\"https:\/\/www.commandstrategy.com\/fr\/expertise\/it-data-consulting\/business-intelligence\/#breadcrumb\",\"itemListElement\":[{\"@type\":\"ListItem\",\"position\":1,\"name\":\"Accueil\",\"item\":\"https:\/\/www.commandstrategy.com\/fr\/\"},{\"@type\":\"ListItem\",\"position\":2,\"name\":\"Notre expertise\",\"item\":\"https:\/\/www.commandstrategy.com\/fr\/expertise\/\"},{\"@type\":\"ListItem\",\"position\":3,\"name\":\"IT &#038; Data Consulting\",\"item\":\"https:\/\/www.commandstrategy.com\/fr\/expertise\/it-data-consulting\/\"},{\"@type\":\"ListItem\",\"position\":4,\"name\":\"BUSINESS INTELLIGENCE\"}]},{\"@type\":\"WebSite\",\"@id\":\"https:\/\/www.commandstrategy.com\/fr\/#website\",\"url\":\"https:\/\/www.commandstrategy.com\/fr\/\",\"name\":\"Command Strategy\",\"description\":\"\",\"publisher\":{\"@id\":\"https:\/\/www.commandstrategy.com\/fr\/#organization\"},\"potentialAction\":[{\"@type\":\"SearchAction\",\"target\":{\"@type\":\"EntryPoint\",\"urlTemplate\":\"https:\/\/www.commandstrategy.com\/fr\/?s={search_term_string}\"},\"query-input\":{\"@type\":\"PropertyValueSpecification\",\"valueRequired\":true,\"valueName\":\"search_term_string\"}}],\"inLanguage\":\"fr-FR\"},{\"@type\":\"Organization\",\"@id\":\"https:\/\/www.commandstrategy.com\/fr\/#organization\",\"name\":\"Command Strategy\",\"url\":\"https:\/\/www.commandstrategy.com\/fr\/\",\"logo\":{\"@type\":\"ImageObject\",\"inLanguage\":\"fr-FR\",\"@id\":\"https:\/\/www.commandstrategy.com\/fr\/#\/schema\/logo\/image\/\",\"url\":\"https:\/\/www.commandstrategy.com\/wp-content\/uploads\/2023\/10\/LogoCommandStrategy_Orange-1.jpg\",\"contentUrl\":\"https:\/\/www.commandstrategy.com\/wp-content\/uploads\/2023\/10\/LogoCommandStrategy_Orange-1.jpg\",\"width\":964,\"height\":458,\"caption\":\"Command Strategy\"},\"image\":{\"@id\":\"https:\/\/www.commandstrategy.com\/fr\/#\/schema\/logo\/image\/\"}}]}<\/script>\n<!-- \/ Yoast SEO plugin. -->","yoast_head_json":{"title":"Business Intelligence - Command Strategy","description":"D\u00e9couvrez nos solutions en Business Intelligence pour am\u00e9liorer la gestion de vos donn\u00e9es et soutenir vos prises de d\u00e9cision.","robots":{"index":"index","follow":"follow","max-snippet":"max-snippet:-1","max-image-preview":"max-image-preview:large","max-video-preview":"max-video-preview:-1"},"canonical":"https:\/\/www.commandstrategy.com\/fr\/expertise\/it-data-consulting\/business-intelligence\/","og_locale":"fr_FR","og_type":"article","og_title":"Business Intelligence - Command Strategy","og_description":"D\u00e9couvrez nos solutions en Business Intelligence pour am\u00e9liorer la gestion de vos donn\u00e9es et soutenir vos prises de d\u00e9cision.","og_url":"https:\/\/www.commandstrategy.com\/fr\/expertise\/it-data-consulting\/business-intelligence\/","og_site_name":"Command Strategy","article_modified_time":"2025-02-25T13:40:38+00:00","twitter_card":"summary_large_image","twitter_misc":{"Dur\u00e9e de lecture estim\u00e9e":"3 minutes"},"schema":{"@context":"https:\/\/schema.org","@graph":[{"@type":"WebPage","@id":"https:\/\/www.commandstrategy.com\/fr\/expertise\/it-data-consulting\/business-intelligence\/","url":"https:\/\/www.commandstrategy.com\/fr\/expertise\/it-data-consulting\/business-intelligence\/","name":"Business Intelligence - Command Strategy","isPartOf":{"@id":"https:\/\/www.commandstrategy.com\/fr\/#website"},"datePublished":"2024-07-04T13:50:51+00:00","dateModified":"2025-02-25T13:40:38+00:00","description":"D\u00e9couvrez nos solutions en Business Intelligence pour am\u00e9liorer la gestion de vos donn\u00e9es et soutenir vos prises de d\u00e9cision.","breadcrumb":{"@id":"https:\/\/www.commandstrategy.com\/fr\/expertise\/it-data-consulting\/business-intelligence\/#breadcrumb"},"inLanguage":"fr-FR","potentialAction":[{"@type":"ReadAction","target":["https:\/\/www.commandstrategy.com\/fr\/expertise\/it-data-consulting\/business-intelligence\/"]}]},{"@type":"BreadcrumbList","@id":"https:\/\/www.commandstrategy.com\/fr\/expertise\/it-data-consulting\/business-intelligence\/#breadcrumb","itemListElement":[{"@type":"ListItem","position":1,"name":"Accueil","item":"https:\/\/www.commandstrategy.com\/fr\/"},{"@type":"ListItem","position":2,"name":"Notre expertise","item":"https:\/\/www.commandstrategy.com\/fr\/expertise\/"},{"@type":"ListItem","position":3,"name":"IT &#038; Data Consulting","item":"https:\/\/www.commandstrategy.com\/fr\/expertise\/it-data-consulting\/"},{"@type":"ListItem","position":4,"name":"BUSINESS INTELLIGENCE"}]},{"@type":"WebSite","@id":"https:\/\/www.commandstrategy.com\/fr\/#website","url":"https:\/\/www.commandstrategy.com\/fr\/","name":"Command Strategy","description":"","publisher":{"@id":"https:\/\/www.commandstrategy.com\/fr\/#organization"},"potentialAction":[{"@type":"SearchAction","target":{"@type":"EntryPoint","urlTemplate":"https:\/\/www.commandstrategy.com\/fr\/?s={search_term_string}"},"query-input":{"@type":"PropertyValueSpecification","valueRequired":true,"valueName":"search_term_string"}}],"inLanguage":"fr-FR"},{"@type":"Organization","@id":"https:\/\/www.commandstrategy.com\/fr\/#organization","name":"Command Strategy","url":"https:\/\/www.commandstrategy.com\/fr\/","logo":{"@type":"ImageObject","inLanguage":"fr-FR","@id":"https:\/\/www.commandstrategy.com\/fr\/#\/schema\/logo\/image\/","url":"https:\/\/www.commandstrategy.com\/wp-content\/uploads\/2023\/10\/LogoCommandStrategy_Orange-1.jpg","contentUrl":"https:\/\/www.commandstrategy.com\/wp-content\/uploads\/2023\/10\/LogoCommandStrategy_Orange-1.jpg","width":964,"height":458,"caption":"Command Strategy"},"image":{"@id":"https:\/\/www.commandstrategy.com\/fr\/#\/schema\/logo\/image\/"}}]}},"rttpg_featured_image_url":null,"rttpg_author":{"display_name":"Tidia YETTOU","author_link":"https:\/\/www.commandstrategy.com\/fr\/author\/cmds\/"},"rttpg_comment":0,"rttpg_category":false,"rttpg_excerpt":"[vc_row bg_gradient_direction=\u00a0\u00bb0&Prime; thb_divider_position=\u00a0\u00bbbottom\u00a0\u00bb css=\u00a0\u00bb.vc_custom_1731078547961{background: #000000 url(https:\/\/www.commandstrategy.com\/wp-content\/uploads\/2024\/10\/AdobeStock_635810372-1-scaled.jpeg?id=1907) !important;background-position: center !important;background-repeat: no-repeat !important;background-size: cover !important;}\u00a0\u00bb el_class=\u00a0\u00bbsection\u00a0\u00bb bg_gradient1=\u00a0\u00bbrgba(0,0,0,0)\u00a0\u00bb bg_gradient2=\u00a0\u00bbrgba(0,0,0,0.31)\u00a0\u00bb][vc_column css=\u00a0\u00bb.vc_custom_1715414179936{padding-top: 6% !important;padding-bottom: 1% !important;}\u00a0\u00bb][vc_row_inner][vc_column_inner][vc_column_text el_class=\u00a0\u00bblight\u00a0\u00bb css=\u00a0\u00bb.vc_custom_1715061755687{padding-top: 60px !important;padding-bottom:&hellip;","_links":{"self":[{"href":"https:\/\/www.commandstrategy.com\/fr\/wp-json\/wp\/v2\/pages\/1119","targetHints":{"allow":["GET"]}}],"collection":[{"href":"https:\/\/www.commandstrategy.com\/fr\/wp-json\/wp\/v2\/pages"}],"about":[{"href":"https:\/\/www.commandstrategy.com\/fr\/wp-json\/wp\/v2\/types\/page"}],"author":[{"embeddable":true,"href":"https:\/\/www.commandstrategy.com\/fr\/wp-json\/wp\/v2\/users\/2"}],"replies":[{"embeddable":true,"href":"https:\/\/www.commandstrategy.com\/fr\/wp-json\/wp\/v2\/comments?post=1119"}],"version-history":[{"count":10,"href":"https:\/\/www.commandstrategy.com\/fr\/wp-json\/wp\/v2\/pages\/1119\/revisions"}],"predecessor-version":[{"id":3859,"href":"https:\/\/www.commandstrategy.com\/fr\/wp-json\/wp\/v2\/pages\/1119\/revisions\/3859"}],"up":[{"embeddable":true,"href":"https:\/\/www.commandstrategy.com\/fr\/wp-json\/wp\/v2\/pages\/628"}],"wp:attachment":[{"href":"https:\/\/www.commandstrategy.com\/fr\/wp-json\/wp\/v2\/media?parent=1119"}],"curies":[{"name":"wp","href":"https:\/\/api.w.org\/{rel}","templated":true}]}}