{"id":1076,"date":"2024-06-19T12:03:59","date_gmt":"2024-06-19T10:03:59","guid":{"rendered":"https:\/\/www.commandstrategy.com\/?page_id=1076"},"modified":"2025-02-25T15:11:24","modified_gmt":"2025-02-25T14:11:24","slug":"data-management","status":"publish","type":"page","link":"https:\/\/www.commandstrategy.com\/fr\/expertise\/asset-management\/data-management\/","title":{"rendered":"Data Management"},"content":{"rendered":"<div class=\"wpb-content-wrapper\">[vc_row bg_gradient_direction=\u00a0\u00bb0&Prime; thb_divider_position=\u00a0\u00bbbottom\u00a0\u00bb css=\u00a0\u00bb.vc_custom_1730729804734{background: #000000 url(https:\/\/www.commandstrategy.com\/wp-content\/uploads\/2024\/10\/AdobeStock_92140652-scaled.jpeg?id=1900) !important;background-position: center !important;background-repeat: no-repeat !important;background-size: cover !important;}\u00a0\u00bb el_class=\u00a0\u00bbsection\u00a0\u00bb bg_gradient1=\u00a0\u00bbrgba(0,0,0,0)\u00a0\u00bb bg_gradient2=\u00a0\u00bbrgba(0,0,0,0.31)\u00a0\u00bb][vc_column css=\u00a0\u00bb.vc_custom_1715255878000{padding-top: 6% !important;padding-bottom: 1% !important;}\u00a0\u00bb][vc_row_inner][vc_column_inner][vc_column_text el_class=\u00a0\u00bblight\u00a0\u00bb css=\u00a0\u00bb.vc_custom_1715405281629{padding-top: 30px !important;padding-bottom: 40px !important;background-color: #ccae66 !important;}\u00a0\u00bb]\n<h1 class=\"veryfat\" style=\"text-align: center;\">Asset<br \/>\nManagement<\/h1>\n[\/vc_column_text][\/vc_column_inner][\/vc_row_inner][\/vc_column][\/vc_row][vc_row thb_divider_position=\u00a0\u00bbbottom\u00a0\u00bb css=\u00a0\u00bb.vc_custom_1713854696108{margin-bottom: 0px !important;border-bottom-width: 0px !important;padding-bottom: 0px !important;}\u00a0\u00bb][vc_column css=\u00a0\u00bb.vc_custom_1715255885094{margin-bottom: 0px !important;border-bottom-width: 0px !important;padding-bottom: 0px !important;}\u00a0\u00bb][vc_row_inner content_placement=\u00a0\u00bbmiddle\u00a0\u00bb css=\u00a0\u00bb.vc_custom_1713854663614{margin-bottom: 0px !important;border-bottom-width: 0px !important;padding-bottom: 0px !important;}\u00a0\u00bb][vc_column_inner][vc_column_text el_class=\u00a0\u00bbfat robo\u00a0\u00bb css=\u00a0\u00bb.vc_custom_1718791121743{margin-bottom: 0px !important;}\u00a0\u00bb]\n<h2 style=\"text-align: center;\"><span style=\"color: #ccae66;\">Data Management<\/span><\/h2>\n[\/vc_column_text][\/vc_column_inner][\/vc_row_inner][\/vc_column][\/vc_row][vc_row thb_row_padding=\u00a0\u00bbtrue\u00a0\u00bb thb_divider_position=\u00a0\u00bbbottom\u00a0\u00bb css=\u00a0\u00bb.vc_custom_1717049276775{margin-top: 40px !important;background-color: #ffffff !important;}\u00a0\u00bb el_class=\u00a0\u00bbnopaddingwrapper\u00a0\u00bb][vc_column css=\u00a0\u00bb.vc_custom_1730729823886{padding-top: 5% !important;padding-bottom: 5% !important;background: #ffffff url(https:\/\/www.commandstrategy.com\/wp-content\/uploads\/2024\/10\/shutterstock_2280676771-scaled.jpg?id=1926) !important;background-position: center !important;background-repeat: no-repeat !important;background-size: cover !important;}\u00a0\u00bb el_class=\u00a0\u00bbnopaddingwrapper\u00a0\u00bb][vc_row_inner el_class=\u00a0\u00bbnopaddingwrapper speblocblanc\u00a0\u00bb css=\u00a0\u00bb.vc_custom_1717057283516{margin-right: 10% !important;margin-left: 10% !important;}\u00a0\u00bb][vc_column_inner el_class=\u00a0\u00bbnopaddingwrapper\u00a0\u00bb width=\u00a0\u00bb1\/3&Prime;][\/vc_column_inner][vc_column_inner el_class=\u00a0\u00bbnopaddingwrapper\u00a0\u00bb width=\u00a0\u00bb2\/3&Prime; css=\u00a0\u00bb.vc_custom_1714149417083{margin-right: 0px !important;border-right-width: 0px !important;padding-right: 0px !important;background-color: #ffffff !important;}\u00a0\u00bb][vc_column_text el_class=\u00a0\u00bbmedium nopaddingwrapper\u00a0\u00bb css=\u00a0\u00bb.vc_custom_1718789715815{margin-right: 0px !important;border-right-width: 0px !important;padding-top: 8% !important;padding-right: 8% !important;padding-bottom: 4% !important;padding-left: 8% !important;}\u00a0\u00bb]\n<p style=\"text-align: justify;\"><span style=\"color: #d97d47;\"><strong> L\u2019\u00e9quipe Asset Management intervient aupr\u00e8s des acteurs du secteur de la gestion d\u2019actif (Asset Manager, administrateur de fonds, family Office, Asset servicer&#8230;),<\/strong><\/span> pour faire face aux grandes transformations du secteur, pour les accompagner dans leurs travaux de mod\u00e9lisation de leurs investissements (appui op\u00e9rationnel), de s\u00e9lection d\u2019outils &amp; de digitalisation de leur processus. L\u2019\u00e9quipe, compos\u00e9e d\u2019experts fonctionnels et techniques sur les solutions en gestion d\u2019actifs c\u00f4t\u00e9s et non c\u00f4t\u00e9s, accompagne ses clients de la phase d\u2019audit &amp; de cadrage, en passant par la cat\u00e9gorisation des macro-besoins jusqu\u2019au pilotage &amp; au d\u00e9ploiement de la solution cible.<\/p>\n[\/vc_column_text][\/vc_column_inner][\/vc_row_inner][\/vc_column][\/vc_row][vc_row thb_divider_position=\u00a0\u00bbbottom\u00a0\u00bb css=\u00a0\u00bb.vc_custom_1713951434629{margin-bottom: 70px !important;}\u00a0\u00bb][vc_column][vc_row_inner content_placement=\u00a0\u00bbmiddle\u00a0\u00bb][vc_column_inner][vc_column_text]\n<h2 class=\"fat\" style=\"text-align: center;\">Enjeux<\/h2>\n[\/vc_column_text][vc_column_text el_class=\u00a0\u00bbmedium\u00a0\u00bb]\n<div class=\"page\" title=\"Page 10\">\n<div class=\"section\">\n<div class=\"layoutArea\">\n<div class=\"column\">\n<p style=\"text-align: justify;\">La croissance exponentielle du volume de donn\u00e9e peut \u00eatre synonyme d\u2019opportunit\u00e9 pour les organisations. La donn\u00e9e peut devenir un puissant levier strat\u00e9gique pour am\u00e9liorer l\u2019exp\u00e9rience client, innover et optimiser les processus. N\u00e9anmoins, pour profiter pleinement de cette opportunit\u00e9, les organisations doivent d\u00e9finir &amp; d\u00e9ployer une strat\u00e9gie de Data Management.<\/p>\n<\/div>\n<\/div>\n<\/div>\n<\/div>\n[\/vc_column_text][\/vc_column_inner][\/vc_row_inner][vc_row_inner content_placement=\u00a0\u00bbmiddle\u00a0\u00bb css=\u00a0\u00bb.vc_custom_1717154871932{margin-top: 40px !important;margin-bottom: 0px !important;border-bottom-width: 0px !important;padding-bottom: 0px !important;}\u00a0\u00bb][vc_column_inner][vc_column_text css=\u00a0\u00bb.vc_custom_1730895573718{margin-bottom: 0px !important;}\u00a0\u00bb]\n<h2 class=\"fat\" style=\"text-align: center;\">Notre Accompagnement<\/h2>\n[\/vc_column_text][\/vc_column_inner][\/vc_row_inner][vc_tta_accordion shape=\u00a0\u00bbsquare\u00a0\u00bb c_position=\u00a0\u00bbright\u00a0\u00bb active_section=\u00a0\u00bbnan\u00a0\u00bb collapsible_all=\u00a0\u00bbtrue\u00a0\u00bb el_class=\u00a0\u00bbaccojaune\u00a0\u00bb][vc_tta_section title=\u00a0\u00bbAnalyse, benchmark &amp; accompagnement dans le d\u00e9ploiement et le param\u00e9trage de l&rsquo;outil\u00a0\u00bb tab_id=\u00a0\u00bb1717749410840-dcf51e37-3b98&Prime;][vc_column_text el_class=\u00a0\u00bbcta\u00a0\u00bb css=\u00a0\u00bb.vc_custom_1730895646989{padding-bottom: 30px !important;}\u00a0\u00bb]\n<ul>\n<li>D\u00e9finition de la vision strat\u00e9gique et de la roadmap op\u00e9rationnelle associ\u00e9e<\/li>\n<li>Gouvernance de la donn\u00e9e : cadrer les processus, les r\u00f4les, les usages, les r\u00e8gles et les responsabilit\u00e9s sur toute la cha\u00eene de valeur de la donn\u00e9e (mettre en place des \u00ab\u00a0quick wins\u00a0\u00bb pour susciter l&rsquo;adh\u00e9sion du projet)<\/li>\n<li>Cr\u00e9ation \/ d\u00e9ploiement d&rsquo;un Enterprise Data Management ou d&rsquo;un Master Data Management<\/li>\n<li>Dictionnaire de donn\u00e9es<\/li>\n<li>Mise en qualit\u00e9 des donn\u00e9es \u00e0 travers un \u00e9tat des lieux sp\u00e9cifique par domaine fonctionnel ou objet m\u00e9tier<\/li>\n<li>Conseil et organisation du Data Department : d\u00e9finition de l&rsquo;organisation cible \u00e0 mettre en place (Data officer, CDO, Data Steward,&#8230;)<\/li>\n<\/ul>\n[\/vc_column_text][\/vc_tta_section][\/vc_tta_accordion][\/vc_column][\/vc_row][vc_row thb_divider_position=\u00a0\u00bbbottom\u00a0\u00bb css=\u00a0\u00bb.vc_custom_1732282286449{background-color: #f3f6f8 !important;}\u00a0\u00bb][vc_column][vc_row_inner][vc_column_inner][vc_column_text]\n<h2 style=\"text-align: center;\">R\u00e9f\u00e9rences &amp; R\u00e9alisations<\/h2>\n[\/vc_column_text][\/vc_column_inner][\/vc_row_inner][vc_row_inner thb_max_width=\u00a0\u00bbmax_width\u00a0\u00bb][vc_column_inner width=\u00a0\u00bb1\/2&Prime; css=\u00a0\u00bb.vc_custom_1732526296911{padding-left: 10% !important;}\u00a0\u00bb]\t<div id=\"thb-image-69f18a04f270a\" class=\"caption-style1  alignleft   thb_image_link wp-caption\">\n\t\t\t<div class=\"thb-image-inner size_100\">\n\t\t\t<img decoding=\"async\" class=\"thb_image   thb-ignore-lazyload \" src=\"https:\/\/www.commandstrategy.com\/wp-content\/uploads\/2024\/11\/Design-sans-titre-23-1200x700.png\" width=\"1200\" height=\"700\" alt=\"R\u00e9f\u00e9rences et r\u00e9alisations\" title=\"R\u00e9f\u00e9rences et r\u00e9alisations\" loading=\"lazy\" \/>\n\t\t<\/div>\n\t\t\t\t\t<\/div>\n\t[\/vc_column_inner][vc_column_inner width=\u00a0\u00bb1\/2&Prime; css=\u00a0\u00bb.vc_custom_1732705188600{padding-top: 5px !important;}\u00a0\u00bb][vc_column_text]\n<ul>\n<li>Digitalisation et optimisation des process pour la gestion, la visualisation des donn\u00e9es li\u00e9es aux r\u00e9f\u00e9rentiels et investissements non cot\u00e9s<\/li>\n<li>Revue de l\u2019architecture de la donn\u00e9e chez un Asset Manager<\/li>\n<li>Conception et mise en \u0153uvre du reporting TPT format<\/li>\n<li>Pilotage de la mise en \u0153uvre d\u2019un MDM pour la gestion des Tiers<\/li>\n<\/ul>\n[\/vc_column_text][\/vc_column_inner][\/vc_row_inner][\/vc_column][\/vc_row]\n<\/div>","protected":false},"excerpt":{"rendered":"<p>[vc_row bg_gradient_direction=\u00a0\u00bb0&Prime; thb_divider_position=\u00a0\u00bbbottom\u00a0\u00bb css=\u00a0\u00bb.vc_custom_1730729804734{background: #000000 url(https:\/\/www.commandstrategy.com\/wp-content\/uploads\/2024\/10\/AdobeStock_92140652-scaled.jpeg?id=1900) !important;background-position: center !important;background-repeat: no-repeat !important;background-size: cover !important;}\u00a0\u00bb el_class=\u00a0\u00bbsection\u00a0\u00bb bg_gradient1=\u00a0\u00bbrgba(0,0,0,0)\u00a0\u00bb bg_gradient2=\u00a0\u00bbrgba(0,0,0,0.31)\u00a0\u00bb][vc_column css=\u00a0\u00bb.vc_custom_1715255878000{padding-top: 6% !important;padding-bottom: 1% !important;}\u00a0\u00bb][vc_row_inner][vc_column_inner][vc_column_text el_class=\u00a0\u00bblight\u00a0\u00bb css=\u00a0\u00bb.vc_custom_1715405281629{padding-top: 30px !important;padding-bottom:&hellip;<\/p>\n","protected":false},"author":2,"featured_media":0,"parent":731,"menu_order":0,"comment_status":"closed","ping_status":"closed","template":"","meta":{"ub_ctt_via":"","footnotes":""},"class_list":["post-1076","page","type-page","status-publish","hentry"],"featured_image_src":null,"yoast_head":"<!-- This site is optimized with the Yoast SEO plugin v25.2 - https:\/\/yoast.com\/wordpress\/plugins\/seo\/ -->\n<title>Data Management<\/title>\n<meta name=\"description\" content=\"Optimisez la gestion de vos donn\u00e9es pour une prise de d\u00e9cision \u00e9clair\u00e9e avec l&#039;expertise en Data Management de Command Strategy.\" \/>\n<meta name=\"robots\" content=\"index, follow, max-snippet:-1, max-image-preview:large, max-video-preview:-1\" \/>\n<link rel=\"canonical\" href=\"https:\/\/www.commandstrategy.com\/fr\/expertise\/asset-management\/data-management\/\" \/>\n<meta property=\"og:locale\" content=\"fr_FR\" \/>\n<meta property=\"og:type\" content=\"article\" \/>\n<meta property=\"og:title\" content=\"Data Management\" \/>\n<meta property=\"og:description\" content=\"Optimisez la gestion de vos donn\u00e9es pour une prise de d\u00e9cision \u00e9clair\u00e9e avec l&#039;expertise en Data Management de Command Strategy.\" \/>\n<meta property=\"og:url\" content=\"https:\/\/www.commandstrategy.com\/fr\/expertise\/asset-management\/data-management\/\" \/>\n<meta property=\"og:site_name\" content=\"Command Strategy\" \/>\n<meta property=\"article:modified_time\" content=\"2025-02-25T14:11:24+00:00\" \/>\n<meta name=\"twitter:card\" content=\"summary_large_image\" \/>\n<meta name=\"twitter:label1\" content=\"Dur\u00e9e de lecture estim\u00e9e\" \/>\n\t<meta name=\"twitter:data1\" content=\"3 minutes\" \/>\n<script type=\"application\/ld+json\" class=\"yoast-schema-graph\">{\"@context\":\"https:\/\/schema.org\",\"@graph\":[{\"@type\":\"WebPage\",\"@id\":\"https:\/\/www.commandstrategy.com\/fr\/expertise\/asset-management\/data-management\/\",\"url\":\"https:\/\/www.commandstrategy.com\/fr\/expertise\/asset-management\/data-management\/\",\"name\":\"Data Management\",\"isPartOf\":{\"@id\":\"https:\/\/www.commandstrategy.com\/fr\/#website\"},\"datePublished\":\"2024-06-19T10:03:59+00:00\",\"dateModified\":\"2025-02-25T14:11:24+00:00\",\"description\":\"Optimisez la gestion de vos donn\u00e9es pour une prise de d\u00e9cision \u00e9clair\u00e9e avec l'expertise en Data Management de Command Strategy.\",\"breadcrumb\":{\"@id\":\"https:\/\/www.commandstrategy.com\/fr\/expertise\/asset-management\/data-management\/#breadcrumb\"},\"inLanguage\":\"fr-FR\",\"potentialAction\":[{\"@type\":\"ReadAction\",\"target\":[\"https:\/\/www.commandstrategy.com\/fr\/expertise\/asset-management\/data-management\/\"]}]},{\"@type\":\"BreadcrumbList\",\"@id\":\"https:\/\/www.commandstrategy.com\/fr\/expertise\/asset-management\/data-management\/#breadcrumb\",\"itemListElement\":[{\"@type\":\"ListItem\",\"position\":1,\"name\":\"Accueil\",\"item\":\"https:\/\/www.commandstrategy.com\/fr\/\"},{\"@type\":\"ListItem\",\"position\":2,\"name\":\"Notre expertise\",\"item\":\"https:\/\/www.commandstrategy.com\/fr\/expertise\/\"},{\"@type\":\"ListItem\",\"position\":3,\"name\":\"Asset Management\",\"item\":\"https:\/\/www.commandstrategy.com\/fr\/expertise\/asset-management\/\"},{\"@type\":\"ListItem\",\"position\":4,\"name\":\"Data Management\"}]},{\"@type\":\"WebSite\",\"@id\":\"https:\/\/www.commandstrategy.com\/fr\/#website\",\"url\":\"https:\/\/www.commandstrategy.com\/fr\/\",\"name\":\"Command Strategy\",\"description\":\"\",\"publisher\":{\"@id\":\"https:\/\/www.commandstrategy.com\/fr\/#organization\"},\"potentialAction\":[{\"@type\":\"SearchAction\",\"target\":{\"@type\":\"EntryPoint\",\"urlTemplate\":\"https:\/\/www.commandstrategy.com\/fr\/?s={search_term_string}\"},\"query-input\":{\"@type\":\"PropertyValueSpecification\",\"valueRequired\":true,\"valueName\":\"search_term_string\"}}],\"inLanguage\":\"fr-FR\"},{\"@type\":\"Organization\",\"@id\":\"https:\/\/www.commandstrategy.com\/fr\/#organization\",\"name\":\"Command Strategy\",\"url\":\"https:\/\/www.commandstrategy.com\/fr\/\",\"logo\":{\"@type\":\"ImageObject\",\"inLanguage\":\"fr-FR\",\"@id\":\"https:\/\/www.commandstrategy.com\/fr\/#\/schema\/logo\/image\/\",\"url\":\"https:\/\/www.commandstrategy.com\/wp-content\/uploads\/2023\/10\/LogoCommandStrategy_Orange-1.jpg\",\"contentUrl\":\"https:\/\/www.commandstrategy.com\/wp-content\/uploads\/2023\/10\/LogoCommandStrategy_Orange-1.jpg\",\"width\":964,\"height\":458,\"caption\":\"Command Strategy\"},\"image\":{\"@id\":\"https:\/\/www.commandstrategy.com\/fr\/#\/schema\/logo\/image\/\"}}]}<\/script>\n<!-- \/ Yoast SEO plugin. -->","yoast_head_json":{"title":"Data Management","description":"Optimisez la gestion de vos donn\u00e9es pour une prise de d\u00e9cision \u00e9clair\u00e9e avec l'expertise en Data Management de Command Strategy.","robots":{"index":"index","follow":"follow","max-snippet":"max-snippet:-1","max-image-preview":"max-image-preview:large","max-video-preview":"max-video-preview:-1"},"canonical":"https:\/\/www.commandstrategy.com\/fr\/expertise\/asset-management\/data-management\/","og_locale":"fr_FR","og_type":"article","og_title":"Data Management","og_description":"Optimisez la gestion de vos donn\u00e9es pour une prise de d\u00e9cision \u00e9clair\u00e9e avec l'expertise en Data Management de Command Strategy.","og_url":"https:\/\/www.commandstrategy.com\/fr\/expertise\/asset-management\/data-management\/","og_site_name":"Command Strategy","article_modified_time":"2025-02-25T14:11:24+00:00","twitter_card":"summary_large_image","twitter_misc":{"Dur\u00e9e de lecture estim\u00e9e":"3 minutes"},"schema":{"@context":"https:\/\/schema.org","@graph":[{"@type":"WebPage","@id":"https:\/\/www.commandstrategy.com\/fr\/expertise\/asset-management\/data-management\/","url":"https:\/\/www.commandstrategy.com\/fr\/expertise\/asset-management\/data-management\/","name":"Data Management","isPartOf":{"@id":"https:\/\/www.commandstrategy.com\/fr\/#website"},"datePublished":"2024-06-19T10:03:59+00:00","dateModified":"2025-02-25T14:11:24+00:00","description":"Optimisez la gestion de vos donn\u00e9es pour une prise de d\u00e9cision \u00e9clair\u00e9e avec l'expertise en Data Management de Command Strategy.","breadcrumb":{"@id":"https:\/\/www.commandstrategy.com\/fr\/expertise\/asset-management\/data-management\/#breadcrumb"},"inLanguage":"fr-FR","potentialAction":[{"@type":"ReadAction","target":["https:\/\/www.commandstrategy.com\/fr\/expertise\/asset-management\/data-management\/"]}]},{"@type":"BreadcrumbList","@id":"https:\/\/www.commandstrategy.com\/fr\/expertise\/asset-management\/data-management\/#breadcrumb","itemListElement":[{"@type":"ListItem","position":1,"name":"Accueil","item":"https:\/\/www.commandstrategy.com\/fr\/"},{"@type":"ListItem","position":2,"name":"Notre expertise","item":"https:\/\/www.commandstrategy.com\/fr\/expertise\/"},{"@type":"ListItem","position":3,"name":"Asset Management","item":"https:\/\/www.commandstrategy.com\/fr\/expertise\/asset-management\/"},{"@type":"ListItem","position":4,"name":"Data Management"}]},{"@type":"WebSite","@id":"https:\/\/www.commandstrategy.com\/fr\/#website","url":"https:\/\/www.commandstrategy.com\/fr\/","name":"Command Strategy","description":"","publisher":{"@id":"https:\/\/www.commandstrategy.com\/fr\/#organization"},"potentialAction":[{"@type":"SearchAction","target":{"@type":"EntryPoint","urlTemplate":"https:\/\/www.commandstrategy.com\/fr\/?s={search_term_string}"},"query-input":{"@type":"PropertyValueSpecification","valueRequired":true,"valueName":"search_term_string"}}],"inLanguage":"fr-FR"},{"@type":"Organization","@id":"https:\/\/www.commandstrategy.com\/fr\/#organization","name":"Command Strategy","url":"https:\/\/www.commandstrategy.com\/fr\/","logo":{"@type":"ImageObject","inLanguage":"fr-FR","@id":"https:\/\/www.commandstrategy.com\/fr\/#\/schema\/logo\/image\/","url":"https:\/\/www.commandstrategy.com\/wp-content\/uploads\/2023\/10\/LogoCommandStrategy_Orange-1.jpg","contentUrl":"https:\/\/www.commandstrategy.com\/wp-content\/uploads\/2023\/10\/LogoCommandStrategy_Orange-1.jpg","width":964,"height":458,"caption":"Command Strategy"},"image":{"@id":"https:\/\/www.commandstrategy.com\/fr\/#\/schema\/logo\/image\/"}}]}},"rttpg_featured_image_url":null,"rttpg_author":{"display_name":"Tidia YETTOU","author_link":"https:\/\/www.commandstrategy.com\/fr\/author\/cmds\/"},"rttpg_comment":0,"rttpg_category":false,"rttpg_excerpt":"[vc_row bg_gradient_direction=\u00a0\u00bb0&Prime; thb_divider_position=\u00a0\u00bbbottom\u00a0\u00bb css=\u00a0\u00bb.vc_custom_1730729804734{background: #000000 url(https:\/\/www.commandstrategy.com\/wp-content\/uploads\/2024\/10\/AdobeStock_92140652-scaled.jpeg?id=1900) !important;background-position: center !important;background-repeat: no-repeat !important;background-size: cover !important;}\u00a0\u00bb el_class=\u00a0\u00bbsection\u00a0\u00bb bg_gradient1=\u00a0\u00bbrgba(0,0,0,0)\u00a0\u00bb bg_gradient2=\u00a0\u00bbrgba(0,0,0,0.31)\u00a0\u00bb][vc_column css=\u00a0\u00bb.vc_custom_1715255878000{padding-top: 6% !important;padding-bottom: 1% !important;}\u00a0\u00bb][vc_row_inner][vc_column_inner][vc_column_text el_class=\u00a0\u00bblight\u00a0\u00bb css=\u00a0\u00bb.vc_custom_1715405281629{padding-top: 30px !important;padding-bottom:&hellip;","_links":{"self":[{"href":"https:\/\/www.commandstrategy.com\/fr\/wp-json\/wp\/v2\/pages\/1076","targetHints":{"allow":["GET"]}}],"collection":[{"href":"https:\/\/www.commandstrategy.com\/fr\/wp-json\/wp\/v2\/pages"}],"about":[{"href":"https:\/\/www.commandstrategy.com\/fr\/wp-json\/wp\/v2\/types\/page"}],"author":[{"embeddable":true,"href":"https:\/\/www.commandstrategy.com\/fr\/wp-json\/wp\/v2\/users\/2"}],"replies":[{"embeddable":true,"href":"https:\/\/www.commandstrategy.com\/fr\/wp-json\/wp\/v2\/comments?post=1076"}],"version-history":[{"count":9,"href":"https:\/\/www.commandstrategy.com\/fr\/wp-json\/wp\/v2\/pages\/1076\/revisions"}],"predecessor-version":[{"id":2736,"href":"https:\/\/www.commandstrategy.com\/fr\/wp-json\/wp\/v2\/pages\/1076\/revisions\/2736"}],"up":[{"embeddable":true,"href":"https:\/\/www.commandstrategy.com\/fr\/wp-json\/wp\/v2\/pages\/731"}],"wp:attachment":[{"href":"https:\/\/www.commandstrategy.com\/fr\/wp-json\/wp\/v2\/media?parent=1076"}],"curies":[{"name":"wp","href":"https:\/\/api.w.org\/{rel}","templated":true}]}}