{"id":4597,"date":"2024-09-18T13:28:08","date_gmt":"2024-09-18T11:28:08","guid":{"rendered":"https:\/\/www.commandstrategy.com\/asset-and-liability-management-alm\/"},"modified":"2025-06-11T09:36:58","modified_gmt":"2025-06-11T07:36:58","slug":"asset-and-liability-management-alm","status":"publish","type":"page","link":"https:\/\/www.commandstrategy.com\/en\/our-expertise\/actuarial-modeling-services\/asset-and-liability-management-alm\/","title":{"rendered":"Asset and liability management (ALM)"},"content":{"rendered":"<div class=\"wpb-content-wrapper\">[vc_row bg_gradient_direction=&#8221;0&#8243; thb_divider_position=&#8221;bottom&#8221; css=&#8221;.vc_custom_1730730390732{background: #000000 url(https:\/\/www.commandstrategy.com\/wp-content\/uploads\/2024\/10\/AdobeStock_676223690-scaled.jpeg?id=1904) !important;background-position: center !important;background-repeat: no-repeat !important;background-size: cover !important;}&#8221; el_class=&#8221;section&#8221; bg_gradient1=&#8221;rgba(0,0,0,0)&#8221; bg_gradient2=&#8221;rgba(0,0,0,0.31)&#8221;][vc_column css=&#8221;.vc_custom_1715255878000{padding-top: 6% !important;padding-bottom: 1% !important;}&#8221;][vc_row_inner][vc_column_inner][vc_column_text el_class=&#8221;light&#8221; css=&#8221;.vc_custom_1726658844227{padding-top: 30px !important;padding-bottom: 40px !important;background-color: #629fb9 !important;}&#8221;]\n<h1 class=\"veryfat\" style=\"text-align: center;\">Actuarial &amp; Modeling Services<\/h1>\n[\/vc_column_text][\/vc_column_inner][\/vc_row_inner][\/vc_column][\/vc_row][vc_row thb_divider_position=&#8221;bottom&#8221; css=&#8221;.vc_custom_1713854696108{margin-bottom: 0px !important;border-bottom-width: 0px !important;padding-bottom: 0px !important;}&#8221;][vc_column css=&#8221;.vc_custom_1715255885094{margin-bottom: 0px !important;border-bottom-width: 0px !important;padding-bottom: 0px !important;}&#8221;][vc_row_inner content_placement=&#8221;middle&#8221; css=&#8221;.vc_custom_1713854663614{margin-bottom: 0px !important;border-bottom-width: 0px !important;padding-bottom: 0px !important;}&#8221;][vc_column_inner][vc_column_text el_class=&#8221;fat robo&#8221; css=&#8221;.vc_custom_1726760131616{margin-bottom: 0px !important;}&#8221;]\n<h2 style=\"text-align: center;\"><span style=\"color: #629fb9;\">Asset and liability management (ALM)<\/span><\/h2>\n[\/vc_column_text][\/vc_column_inner][\/vc_row_inner][\/vc_column][\/vc_row][vc_row thb_row_padding=&#8221;true&#8221; thb_divider_position=&#8221;bottom&#8221; css=&#8221;.vc_custom_1717049276775{margin-top: 40px !important;background-color: #ffffff !important;}&#8221; el_class=&#8221;nopaddingwrapper&#8221;][vc_column css=&#8221;.vc_custom_1740490555749{padding-top: 5% !important;padding-bottom: 5% !important;background: #ffffff url(https:\/\/www.commandstrategy.com\/wp-content\/uploads\/2024\/10\/iStock-1315303071-scaled.jpg?id=1941) !important;background-position: center !important;background-repeat: no-repeat !important;background-size: cover !important;}&#8221; el_class=&#8221;nopaddingwrapper&#8221;][vc_row_inner el_class=&#8221;nopaddingwrapper speblocblanc&#8221; css=&#8221;.vc_custom_1717057283516{margin-right: 10% !important;margin-left: 10% !important;}&#8221;][vc_column_inner el_class=&#8221;nopaddingwrapper&#8221; width=&#8221;1\/3&#8243;][\/vc_column_inner][vc_column_inner el_class=&#8221;nopaddingwrapper&#8221; width=&#8221;2\/3&#8243; css=&#8221;.vc_custom_1714149417083{margin-right: 0px !important;border-right-width: 0px !important;padding-right: 0px !important;background-color: #ffffff !important;}&#8221;][vc_column_text el_class=&#8221;medium nopaddingwrapper&#8221; css=&#8221;.vc_custom_1726760101764{margin-right: 0px !important;border-right-width: 0px !important;padding-top: 8% !important;padding-right: 8% !important;padding-bottom: 4% !important;padding-left: 8% !important;}&#8221;]\n<p style=\"text-align: justify;\">The <strong>Actuarial &amp; Modeling Services<\/strong> (AMS) team, made up of actuaries, statisticians and engineers specialized in finance and modeling, works with companies providing <strong>insurance services<\/strong> (insurance companies, mutual insurers, provident institutions, reinsurers, etc.) and other players in the investment world (banks, asset managers, investment companies, etc.) to support them in their <strong>projects<\/strong> and production work in <strong>financial modeling, ALM <\/strong>and <strong>actuarial science.<\/strong><\/p>\n[\/vc_column_text][\/vc_column_inner][\/vc_row_inner][\/vc_column][\/vc_row][vc_row thb_divider_position=&#8221;bottom&#8221; css=&#8221;.vc_custom_1713951434629{margin-bottom: 70px !important;}&#8221;][vc_column][vc_row_inner content_placement=&#8221;middle&#8221; css=&#8221;.vc_custom_1713854663614{margin-bottom: 0px !important;border-bottom-width: 0px !important;padding-bottom: 0px !important;}&#8221;][vc_column_inner][vc_column_text]\n<h2 class=\"fat\" style=\"text-align: center;\">Issues<\/h2>\n[\/vc_column_text][vc_column_text css=&#8221;.vc_custom_1732194691473{margin-bottom: 20px !important;}&#8221; el_class=&#8221;medium&#8221;]\n<p style=\"text-align: justify;\">As the cornerstone of <strong>tactical and strategic decision-making<\/strong>, <strong>forward-looking<\/strong> cash flow <strong>modeling<\/strong> and<strong> quantitative analysis<\/strong> of ALM indicators have become essential, differentiating management tools for institutional investors.<\/p>\n[\/vc_column_text][vc_empty_space][\/vc_column_inner][\/vc_row_inner][\/vc_column][\/vc_row][vc_row thb_divider_position=&#8221;bottom&#8221; css=&#8221;.vc_custom_1725633919638{background-color: #f3f6f8 !important;}&#8221;][vc_column][vc_column_text]\n<h2 class=\"fat\" style=\"text-align: center;\">Our support<\/h2>\n[\/vc_column_text][vc_column_text]\n<h3 style=\"text-align: justify;\">For players in the world of insurance, banking and investment, we offer to supervise and contribute to projects and production work, to the automation and analysis of ALM and risk management indicators:<\/h3>\n[\/vc_column_text][vc_row_inner disable_element=&#8221;yes&#8221;][vc_column_inner width=&#8221;1\/3&#8243; thb_border_radius=&#8221;6px&#8221;]\t<div id=\"thb-iconbox-6a04992fb1c70\" class=\"thb-iconbox top type2    animation-true h200\" href=\"\" target=\"_self\" data-animation_speed=\"1.5\">\n\t\t\t\t\t\t<div class=\"iconbox-content\">\n\t\t\t\t\t\t\t<h5>ALM Assurantiel<\/h5>\t\t\t<div class=\"thb-iconbox-text\">\n\t\t\t\t<p>- Duration and liquidity impasses<\/p>\n<p>- Performance and risk indicators, financial and extra-financial<\/p>\n<p>- Allocation under constraints (regulatory, tactical, strategic)<\/p>\n\t\t\t<\/div>\n\t\t<\/div>\n\t\t\t\t\t\t<style>\n\t\t\t\t\t\t\t\t\t\t\t\t\t\t\t\t#thb-iconbox-6a04992fb1c70.thb-iconbox.type2:hover {\n\t\t\t\t\tbackground-color: #629fb9;\n\t\t\t\t\tborder-color: #629fb9;\n\t\t\t\t}\n\t\t\t\t#thb-iconbox-6a04992fb1c70.thb-iconbox.type3:after {\n\t\t\t\t\tbox-shadow: inset 0 -75px 60px -35px #629fb9;\n\t\t\t\t}\n\t\t\t\t\t\t\t\t\t\t\t\t\/* Hover *\/\n\t\t\t\t\t\t\t\t\t\t\t<\/style>\n\t\t\t<\/div>\n\t[\/vc_column_inner][vc_column_inner width=&#8221;1\/3&#8243;]\t<div id=\"thb-iconbox-6a04992fb1e30\" class=\"thb-iconbox top type2    animation-true h200\" href=\"\" target=\"_self\" data-animation_speed=\"1.5\">\n\t\t\t\t\t\t<div class=\"iconbox-content\">\n\t\t\t\t\t\t\t<h5>ALM Banking<\/h5>\t\t\t<div class=\"thb-iconbox-text\">\n\t\t\t\t<p>- Modelling interest rate, liquidity and foreign exchange risk<\/p>\n<p>- Basel regulatory indicators and ratios<\/p>\n\t\t\t<\/div>\n\t\t<\/div>\n\t\t\t\t\t\t<style>\n\t\t\t\t\t\t\t\t\t\t\t\t\t\t\t\t#thb-iconbox-6a04992fb1e30.thb-iconbox.type2:hover {\n\t\t\t\t\tbackground-color: #629fb9;\n\t\t\t\t\tborder-color: #629fb9;\n\t\t\t\t}\n\t\t\t\t#thb-iconbox-6a04992fb1e30.thb-iconbox.type3:after {\n\t\t\t\t\tbox-shadow: inset 0 -75px 60px -35px #629fb9;\n\t\t\t\t}\n\t\t\t\t\t\t\t\t\t\t\t\t\/* Hover *\/\n\t\t\t\t\t\t\t\t\t\t\t<\/style>\n\t\t\t<\/div>\n\t[\/vc_column_inner][vc_column_inner width=&#8221;1\/3&#8243;]\t<div id=\"thb-iconbox-6a04992fb1efe\" class=\"thb-iconbox top type2    animation-true h200\" href=\"\" target=\"_self\" data-animation_speed=\"1.5\">\n\t\t\t\t\t\t<div class=\"iconbox-content\">\n\t\t\t\t\t\t\t<h5>ALM Treasury<\/h5>\t\t\t<div class=\"thb-iconbox-text\">\n\t\t\t\t<p>- Interest rate and liquidity impasses<\/p>\n<p>- Daily and long-term refinancing management<\/p>\n<p>- Flow forecasts<\/p>\n\t\t\t<\/div>\n\t\t<\/div>\n\t\t\t\t\t\t<style>\n\t\t\t\t\t\t\t\t\t\t\t\t\t\t\t\t#thb-iconbox-6a04992fb1efe.thb-iconbox.type2:hover {\n\t\t\t\t\tbackground-color: #629fb9;\n\t\t\t\t\tborder-color: #629fb9;\n\t\t\t\t}\n\t\t\t\t#thb-iconbox-6a04992fb1efe.thb-iconbox.type3:after {\n\t\t\t\t\tbox-shadow: inset 0 -75px 60px -35px #629fb9;\n\t\t\t\t}\n\t\t\t\t\t\t\t\t\t\t\t\t\/* Hover *\/\n\t\t\t\t\t\t\t\t\t\t\t<\/style>\n\t\t\t<\/div>\n\t[\/vc_column_inner][\/vc_row_inner][vc_tta_accordion shape=&#8221;square&#8221; c_position=&#8221;right&#8221; active_section=&#8221;nan&#8221; collapsible_all=&#8221;true&#8221; el_class=&#8221;accobleu3&#8243;][vc_tta_section title=&#8221;ALM Assurantiel&#8221; tab_id=&#8221;1732290927538-dfeece90-48e9&#8243;][vc_column_text]\n<ul>\n<li>Duration shortfalls and liquidity<\/li>\n<li>Financial and non-financial performance and risk indicators<\/li>\n<li>Allocation under constraints (regulatory, tactical, strategic)<\/li>\n<\/ul>\n[\/vc_column_text][\/vc_tta_section][vc_tta_section title=&#8221;ALM Banking&#8221; tab_id=&#8221;1732290927548-86481ff6-739d&#8221;][vc_column_text]\n<ul>\n<li>Modelling interest rate, liquidity and foreign exchange risk<\/li>\n<li>Basel regulatory indicators and ratios<\/li>\n<\/ul>\n[\/vc_column_text][\/vc_tta_section][vc_tta_section title=&#8221;ALM Treasury&#8221; tab_id=&#8221;1732290992953-9974f17c-f38c&#8221;][vc_column_text]\n<ul>\n<li>Rate impasses and liquidity<\/li>\n<li>Management of daily and long-term refinancing,<\/li>\n<li>Flow forecasts<\/li>\n<\/ul>\n[\/vc_column_text][\/vc_tta_section][\/vc_tta_accordion][\/vc_column][\/vc_row][vc_row thb_full_width=&#8221;true&#8221; content_placement=&#8221;middle&#8221; thb_divider_position=&#8221;bottom&#8221; css=&#8221;.vc_custom_1725528536899{padding-top: 10vh !important;padding-bottom: 5vh !important;background-color: #ffffff !important;}&#8221; el_id=&#8221;features&#8221;][vc_column][vc_row_inner thb_max_width=&#8221;max_width&#8221; el_class=&#8221;align-center&#8221;][vc_column_inner offset=&#8221;vc_col-lg-8 vc_col-md-10&#8243;][vc_column_text animation=&#8221;animation bottom-to-top&#8221; el_class=&#8221;text-center&#8221; css=&#8221;.vc_custom_1725528384596{padding-right: 13% !important;padding-left: 13% !important;}&#8221;]\n<h2 style=\"text-align: center;\"><strong>References &amp; Achievements<\/strong><\/h2>\n[\/vc_column_text][\/vc_column_inner][\/vc_row_inner][vc_row_inner thb_max_width=&#8221;max_width&#8221; css=&#8221;.vc_custom_1732524485592{padding-top: 5vh !important;padding-bottom: 10vh !important;}&#8221;][vc_column_inner width=&#8221;1\/2&#8243; css=&#8221;.vc_custom_1500535268515{padding-left: 10% !important;}&#8221;]\t<div id=\"thb-image-6a04992fb1fe1\" class=\"caption-style1 animation bottom-to-top alignleft   thb_image_link wp-caption\">\n\t\t\t<div class=\"thb-image-inner size_100\">\n\t\t\t<img decoding=\"async\" class=\"thb_image   thb-ignore-lazyload \" src=\"https:\/\/www.commandstrategy.com\/wp-content\/uploads\/2024\/11\/Design-sans-titre-23-1200x700.png\" width=\"1200\" height=\"700\" alt=\"R\u00e9f\u00e9rences et r\u00e9alisations\" title=\"R\u00e9f\u00e9rences et r\u00e9alisations\" loading=\"lazy\" \/>\n\t\t<\/div>\n\t\t\t\t\t<\/div>\n\t[\/vc_column_inner][vc_column_inner width=&#8221;1\/2&#8243; css=&#8221;.vc_custom_1732524362184{padding-top: 5vh !important;}&#8221;][vc_column_text]\n<ul>\n<li class=\"x_MsoListParagraph\">ALM Assurantiel: Deployment and monitoring of changes to an ALM &amp; Solvency 2 projection model (e.g. <i>point-liability model, mortality law, interest rate algo, etc.).<\/i><\/li>\n<li class=\"x_MsoListParagraph\">ALM Bancaire: Implementation of an automated dashboard for monitoring asset-liability risks (interest-rate &amp; liquidity impasses).<\/li>\n<li class=\"x_MsoListParagraph\">ALM Treasury: business projections, calculation of risk monitoring indicators and management of liquidity shortfalls via daily refinancing.<\/li>\n<\/ul>\n[\/vc_column_text][\/vc_column_inner][\/vc_row_inner][\/vc_column][\/vc_row]\n<\/div>","protected":false},"excerpt":{"rendered":"<p>[vc_row bg_gradient_direction=&#8221;0&#8243; thb_divider_position=&#8221;bottom&#8221; css=&#8221;.vc_custom_1730730390732{background: #000000 url(https:\/\/www.commandstrategy.com\/wp-content\/uploads\/2024\/10\/AdobeStock_676223690-scaled.jpeg?id=1904) !important;background-position: center !important;background-repeat: no-repeat !important;background-size: cover !important;}&#8221; el_class=&#8221;section&#8221; bg_gradient1=&#8221;rgba(0,0,0,0)&#8221; bg_gradient2=&#8221;rgba(0,0,0,0.31)&#8221;][vc_column css=&#8221;.vc_custom_1715255878000{padding-top: 6% !important;padding-bottom: 1% !important;}&#8221;][vc_row_inner][vc_column_inner][vc_column_text el_class=&#8221;light&#8221; css=&#8221;.vc_custom_1726658844227{padding-top: 30px !important;padding-bottom:&hellip;<\/p>\n","protected":false},"author":2,"featured_media":0,"parent":5282,"menu_order":0,"comment_status":"closed","ping_status":"closed","template":"","meta":{"ub_ctt_via":"","footnotes":""},"class_list":["post-4597","page","type-page","status-publish","hentry"],"featured_image_src":null,"yoast_head":"<!-- This site is optimized with the Yoast SEO plugin v25.2 - https:\/\/yoast.com\/wordpress\/plugins\/seo\/ -->\n<title>Asset and Liability Management (ALM) - Command Strategy<\/title>\n<meta name=\"description\" content=\"Master asset-liability management (ALM) with Command Strategy&#039;s expertise for optimal risk and performance management.\" \/>\n<meta name=\"robots\" content=\"index, follow, max-snippet:-1, max-image-preview:large, max-video-preview:-1\" \/>\n<link rel=\"canonical\" href=\"https:\/\/www.commandstrategy.com\/en\/our-expertise\/actuarial-modeling-services\/asset-and-liability-management-alm\/\" \/>\n<meta property=\"og:locale\" content=\"en_US\" \/>\n<meta property=\"og:type\" content=\"article\" \/>\n<meta property=\"og:title\" content=\"Asset and Liability Management (ALM) - Command Strategy\" \/>\n<meta property=\"og:description\" content=\"Master asset-liability management (ALM) with Command Strategy&#039;s expertise for optimal risk and performance management.\" \/>\n<meta property=\"og:url\" content=\"https:\/\/www.commandstrategy.com\/en\/our-expertise\/actuarial-modeling-services\/asset-and-liability-management-alm\/\" \/>\n<meta property=\"og:site_name\" content=\"Command Strategy\" \/>\n<meta property=\"article:modified_time\" content=\"2025-06-11T07:36:58+00:00\" \/>\n<meta name=\"twitter:card\" content=\"summary_large_image\" \/>\n<meta name=\"twitter:label1\" content=\"Est. reading time\" \/>\n\t<meta name=\"twitter:data1\" content=\"5 minutes\" \/>\n<script type=\"application\/ld+json\" class=\"yoast-schema-graph\">{\"@context\":\"https:\/\/schema.org\",\"@graph\":[{\"@type\":\"WebPage\",\"@id\":\"https:\/\/www.commandstrategy.com\/en\/our-expertise\/actuarial-modeling-services\/asset-and-liability-management-alm\/\",\"url\":\"https:\/\/www.commandstrategy.com\/en\/our-expertise\/actuarial-modeling-services\/asset-and-liability-management-alm\/\",\"name\":\"Asset and Liability Management (ALM) - Command Strategy\",\"isPartOf\":{\"@id\":\"https:\/\/www.commandstrategy.com\/en\/#website\"},\"datePublished\":\"2024-09-18T11:28:08+00:00\",\"dateModified\":\"2025-06-11T07:36:58+00:00\",\"description\":\"Master asset-liability management (ALM) with Command Strategy's expertise for optimal risk and performance management.\",\"breadcrumb\":{\"@id\":\"https:\/\/www.commandstrategy.com\/en\/our-expertise\/actuarial-modeling-services\/asset-and-liability-management-alm\/#breadcrumb\"},\"inLanguage\":\"en-US\",\"potentialAction\":[{\"@type\":\"ReadAction\",\"target\":[\"https:\/\/www.commandstrategy.com\/en\/our-expertise\/actuarial-modeling-services\/asset-and-liability-management-alm\/\"]}]},{\"@type\":\"BreadcrumbList\",\"@id\":\"https:\/\/www.commandstrategy.com\/en\/our-expertise\/actuarial-modeling-services\/asset-and-liability-management-alm\/#breadcrumb\",\"itemListElement\":[{\"@type\":\"ListItem\",\"position\":1,\"name\":\"Accueil\",\"item\":\"https:\/\/www.commandstrategy.com\/en\/\"},{\"@type\":\"ListItem\",\"position\":2,\"name\":\"Our expertise\",\"item\":\"https:\/\/www.commandstrategy.com\/en\/expertise\/\"},{\"@type\":\"ListItem\",\"position\":3,\"name\":\"Actuarial &amp; Modeling Services\",\"item\":\"https:\/\/www.commandstrategy.com\/en\/expertise\/actuarial-modeling-services\/\"},{\"@type\":\"ListItem\",\"position\":4,\"name\":\"Asset and liability management (ALM)\"}]},{\"@type\":\"WebSite\",\"@id\":\"https:\/\/www.commandstrategy.com\/en\/#website\",\"url\":\"https:\/\/www.commandstrategy.com\/en\/\",\"name\":\"Command Strategy\",\"description\":\"\",\"publisher\":{\"@id\":\"https:\/\/www.commandstrategy.com\/en\/#organization\"},\"potentialAction\":[{\"@type\":\"SearchAction\",\"target\":{\"@type\":\"EntryPoint\",\"urlTemplate\":\"https:\/\/www.commandstrategy.com\/en\/?s={search_term_string}\"},\"query-input\":{\"@type\":\"PropertyValueSpecification\",\"valueRequired\":true,\"valueName\":\"search_term_string\"}}],\"inLanguage\":\"en-US\"},{\"@type\":\"Organization\",\"@id\":\"https:\/\/www.commandstrategy.com\/en\/#organization\",\"name\":\"Command Strategy\",\"url\":\"https:\/\/www.commandstrategy.com\/en\/\",\"logo\":{\"@type\":\"ImageObject\",\"inLanguage\":\"en-US\",\"@id\":\"https:\/\/www.commandstrategy.com\/en\/#\/schema\/logo\/image\/\",\"url\":\"https:\/\/www.commandstrategy.com\/wp-content\/uploads\/2023\/10\/LogoCommandStrategy_Orange-1.jpg\",\"contentUrl\":\"https:\/\/www.commandstrategy.com\/wp-content\/uploads\/2023\/10\/LogoCommandStrategy_Orange-1.jpg\",\"width\":964,\"height\":458,\"caption\":\"Command Strategy\"},\"image\":{\"@id\":\"https:\/\/www.commandstrategy.com\/en\/#\/schema\/logo\/image\/\"}}]}<\/script>\n<!-- \/ Yoast SEO plugin. -->","yoast_head_json":{"title":"Asset and Liability Management (ALM) - Command Strategy","description":"Master asset-liability management (ALM) with Command Strategy's expertise for optimal risk and performance management.","robots":{"index":"index","follow":"follow","max-snippet":"max-snippet:-1","max-image-preview":"max-image-preview:large","max-video-preview":"max-video-preview:-1"},"canonical":"https:\/\/www.commandstrategy.com\/en\/our-expertise\/actuarial-modeling-services\/asset-and-liability-management-alm\/","og_locale":"en_US","og_type":"article","og_title":"Asset and Liability Management (ALM) - Command Strategy","og_description":"Master asset-liability management (ALM) with Command Strategy's expertise for optimal risk and performance management.","og_url":"https:\/\/www.commandstrategy.com\/en\/our-expertise\/actuarial-modeling-services\/asset-and-liability-management-alm\/","og_site_name":"Command Strategy","article_modified_time":"2025-06-11T07:36:58+00:00","twitter_card":"summary_large_image","twitter_misc":{"Est. reading time":"5 minutes"},"schema":{"@context":"https:\/\/schema.org","@graph":[{"@type":"WebPage","@id":"https:\/\/www.commandstrategy.com\/en\/our-expertise\/actuarial-modeling-services\/asset-and-liability-management-alm\/","url":"https:\/\/www.commandstrategy.com\/en\/our-expertise\/actuarial-modeling-services\/asset-and-liability-management-alm\/","name":"Asset and Liability Management (ALM) - Command Strategy","isPartOf":{"@id":"https:\/\/www.commandstrategy.com\/en\/#website"},"datePublished":"2024-09-18T11:28:08+00:00","dateModified":"2025-06-11T07:36:58+00:00","description":"Master asset-liability management (ALM) with Command Strategy's expertise for optimal risk and performance management.","breadcrumb":{"@id":"https:\/\/www.commandstrategy.com\/en\/our-expertise\/actuarial-modeling-services\/asset-and-liability-management-alm\/#breadcrumb"},"inLanguage":"en-US","potentialAction":[{"@type":"ReadAction","target":["https:\/\/www.commandstrategy.com\/en\/our-expertise\/actuarial-modeling-services\/asset-and-liability-management-alm\/"]}]},{"@type":"BreadcrumbList","@id":"https:\/\/www.commandstrategy.com\/en\/our-expertise\/actuarial-modeling-services\/asset-and-liability-management-alm\/#breadcrumb","itemListElement":[{"@type":"ListItem","position":1,"name":"Accueil","item":"https:\/\/www.commandstrategy.com\/en\/"},{"@type":"ListItem","position":2,"name":"Our expertise","item":"https:\/\/www.commandstrategy.com\/en\/expertise\/"},{"@type":"ListItem","position":3,"name":"Actuarial &amp; Modeling Services","item":"https:\/\/www.commandstrategy.com\/en\/expertise\/actuarial-modeling-services\/"},{"@type":"ListItem","position":4,"name":"Asset and liability management (ALM)"}]},{"@type":"WebSite","@id":"https:\/\/www.commandstrategy.com\/en\/#website","url":"https:\/\/www.commandstrategy.com\/en\/","name":"Command Strategy","description":"","publisher":{"@id":"https:\/\/www.commandstrategy.com\/en\/#organization"},"potentialAction":[{"@type":"SearchAction","target":{"@type":"EntryPoint","urlTemplate":"https:\/\/www.commandstrategy.com\/en\/?s={search_term_string}"},"query-input":{"@type":"PropertyValueSpecification","valueRequired":true,"valueName":"search_term_string"}}],"inLanguage":"en-US"},{"@type":"Organization","@id":"https:\/\/www.commandstrategy.com\/en\/#organization","name":"Command Strategy","url":"https:\/\/www.commandstrategy.com\/en\/","logo":{"@type":"ImageObject","inLanguage":"en-US","@id":"https:\/\/www.commandstrategy.com\/en\/#\/schema\/logo\/image\/","url":"https:\/\/www.commandstrategy.com\/wp-content\/uploads\/2023\/10\/LogoCommandStrategy_Orange-1.jpg","contentUrl":"https:\/\/www.commandstrategy.com\/wp-content\/uploads\/2023\/10\/LogoCommandStrategy_Orange-1.jpg","width":964,"height":458,"caption":"Command Strategy"},"image":{"@id":"https:\/\/www.commandstrategy.com\/en\/#\/schema\/logo\/image\/"}}]}},"rttpg_featured_image_url":null,"rttpg_author":{"display_name":"Tidia YETTOU","author_link":"https:\/\/www.commandstrategy.com\/en\/author\/cmds\/"},"rttpg_comment":0,"rttpg_category":false,"rttpg_excerpt":"[vc_row bg_gradient_direction=&#8221;0&#8243; thb_divider_position=&#8221;bottom&#8221; css=&#8221;.vc_custom_1730730390732{background: #000000 url(https:\/\/www.commandstrategy.com\/wp-content\/uploads\/2024\/10\/AdobeStock_676223690-scaled.jpeg?id=1904) !important;background-position: center !important;background-repeat: no-repeat !important;background-size: cover !important;}&#8221; el_class=&#8221;section&#8221; bg_gradient1=&#8221;rgba(0,0,0,0)&#8221; bg_gradient2=&#8221;rgba(0,0,0,0.31)&#8221;][vc_column css=&#8221;.vc_custom_1715255878000{padding-top: 6% !important;padding-bottom: 1% !important;}&#8221;][vc_row_inner][vc_column_inner][vc_column_text el_class=&#8221;light&#8221; css=&#8221;.vc_custom_1726658844227{padding-top: 30px !important;padding-bottom:&hellip;","_links":{"self":[{"href":"https:\/\/www.commandstrategy.com\/en\/wp-json\/wp\/v2\/pages\/4597","targetHints":{"allow":["GET"]}}],"collection":[{"href":"https:\/\/www.commandstrategy.com\/en\/wp-json\/wp\/v2\/pages"}],"about":[{"href":"https:\/\/www.commandstrategy.com\/en\/wp-json\/wp\/v2\/types\/page"}],"author":[{"embeddable":true,"href":"https:\/\/www.commandstrategy.com\/en\/wp-json\/wp\/v2\/users\/2"}],"replies":[{"embeddable":true,"href":"https:\/\/www.commandstrategy.com\/en\/wp-json\/wp\/v2\/comments?post=4597"}],"version-history":[{"count":3,"href":"https:\/\/www.commandstrategy.com\/en\/wp-json\/wp\/v2\/pages\/4597\/revisions"}],"predecessor-version":[{"id":4600,"href":"https:\/\/www.commandstrategy.com\/en\/wp-json\/wp\/v2\/pages\/4597\/revisions\/4600"}],"up":[{"embeddable":true,"href":"https:\/\/www.commandstrategy.com\/en\/wp-json\/wp\/v2\/pages\/5282"}],"wp:attachment":[{"href":"https:\/\/www.commandstrategy.com\/en\/wp-json\/wp\/v2\/media?parent=4597"}],"curies":[{"name":"wp","href":"https:\/\/api.w.org\/{rel}","templated":true}]}}